{"id":90,"date":"2024-02-07T10:40:41","date_gmt":"2024-02-07T08:40:41","guid":{"rendered":"https:\/\/zinasnofpris.pmlp.gov.lv\/?page_id=90"},"modified":"2024-04-26T18:42:44","modified_gmt":"2024-04-26T15:42:44","slug":"pieprasito-zinu-sanemsanas-veids-01-2-2-2","status":"publish","type":"page","link":"https:\/\/zinasnofpris.pmlp.gov.lv\/?page_id=90","title":{"rendered":"Piepras\u012bto zi\u0146u sa\u0146em\u0161anas veids 04"},"content":{"rendered":"<section  class='av_textblock_section av-71wku-7635a55545a62969d870fc3038343a90 '   itemscope=\"itemscope\" itemtype=\"https:\/\/schema.org\/CreativeWork\" ><div class='avia_textblock'  itemprop=\"text\" ><p>PIEPRAS\u012aTO ZI\u0145U SA\u0145EM\u0160ANAS VEIDS<\/p>\n<\/div><\/section>\n<div  class='avia-buttonrow-wrap av-6hv7e-ccfceff29736a4c6ea40af557e3de27b avia-buttonrow-left  avia-builder-el-1  el_after_av_textblock  el_before_av_hr '>\n\n<style type=\"text\/css\" data-created_by=\"avia_inline_auto\" id=\"style-css-av-5k7sa-272d69798807ecbc6075db1a9e695bde\">\n#top #wrap_all .avia-button.av-5k7sa-272d69798807ecbc6075db1a9e695bde{\nmargin-bottom:5px;\nmargin-right:5px;\n}\n<\/style>\n<a href='https:\/\/zinasnofpris.pmlp.gov.lv\/'  class='avia-button av-5k7sa-272d69798807ecbc6075db1a9e695bde avia-icon_select-yes-right-icon avia-size-small avia-color-theme-color'   aria-label=\"S\u0100KUMS\"><span class='avia_iconbox_title' >S\u0100KUMS<\/span><span class='avia_button_icon avia_button_icon_right avia-iconfont avia-font-entypo-fontello' data-av_icon='\ue87d' data-av_iconfont='entypo-fontello' ><\/span><\/a>\n\n<style type=\"text\/css\" data-created_by=\"avia_inline_auto\" id=\"style-css-av-58wge-26c7fbd5181979cad3173c529a39c1c5\">\n#top #wrap_all .avia-button.av-58wge-26c7fbd5181979cad3173c529a39c1c5{\nmargin-bottom:5px;\nmargin-right:5px;\n}\n<\/style>\n<a href='https:\/\/zinasnofpris.pmlp.gov.lv\/?page_id=55'  class='avia-button av-58wge-26c7fbd5181979cad3173c529a39c1c5 avia-icon_select-yes-right-icon avia-size-small avia-color-theme-color'   aria-label=\"IZZI\u0145A\"><span class='avia_iconbox_title' >IZZI\u0145A<\/span><span class='avia_button_icon avia_button_icon_right avia-iconfont avia-font-entypo-fontello' data-av_icon='\ue87d' data-av_iconfont='entypo-fontello' ><\/span><\/a>\n\n<style type=\"text\/css\" data-created_by=\"avia_inline_auto\" id=\"style-css-av-4rdtm-09637cfacc9e580dcc91857f84eb1514\">\n#top #wrap_all .avia-button.av-4rdtm-09637cfacc9e580dcc91857f84eb1514{\nmargin-bottom:5px;\nmargin-right:5px;\n}\n<\/style>\n<a href='https:\/\/zinasnofpris.pmlp.gov.lv\/?page_id=72'  class='avia-button av-4rdtm-09637cfacc9e580dcc91857f84eb1514 avia-icon_select-yes-right-icon avia-size-small avia-color-theme-color'   aria-label=\"K\u0100 IESNIEGT\"><span class='avia_iconbox_title' >K\u0100 IESNIEGT<\/span><span class='avia_button_icon avia_button_icon_right avia-iconfont avia-font-entypo-fontello' data-av_icon='\ue87d' data-av_iconfont='entypo-fontello' ><\/span><\/a>\n\n<style type=\"text\/css\" data-created_by=\"avia_inline_auto\" id=\"style-css-av-efo2-260030cf74e214fdca744e6490ff5644\">\n#top #wrap_all .avia-button.av-efo2-260030cf74e214fdca744e6490ff5644{\nbackground-color:#9dcf62;\nborder-color:#9dcf62;\ncolor:#ffffff;\ntransition:all 0.4s ease-in-out;\nmargin-bottom:5px;\nmargin-right:5px;\n}\n#top #wrap_all .avia-button.av-efo2-260030cf74e214fdca744e6490ff5644 .avia-svg-icon svg:first-child{\nfill:#ffffff;\nstroke:#ffffff;\n}\n<\/style>\n<a href='#'  class='avia-button av-efo2-260030cf74e214fdca744e6490ff5644 avia-icon_select-no avia-size-small'   aria-label=\"SA\u0145EM\u0160ANA\"><span class='avia_iconbox_title' >SA\u0145EM\u0160ANA<\/span><\/a>\n<\/div>\n\n<style type=\"text\/css\" data-created_by=\"avia_inline_auto\" id=\"style-css-av-3bhgi-f833367b18736b9294bba53e1c27a7ae\">\n#top .hr.hr-invisible.av-3bhgi-f833367b18736b9294bba53e1c27a7ae{\nheight:50px;\n}\n<\/style>\n<div  class='hr av-3bhgi-f833367b18736b9294bba53e1c27a7ae hr-invisible  avia-builder-el-2  el_after_av_buttonrow  el_before_av_iconlist '><span class='hr-inner '><span class=\"hr-inner-style\"><\/span><\/span><\/div>\n\n<style type=\"text\/css\" data-created_by=\"avia_inline_auto\" id=\"style-css-av-av_iconlist-4de58662f6707372709dc5fe1af8ac69\">\n#top .avia-icon-list-container.av-av_iconlist-4de58662f6707372709dc5fe1af8ac69 .iconlist_icon{\ncolor:#be4e2b;\nbackground-color:#ffffff;\n}\n#top .avia-icon-list-container.av-av_iconlist-4de58662f6707372709dc5fe1af8ac69 .iconlist_icon svg:first-child{\nstroke:#be4e2b;\nfill:#be4e2b;\n}\n<\/style>\n<div  class='avia-icon-list-container av-av_iconlist-4de58662f6707372709dc5fe1af8ac69  avia-builder-el-3  el_after_av_hr  el_before_av_iconlist  eadrese'><ul class='avia-icon-list avia_animate_when_almost_visible avia-icon-list-left av-iconlist-big av-av_iconlist-4de58662f6707372709dc5fe1af8ac69 avia-iconlist-animate'>\n<li><a href='https:\/\/latvija.gov.lv\/Content\/Eadrese' title='Elektroniski, ofici\u0101laj\u0101 elektroniskaj\u0101 adres\u0113 (eAdrese);'  target=\"_blank\"  rel=\"noopener noreferrer\" class='iconlist_icon av-av_iconlist_item-a130a0c1911a67901c49622605ebb5ab avia-font-fpris-icons avia-iconfont avia-font-fpris-icons'><span class='av-icon-char' data-av_icon='\ue800' data-av_iconfont='fpris-icons' aria-hidden=\"true\"><\/span><\/a><article class=\"article-icon-entry av-iconlist-empty\"  itemscope=\"itemscope\" itemtype=\"https:\/\/schema.org\/CreativeWork\" ><div class=\"iconlist_content_wrap\"><header class=\"entry-content-header\" aria-label=\"Icon: &lt;a href=&#039;https:\/\/latvija.gov.lv\/Content\/Eadrese&#039; title=&#039;Elektroniski, ofici\u0101laj\u0101 elektroniskaj\u0101 adres\u0113 (eAdrese);&#039; target=&quot;_blank&quot;  rel=&quot;noopener noreferrer&quot;&gt;Elektroniski, ofici\u0101laj\u0101 elektroniskaj\u0101 adres\u0113 (eAdrese);&lt;\/a&gt;\"><h4 class='av_iconlist_title iconlist_title  '  itemprop=\"headline\" ><a href='https:\/\/latvija.gov.lv\/Content\/Eadrese' title='Elektroniski, ofici\u0101laj\u0101 elektroniskaj\u0101 adres\u0113 (eAdrese);' target=\"_blank\"  rel=\"noopener noreferrer\">Elektroniski, ofici\u0101laj\u0101 elektroniskaj\u0101 adres\u0113 (eAdrese);<\/a><\/h4><\/header><div class='iconlist_content '  itemprop=\"text\" ><\/div><\/div><footer class=\"entry-footer\"><\/footer><\/article><div class=\"iconlist-timeline\"><\/div><\/li>\n<\/ul><\/div>\n\n<style type=\"text\/css\" data-created_by=\"avia_inline_auto\" id=\"style-css-av-lsm1mmqo-df792fea3352e2fd0178c21f78af9b5a\">\n#top .avia-icon-list-container.av-lsm1mmqo-df792fea3352e2fd0178c21f78af9b5a .iconlist_icon{\nbackground-color:#9dcf62;\n}\n<\/style>\n<div  class='avia-icon-list-container av-lsm1mmqo-df792fea3352e2fd0178c21f78af9b5a  avia-builder-el-4  el_after_av_iconlist  el_before_av_textblock  saites-fpr'><ul class='avia-icon-list avia_animate_when_almost_visible avia-icon-list-left av-iconlist-big av-lsm1mmqo-df792fea3352e2fd0178c21f78af9b5a avia-iconlist-animate'>\n<li><div class='iconlist_icon av-av_iconlist_item-af96f9b5c5a64728aab90ffd24508688 avia-font-entypo-fontello avia-iconfont avia-font-entypo-fontello'><span class='av-icon-char' data-av_icon='\ue805' data-av_iconfont='entypo-fontello' aria-hidden=\"true\"><\/span><\/div><article class=\"article-icon-entry av-iconlist-empty\"  itemscope=\"itemscope\" itemtype=\"https:\/\/schema.org\/CreativeWork\" ><div class=\"iconlist_content_wrap\"><header class=\"entry-content-header\" aria-label=\"Icon: Elektroniski, nos\u016btot uz elektronisk\u0101 pasta adresi (e-pastu), iev\u0113rojot datu aizsardz\u012bbas pras\u012bbas dro\u0161ai datu p\u0101rraidei t\u012bmekl\u012b;\"><h4 class='av_iconlist_title iconlist_title  '  itemprop=\"headline\" >Elektroniski, nos\u016btot uz elektronisk\u0101 pasta adresi (e-pastu), iev\u0113rojot datu aizsardz\u012bbas pras\u012bbas dro\u0161ai datu p\u0101rraidei t\u012bmekl\u012b;<\/h4><\/header><div class='iconlist_content '  itemprop=\"text\" ><\/div><\/div><footer class=\"entry-footer\"><\/footer><\/article><div class=\"iconlist-timeline\"><\/div><\/li>\n<li><div class='iconlist_icon av-lsm1l0ub-d114901d8f154f06ea7e417b8517bc1c avia-font-entypo-fontello avia-iconfont avia-font-entypo-fontello'><span class='av-icon-char' data-av_icon='\ue821' data-av_iconfont='entypo-fontello' aria-hidden=\"true\"><\/span><\/div><article class=\"article-icon-entry av-iconlist-empty\"  itemscope=\"itemscope\" itemtype=\"https:\/\/schema.org\/CreativeWork\" ><div class=\"iconlist_content_wrap\"><header class=\"entry-content-header\" aria-label=\"Icon: Pap\u012bra form\u0101 pa pastu ierakst\u012bt\u0101 pasta s\u016bt\u012bjuma veid\u0101 uz piepras\u012bjum\u0101 nor\u0101d\u012bto vai Fizisko personu re\u0123istr\u0101 iek\u013cauto deklar\u0113to, re\u0123istr\u0113to vai nor\u0101d\u012bto dz\u012bvesvietas adresi;*\"><h4 class='av_iconlist_title iconlist_title  '  itemprop=\"headline\" >Pap\u012bra form\u0101 pa pastu ierakst\u012bt\u0101 pasta s\u016bt\u012bjuma veid\u0101 uz piepras\u012bjum\u0101 nor\u0101d\u012bto vai Fizisko personu re\u0123istr\u0101 iek\u013cauto deklar\u0113to, re\u0123istr\u0113to vai nor\u0101d\u012bto dz\u012bvesvietas adresi;*<\/h4><\/header><div class='iconlist_content '  itemprop=\"text\" ><\/div><\/div><footer class=\"entry-footer\"><\/footer><\/article><div class=\"iconlist-timeline\"><\/div><\/li>\n<li><a href='https:\/\/www.pmlp.gov.lv\/lv\/filiales' title='Kl\u0101tien\u0113 PMLP teritori\u0101laj\u0101 noda\u013c\u0101 zi\u0146u piepras\u012b\u0161anai un sa\u0146em\u0161anai 2 stundu laik\u0101 (vien\u0101 apmekl\u0113juma reiz\u0113).'  target=\"_blank\"  rel=\"noopener noreferrer\" class='iconlist_icon av-lsm1kss3-08bccc2db2b0348fb8ff54531404ec0b avia-font-entypo-fontello avia-iconfont avia-font-entypo-fontello'><span class='av-icon-char' data-av_icon='\ue80b' data-av_iconfont='entypo-fontello' aria-hidden=\"true\"><\/span><\/a><article class=\"article-icon-entry av-iconlist-empty\"  itemscope=\"itemscope\" itemtype=\"https:\/\/schema.org\/CreativeWork\" ><div class=\"iconlist_content_wrap\"><header class=\"entry-content-header\" aria-label=\"Icon: &lt;a href=&#039;https:\/\/www.pmlp.gov.lv\/lv\/filiales&#039; title=&#039;Kl\u0101tien\u0113 PMLP teritori\u0101laj\u0101 noda\u013c\u0101 zi\u0146u piepras\u012b\u0161anai un sa\u0146em\u0161anai 2 stundu laik\u0101 (vien\u0101 apmekl\u0113juma reiz\u0113).&#039; target=&quot;_blank&quot;  rel=&quot;noopener noreferrer&quot;&gt;Kl\u0101tien\u0113 PMLP teritori\u0101laj\u0101 noda\u013c\u0101 zi\u0146u piepras\u012b\u0161anai un sa\u0146em\u0161anai 2 stundu laik\u0101 (vien\u0101 apmekl\u0113juma reiz\u0113).&lt;\/a&gt;\"><h4 class='av_iconlist_title iconlist_title  '  itemprop=\"headline\" ><a href='https:\/\/www.pmlp.gov.lv\/lv\/filiales' title='Kl\u0101tien\u0113 PMLP teritori\u0101laj\u0101 noda\u013c\u0101 zi\u0146u piepras\u012b\u0161anai un sa\u0146em\u0161anai 2 stundu laik\u0101 (vien\u0101 apmekl\u0113juma reiz\u0113).' target=\"_blank\"  rel=\"noopener noreferrer\">Kl\u0101tien\u0113 PMLP teritori\u0101laj\u0101 noda\u013c\u0101 zi\u0146u piepras\u012b\u0161anai un sa\u0146em\u0161anai 2 stundu laik\u0101 (vien\u0101 apmekl\u0113juma reiz\u0113).<\/a><\/h4><\/header><div class='iconlist_content '  itemprop=\"text\" ><\/div><\/div><footer class=\"entry-footer\"><\/footer><\/article><div class=\"iconlist-timeline\"><\/div><\/li>\n<\/ul><\/div>\n<section  class='av_textblock_section av-av_textblock-d5e3af714419ca60642e11dbecf0ad5c '   itemscope=\"itemscope\" itemtype=\"https:\/\/schema.org\/CreativeWork\" ><div class='avia_textblock saites-fpr'  itemprop=\"text\" ><blockquote>\n<p>* Par izzi\u0146as nos\u016bt\u012b\u0161anu pa pastu tiek piem\u0113rota maksas pamalpojuma maksa saska\u0146\u0101 ar Ministru kabineta 2023. gada 12. septembra noteikumu Nr. 515 <a href=\"https:\/\/www.pmlp.gov.lv\/lv\/maksas-pakalpojumu-cenradis\" target=\"_blank\" rel=\"noopener\">\u201cPilson\u012bbas un migr\u0101cijas lietu p\u0101rvaldes maksas pakalpojumu cenr\u0101dis\u201d<\/a> pielikuma 12. punktu;<\/p>\n<\/blockquote>\n<p>Valsts nodevas apm\u0113rs par zi\u0146u sa\u0146em\u0161anu no Fizisko personu re\u0123istra saska\u0146\u0101 ar Ministru kabineta 2021.gada 6.j\u016blija noteikumiem Nr.485 &#8220;Noteikumi par valsts nodevu par inform\u0101cijas sa\u0146em\u0161anu no Fizisko personu re\u0123istra&#8221; tiek noteikts p\u0113c piepras\u012bjuma sa\u0146em\u0161anas. K\u0101 ar\u012b maksas pakalpojuma apm\u0113rs par izzi\u0146as nos\u016bt\u012b\u0161anu pa pastu ieraskt\u012bt\u0101 pasta s\u016bt\u012bjuma veid\u0101 saska\u0146\u0101 ar PMLP maksas pakalpojumu cenr\u0101di tiek noteikts p\u0113c piepras\u012bjuma sa\u0146em\u0161anas.<br \/>\nPla\u0161\u0101ka inform\u0101cija pieejama \u0161eit: <a href=\"https:\/\/www.pmlp.gov.lv\/lv\/valsts-nodeva-par-informacijas-sanemsanu-no-fizisko-personu-registra\" target=\"_blank\" rel=\"noopener\">https:\/\/www.pmlp.gov.lv\/lv\/valsts-nodeva-par-informacijas-sanemsanu-no-fizisko-personu-registra<\/a><\/p>\n<\/div><\/section>\n<div  class='avia-button-wrap av-zwia-862565fc26ff3a44a4cfc7d957196f98-wrap avia-button-left  avia-builder-el-6  el_after_av_textblock  avia-builder-el-last '>\n<style type=\"text\/css\" data-created_by=\"avia_inline_auto\" id=\"style-css-av-zwia-862565fc26ff3a44a4cfc7d957196f98\">\n#top #wrap_all .avia-button.av-zwia-862565fc26ff3a44a4cfc7d957196f98{\nbackground-color:#9dcf62;\nborder-color:#9dcf62;\ncolor:#ffffff;\ntransition:all 0.4s ease-in-out;\n}\n#top #wrap_all .avia-button.av-zwia-862565fc26ff3a44a4cfc7d957196f98 .avia-svg-icon svg:first-child{\nfill:#ffffff;\nstroke:#ffffff;\n}\n<\/style>\n<a href='https:\/\/zinasnofpris.pmlp.gov.lv\/'  class='avia-button av-zwia-862565fc26ff3a44a4cfc7d957196f98 av-link-btn avia-icon_select-yes-left-icon avia-size-small avia-position-left'   aria-label=\"UZ S\u0100KUMU\"><span class='avia_button_icon avia_button_icon_left avia-iconfont avia-font-entypo-fontello' data-av_icon='\ue87c' data-av_iconfont='entypo-fontello' ><\/span><span class='avia_iconbox_title' >UZ S\u0100KUMU<\/span><\/a><\/div>\n","protected":false},"excerpt":{"rendered":"","protected":false},"author":1,"featured_media":0,"parent":72,"menu_order":3,"comment_status":"closed","ping_status":"closed","template":"","meta":{"inline_featured_image":false,"footnotes":""},"class_list":["post-90","page","type-page","status-publish","hentry"],"_links":{"self":[{"href":"https:\/\/zinasnofpris.pmlp.gov.lv\/index.php?rest_route=\/wp\/v2\/pages\/90","targetHints":{"allow":["GET"]}}],"collection":[{"href":"https:\/\/zinasnofpris.pmlp.gov.lv\/index.php?rest_route=\/wp\/v2\/pages"}],"about":[{"href":"https:\/\/zinasnofpris.pmlp.gov.lv\/index.php?rest_route=\/wp\/v2\/types\/page"}],"author":[{"embeddable":true,"href":"https:\/\/zinasnofpris.pmlp.gov.lv\/index.php?rest_route=\/wp\/v2\/users\/1"}],"replies":[{"embeddable":true,"href":"https:\/\/zinasnofpris.pmlp.gov.lv\/index.php?rest_route=%2Fwp%2Fv2%2Fcomments&post=90"}],"version-history":[{"count":5,"href":"https:\/\/zinasnofpris.pmlp.gov.lv\/index.php?rest_route=\/wp\/v2\/pages\/90\/revisions"}],"predecessor-version":[{"id":638,"href":"https:\/\/zinasnofpris.pmlp.gov.lv\/index.php?rest_route=\/wp\/v2\/pages\/90\/revisions\/638"}],"up":[{"embeddable":true,"href":"https:\/\/zinasnofpris.pmlp.gov.lv\/index.php?rest_route=\/wp\/v2\/pages\/72"}],"wp:attachment":[{"href":"https:\/\/zinasnofpris.pmlp.gov.lv\/index.php?rest_route=%2Fwp%2Fv2%2Fmedia&parent=90"}],"curies":[{"name":"wp","href":"https:\/\/api.w.org\/{rel}","templated":true}]}}