{"id":88,"date":"2024-02-07T10:39:53","date_gmt":"2024-02-07T08:39:53","guid":{"rendered":"https:\/\/zinasnofpris.pmlp.gov.lv\/?page_id=88"},"modified":"2024-04-25T09:21:26","modified_gmt":"2024-04-25T06:21:26","slug":"pieprasito-zinu-sanemsanas-veids-01-2-2","status":"publish","type":"page","link":"https:\/\/zinasnofpris.pmlp.gov.lv\/?page_id=88","title":{"rendered":"Piepras\u012bto zi\u0146u sa\u0146em\u0161anas veids 03"},"content":{"rendered":"<section  class='av_textblock_section av-6d72k-99381f3844c75aed6707b445c5db566c '   itemscope=\"itemscope\" itemtype=\"https:\/\/schema.org\/CreativeWork\" ><div class='avia_textblock'  itemprop=\"text\" ><p>PIEPRAS\u012aTO ZI\u0145U SA\u0145EM\u0160ANAS VEIDS<\/p>\n<\/div><\/section>\n<div  class='avia-buttonrow-wrap av-5hcjk-d8504c730c6f3e822665258abcbebad6 avia-buttonrow-left  avia-builder-el-1  el_after_av_textblock  el_before_av_hr '>\n\n<style type=\"text\/css\" data-created_by=\"avia_inline_auto\" id=\"style-css-av-52v3c-98426455ffa8deef34c2c77054363e5f\">\n#top #wrap_all .avia-button.av-52v3c-98426455ffa8deef34c2c77054363e5f{\nmargin-bottom:5px;\nmargin-right:5px;\n}\n<\/style>\n<a href='https:\/\/zinasnofpris.pmlp.gov.lv\/'  class='avia-button av-52v3c-98426455ffa8deef34c2c77054363e5f avia-icon_select-yes-right-icon avia-size-small avia-color-theme-color'   aria-label=\"S\u0100KUMS\"><span class='avia_iconbox_title' >S\u0100KUMS<\/span><span class='avia_button_icon avia_button_icon_right avia-iconfont avia-font-entypo-fontello' data-av_icon='\ue87d' data-av_iconfont='entypo-fontello' ><\/span><\/a>\n\n<style type=\"text\/css\" data-created_by=\"avia_inline_auto\" id=\"style-css-av-4qzs0-5b4acca9c69b582ec23c468953546f65\">\n#top #wrap_all .avia-button.av-4qzs0-5b4acca9c69b582ec23c468953546f65{\nmargin-bottom:5px;\nmargin-right:5px;\n}\n<\/style>\n<a href='https:\/\/zinasnofpris.pmlp.gov.lv\/?page_id=55'  class='avia-button av-4qzs0-5b4acca9c69b582ec23c468953546f65 avia-icon_select-yes-right-icon avia-size-small avia-color-theme-color'   aria-label=\"IZZI\u0145A\"><span class='avia_iconbox_title' >IZZI\u0145A<\/span><span class='avia_button_icon avia_button_icon_right avia-iconfont avia-font-entypo-fontello' data-av_icon='\ue87d' data-av_iconfont='entypo-fontello' ><\/span><\/a>\n\n<style type=\"text\/css\" data-created_by=\"avia_inline_auto\" id=\"style-css-av-3u47o-b9328b563fe140bcc3aa921c0ea5eee3\">\n#top #wrap_all .avia-button.av-3u47o-b9328b563fe140bcc3aa921c0ea5eee3{\nmargin-bottom:5px;\nmargin-right:5px;\n}\n<\/style>\n<a href='https:\/\/zinasnofpris.pmlp.gov.lv\/?page_id=72'  class='avia-button av-3u47o-b9328b563fe140bcc3aa921c0ea5eee3 avia-icon_select-yes-right-icon avia-size-small avia-color-theme-color'   aria-label=\"K\u0100 IESNIEGT\"><span class='avia_iconbox_title' >K\u0100 IESNIEGT<\/span><span class='avia_button_icon avia_button_icon_right avia-iconfont avia-font-entypo-fontello' data-av_icon='\ue87d' data-av_iconfont='entypo-fontello' ><\/span><\/a>\n\n<style type=\"text\/css\" data-created_by=\"avia_inline_auto\" id=\"style-css-av-39qf0-31e6a16255e1b73595e3086705e2931f\">\n#top #wrap_all .avia-button.av-39qf0-31e6a16255e1b73595e3086705e2931f{\nbackground-color:#9dcf62;\nborder-color:#9dcf62;\ncolor:#ffffff;\ntransition:all 0.4s ease-in-out;\nmargin-bottom:5px;\nmargin-right:5px;\n}\n#top #wrap_all .avia-button.av-39qf0-31e6a16255e1b73595e3086705e2931f .avia-svg-icon svg:first-child{\nfill:#ffffff;\nstroke:#ffffff;\n}\n<\/style>\n<a href='#'  class='avia-button av-39qf0-31e6a16255e1b73595e3086705e2931f avia-icon_select-no avia-size-small'   aria-label=\"SA\u0145EM\u0160ANA\"><span class='avia_iconbox_title' >SA\u0145EM\u0160ANA<\/span><\/a>\n<\/div>\n\n<style type=\"text\/css\" data-created_by=\"avia_inline_auto\" id=\"style-css-av-2id5k-5f6585ea8a54ac1c5b7d3b524e3884b2\">\n#top .hr.hr-invisible.av-2id5k-5f6585ea8a54ac1c5b7d3b524e3884b2{\nheight:50px;\n}\n<\/style>\n<div  class='hr av-2id5k-5f6585ea8a54ac1c5b7d3b524e3884b2 hr-invisible  avia-builder-el-2  el_after_av_buttonrow  el_before_av_iconlist '><span class='hr-inner '><span class=\"hr-inner-style\"><\/span><\/span><\/div>\n\n<style type=\"text\/css\" data-created_by=\"avia_inline_auto\" id=\"style-css-av-lsm1hnz6-4245c414490cd06c1eb3c12b3b112764\">\n#top .avia-icon-list-container.av-lsm1hnz6-4245c414490cd06c1eb3c12b3b112764 .iconlist_icon{\nbackground-color:#9dcf62;\n}\n<\/style>\n<div  class='avia-icon-list-container av-lsm1hnz6-4245c414490cd06c1eb3c12b3b112764  avia-builder-el-3  el_after_av_hr  el_before_av_textblock  saites-fpr'><ul class='avia-icon-list avia_animate_when_almost_visible avia-icon-list-left av-iconlist-big av-lsm1hnz6-4245c414490cd06c1eb3c12b3b112764 avia-iconlist-animate'>\n<li><div class='iconlist_icon av-av_iconlist_item-dec06f81cf1907cb499e361a6aa0bba2 avia-font-entypo-fontello avia-iconfont avia-font-entypo-fontello'><span class='av-icon-char' data-av_icon='\ue821' data-av_iconfont='entypo-fontello' aria-hidden=\"true\"><\/span><\/div><article class=\"article-icon-entry av-iconlist-empty\"  itemscope=\"itemscope\" itemtype=\"https:\/\/schema.org\/CreativeWork\" ><div class=\"iconlist_content_wrap\"><header class=\"entry-content-header\" aria-label=\"Icon: Pap\u012bra form\u0101 pa pastu ierakst\u012bt\u0101 pasta s\u016bt\u012bjuma veid\u0101 uz piepras\u012bjum\u0101 nor\u0101d\u012bto vai Fizisko personu re\u0123istr\u0101 iek\u013cauto deklar\u0113to, re\u0123istr\u0113to vai nor\u0101d\u012bto dz\u012bvesvietas adresi.*\"><h4 class='av_iconlist_title iconlist_title  '  itemprop=\"headline\" >Pap\u012bra form\u0101 pa pastu ierakst\u012bt\u0101 pasta s\u016bt\u012bjuma veid\u0101 uz piepras\u012bjum\u0101 nor\u0101d\u012bto vai Fizisko personu re\u0123istr\u0101 iek\u013cauto deklar\u0113to, re\u0123istr\u0113to vai nor\u0101d\u012bto dz\u012bvesvietas adresi.*<\/h4><\/header><div class='iconlist_content '  itemprop=\"text\" ><\/div><\/div><footer class=\"entry-footer\"><\/footer><\/article><div class=\"iconlist-timeline\"><\/div><\/li>\n<\/ul><\/div>\n<section  class='av_textblock_section av-av_textblock-d5e3af714419ca60642e11dbecf0ad5c '   itemscope=\"itemscope\" itemtype=\"https:\/\/schema.org\/CreativeWork\" ><div class='avia_textblock saites-fpr'  itemprop=\"text\" ><blockquote>\n<p>* Par izzi\u0146as nos\u016bt\u012b\u0161anu pa pastu tiek piem\u0113rota maksas pamalpojuma maksa saska\u0146\u0101 ar Ministru kabineta 2023. gada 12. septembra noteikumu Nr. 515 <a href=\"https:\/\/www.pmlp.gov.lv\/lv\/maksas-pakalpojumu-cenradis\" target=\"_blank\" rel=\"noopener\">\u201cPilson\u012bbas un migr\u0101cijas lietu p\u0101rvaldes maksas pakalpojumu cenr\u0101dis\u201d<\/a> pielikuma 12. punktu;<\/p>\n<\/blockquote>\n<p>Valsts nodevas apm\u0113rs par zi\u0146u sa\u0146em\u0161anu no Fizisko personu re\u0123istra saska\u0146\u0101 ar Ministru kabineta 2021.gada 6.j\u016blija noteikumiem Nr.485 &#8220;Noteikumi par valsts nodevu par inform\u0101cijas sa\u0146em\u0161anu no Fizisko personu re\u0123istra&#8221; tiek noteikts p\u0113c piepras\u012bjuma sa\u0146em\u0161anas. K\u0101 ar\u012b maksas pakalpojuma apm\u0113rs par izzi\u0146as nos\u016bt\u012b\u0161anu pa pastu ieraskt\u012bt\u0101 pasta s\u016bt\u012bjuma veid\u0101 saska\u0146\u0101 ar PMLP maksas pakalpojumu cenr\u0101di tiek noteikts p\u0113c piepras\u012bjuma sa\u0146em\u0161anas.<br \/>\nPla\u0161\u0101ka inform\u0101cija pieejama \u0161eit: <a href=\"https:\/\/www.pmlp.gov.lv\/lv\/valsts-nodeva-par-informacijas-sanemsanu-no-fizisko-personu-registra\" target=\"_blank\" rel=\"noopener\">https:\/\/www.pmlp.gov.lv\/lv\/valsts-nodeva-par-informacijas-sanemsanu-no-fizisko-personu-registra<\/a><\/p>\n<\/div><\/section>\n<div  class='avia-button-wrap av-tn1k-cd5ea19206748cd370adb6d32cae146e-wrap avia-button-left  avia-builder-el-5  el_after_av_textblock  avia-builder-el-last '>\n<style type=\"text\/css\" data-created_by=\"avia_inline_auto\" id=\"style-css-av-tn1k-cd5ea19206748cd370adb6d32cae146e\">\n#top #wrap_all .avia-button.av-tn1k-cd5ea19206748cd370adb6d32cae146e{\nbackground-color:#9dcf62;\nborder-color:#9dcf62;\ncolor:#ffffff;\ntransition:all 0.4s ease-in-out;\n}\n#top #wrap_all .avia-button.av-tn1k-cd5ea19206748cd370adb6d32cae146e .avia-svg-icon svg:first-child{\nfill:#ffffff;\nstroke:#ffffff;\n}\n<\/style>\n<a href='https:\/\/zinasnofpris.pmlp.gov.lv\/'  class='avia-button av-tn1k-cd5ea19206748cd370adb6d32cae146e av-link-btn avia-icon_select-yes-left-icon avia-size-small avia-position-left'   aria-label=\"UZ S\u0100KUMU\"><span class='avia_button_icon avia_button_icon_left avia-iconfont avia-font-entypo-fontello' data-av_icon='\ue87c' data-av_iconfont='entypo-fontello' ><\/span><span class='avia_iconbox_title' >UZ S\u0100KUMU<\/span><\/a><\/div>\n","protected":false},"excerpt":{"rendered":"","protected":false},"author":1,"featured_media":0,"parent":72,"menu_order":2,"comment_status":"closed","ping_status":"closed","template":"","meta":{"inline_featured_image":false,"footnotes":""},"class_list":["post-88","page","type-page","status-publish","hentry"],"_links":{"self":[{"href":"https:\/\/zinasnofpris.pmlp.gov.lv\/index.php?rest_route=\/wp\/v2\/pages\/88","targetHints":{"allow":["GET"]}}],"collection":[{"href":"https:\/\/zinasnofpris.pmlp.gov.lv\/index.php?rest_route=\/wp\/v2\/pages"}],"about":[{"href":"https:\/\/zinasnofpris.pmlp.gov.lv\/index.php?rest_route=\/wp\/v2\/types\/page"}],"author":[{"embeddable":true,"href":"https:\/\/zinasnofpris.pmlp.gov.lv\/index.php?rest_route=\/wp\/v2\/users\/1"}],"replies":[{"embeddable":true,"href":"https:\/\/zinasnofpris.pmlp.gov.lv\/index.php?rest_route=%2Fwp%2Fv2%2Fcomments&post=88"}],"version-history":[{"count":3,"href":"https:\/\/zinasnofpris.pmlp.gov.lv\/index.php?rest_route=\/wp\/v2\/pages\/88\/revisions"}],"predecessor-version":[{"id":163,"href":"https:\/\/zinasnofpris.pmlp.gov.lv\/index.php?rest_route=\/wp\/v2\/pages\/88\/revisions\/163"}],"up":[{"embeddable":true,"href":"https:\/\/zinasnofpris.pmlp.gov.lv\/index.php?rest_route=\/wp\/v2\/pages\/72"}],"wp:attachment":[{"href":"https:\/\/zinasnofpris.pmlp.gov.lv\/index.php?rest_route=%2Fwp%2Fv2%2Fmedia&parent=88"}],"curies":[{"name":"wp","href":"https:\/\/api.w.org\/{rel}","templated":true}]}}