{"id":61,"date":"2024-02-06T12:05:04","date_gmt":"2024-02-06T10:05:04","guid":{"rendered":"https:\/\/zinasnofpris.pmlp.gov.lv\/?page_id=61"},"modified":"2025-08-25T09:11:21","modified_gmt":"2025-08-25T06:11:21","slug":"tiessaistes-datu-parraide","status":"publish","type":"page","link":"https:\/\/zinasnofpris.pmlp.gov.lv\/?page_id=61","title":{"rendered":"Tie\u0161saistes datu p\u0101rraide"},"content":{"rendered":"<section  class='av_textblock_section av-lt5mv4n8-2a430fcc4da4a137f6903dbf904b9087 '   itemscope=\"itemscope\" itemtype=\"https:\/\/schema.org\/CreativeWork\" ><div class='avia_textblock'  itemprop=\"text\" ><p>TIE\u0160SAISTES DATU P\u0100RRAIDE<\/p>\n<\/div><\/section>\n<div  class='avia-buttonrow-wrap av-lt74547n-443e6fe366afe313e77eb79dac0c2a4b avia-buttonrow-left  avia-builder-el-1  el_after_av_textblock  el_before_av_hr '>\n\n<style type=\"text\/css\" data-created_by=\"avia_inline_auto\" id=\"style-css-av-1dssl-93d5bef1fe4feefcc380056cd0d7496b\">\n#top #wrap_all .avia-button.av-1dssl-93d5bef1fe4feefcc380056cd0d7496b{\nmargin-bottom:5px;\nmargin-right:5px;\n}\n<\/style>\n<a href='https:\/\/zinasnofpris.pmlp.gov.lv\/'  class='avia-button av-1dssl-93d5bef1fe4feefcc380056cd0d7496b avia-icon_select-yes-right-icon avia-size-small avia-color-theme-color'   aria-label=\"S\u0100KUMS\"><span class='avia_iconbox_title' >S\u0100KUMS<\/span><span class='avia_button_icon avia_button_icon_right avia-iconfont avia-font-entypo-fontello' data-av_icon='\ue87d' data-av_iconfont='entypo-fontello' ><\/span><\/a>\n\n<style type=\"text\/css\" data-created_by=\"avia_inline_auto\" id=\"style-css-av-1115d-47e34acdddf315291a7ab26f9b66409f\">\n#top #wrap_all .avia-button.av-1115d-47e34acdddf315291a7ab26f9b66409f{\nbackground-color:#434bac;\nborder-color:#434bac;\ncolor:#ffffff;\ntransition:all 0.4s ease-in-out;\nmargin-bottom:5px;\nmargin-right:5px;\n}\n#top #wrap_all .avia-button.av-1115d-47e34acdddf315291a7ab26f9b66409f .avia-svg-icon svg:first-child{\nfill:#ffffff;\nstroke:#ffffff;\n}\n<\/style>\n<a href='https:\/\/zinasnofpris.pmlp.gov.lv\/?page_id=61'  class='avia-button av-1115d-47e34acdddf315291a7ab26f9b66409f avia-icon_select-yes-right-icon avia-size-small'   aria-label=\"TIE\u0160SAISTES DATU P\u0100RRAIDE\"><span class='avia_iconbox_title' >TIE\u0160SAISTES DATU P\u0100RRAIDE<\/span><span class='avia_button_icon avia_button_icon_right avia-iconfont avia-font-entypo-fontello' data-av_icon='\ue87d' data-av_iconfont='entypo-fontello' ><\/span><\/a>\n\n<style type=\"text\/css\" data-created_by=\"avia_inline_auto\" id=\"style-css-av-lt74524z-15d822db2b966df143f070630a01e79f\">\n#top #wrap_all .avia-button.av-lt74524z-15d822db2b966df143f070630a01e79f{\nmargin-bottom:5px;\nmargin-right:5px;\n}\n<\/style>\n<a href='#'  class='avia-button av-lt74524z-15d822db2b966df143f070630a01e79f avia-icon_select-yes-right-icon avia-size-small avia-color-theme-color-subtle'   aria-label=\"K\u0100 PIEK\u013b\u016aT?\"><span class='avia_iconbox_title' >K\u0100 PIEK\u013b\u016aT?<\/span><span class='avia_button_icon avia_button_icon_right avia-iconfont avia-font-entypo-fontello' data-av_icon='\ue87d' data-av_iconfont='entypo-fontello' ><\/span><\/a>\n<\/div>\n\n<style type=\"text\/css\" data-created_by=\"avia_inline_auto\" id=\"style-css-av-12bwp-8799bc3b76882558c52ef2fb0ae89d51\">\n#top .hr.hr-invisible.av-12bwp-8799bc3b76882558c52ef2fb0ae89d51{\nheight:30px;\n}\n<\/style>\n<div  class='hr av-12bwp-8799bc3b76882558c52ef2fb0ae89d51 hr-invisible  avia-builder-el-2  el_after_av_buttonrow  el_before_av_toggle_container '><span class='hr-inner '><span class=\"hr-inner-style\"><\/span><\/span><\/div>\n\n<style type=\"text\/css\" data-created_by=\"avia_inline_auto\" id=\"style-css-av-meqpyewf-c28a5baa3dad956e04b943eca236006f\">\n#top .togglecontainer.av-meqpyewf-c28a5baa3dad956e04b943eca236006f p.toggler{\nbackground-color:#ffffff;\nborder-color:#aed4ed;\n}\n#top .togglecontainer.av-meqpyewf-c28a5baa3dad956e04b943eca236006f p.toggler:not(.activeTitle):hover{\nbackground-color:#aed4ed;\n}\n#top .togglecontainer.av-meqpyewf-c28a5baa3dad956e04b943eca236006f p.toggler .toggle_icon{\ncolor:#0054a0;\nborder-color:#0054a0;\n}\n#top .togglecontainer.av-meqpyewf-c28a5baa3dad956e04b943eca236006f p.toggler .toggle_icon > span{\ncolor:#0054a0;\nborder-color:#0054a0;\n}\n#top .togglecontainer.av-meqpyewf-c28a5baa3dad956e04b943eca236006f .toggle_wrap .toggle_content{\nbackground-color:#ffffff;\nborder-color:#aed4ed;\n}\n<\/style>\n<div  class='togglecontainer av-meqpyewf-c28a5baa3dad956e04b943eca236006f av-elegant-toggle  avia-builder-el-3  el_after_av_hr  avia-builder-el-last  saites-fpr toggle_close_all' >\n<section class='av_toggle_section av-av_toggle-0b11a50fce8825a705e386ec28be493f'  itemscope=\"itemscope\" itemtype=\"https:\/\/schema.org\/CreativeWork\" ><div role=\"tablist\" class=\"single_toggle\" data-tags=\"{All} \"  ><p id='toggle-toggle-id-1' data-fake-id='#toggle-id-1' class='toggler  av-title-above av-inherit-border-color'  itemprop=\"headline\"  role='tab' tabindex='0' aria-controls='toggle-id-1' data-slide-speed=\"200\" data-title=\"FIZISKO PERSONU RE\u0122ISTRA INFORM\u0100CIJAS SIST\u0112MAS LIETOT\u0100JU SASKARNE \u201cPERSONU DATU P\u0100RL\u016aKS\u201d\" data-title-open=\"\" data-aria_collapsed=\"Click to expand: FIZISKO PERSONU RE\u0122ISTRA INFORM\u0100CIJAS SIST\u0112MAS LIETOT\u0100JU SASKARNE \u201cPERSONU DATU P\u0100RL\u016aKS\u201d\" data-aria_expanded=\"Click to collapse: FIZISKO PERSONU RE\u0122ISTRA INFORM\u0100CIJAS SIST\u0112MAS LIETOT\u0100JU SASKARNE \u201cPERSONU DATU P\u0100RL\u016aKS\u201d\">FIZISKO PERSONU RE\u0122ISTRA INFORM\u0100CIJAS SIST\u0112MAS LIETOT\u0100JU SASKARNE \u201cPERSONU DATU P\u0100RL\u016aKS\u201d<span class=\"toggle_icon\"><span class=\"vert_icon\"><\/span><span class=\"hor_icon\"><\/span><\/span><\/p><div id='toggle-id-1' aria-labelledby='toggle-toggle-id-1' role='region' class='toggle_wrap  av-title-above'  ><div class='toggle_content invers-color av-inherit-border-color'  itemprop=\"text\" ><p>Fizisko personu re\u0123istra datu apskates risin\u0101jums &#8220;Personu datu p\u0101rl\u016bks&#8221; (PDP), kura ietvaros zi\u0146u piepras\u012bt\u0101jam manu\u0101li ir iesp\u0113jams piepras\u012bt fiziskas personas datus Fizisko personu re\u0123istr\u0101. Pakalpojuma ietvaros nav paredz\u0113ta datu piepras\u012b\u0161ana automatiz\u0113ti, bez zi\u0146u piepras\u012bt\u0101ja, kuram pie\u0161\u0137irtas piek\u013cuves ties\u012bbas PDP, tie\u0161as l\u012bdzdal\u012bbas datu piepras\u012bjuma proces\u0101.<\/p>\n<p><div  class='avia-button-wrap av-av_button-e7f263520eda60c442f359aebcbb7c99-wrap avia-button-left  avia-builder-el-4  el_before_av_button  avia-builder-el-first '>\n<style type=\"text\/css\" data-created_by=\"avia_inline_auto\" id=\"style-css-av-av_button-e7f263520eda60c442f359aebcbb7c99\">\n#top #wrap_all .avia-button.av-av_button-e7f263520eda60c442f359aebcbb7c99{\nbackground-color:#434bac;\nborder-color:#434bac;\ncolor:#ffffff;\ntransition:all 0.4s ease-in-out;\n}\n#top #wrap_all .avia-button.av-av_button-e7f263520eda60c442f359aebcbb7c99 .avia-svg-icon svg:first-child{\nfill:#ffffff;\nstroke:#ffffff;\n}\n<\/style>\n<a href='https:\/\/zinasnofpris.pmlp.gov.lv\/?page_id=282'  class='avia-button av-av_button-e7f263520eda60c442f359aebcbb7c99 av-link-btn avia-icon_select-yes-right-icon avia-size-small avia-position-left'   aria-label=\"Pakalpojuma piepras\u012b\u0161anas un sa\u0146em\u0161anas shematisks apraksts \"><span class='avia_iconbox_title' >Pakalpojuma piepras\u012b\u0161anas un sa\u0146em\u0161anas shematisks apraksts <\/span><span class='avia_button_icon avia_button_icon_right avia-iconfont avia-font-entypo-fontello' data-av_icon='\ue87d' data-av_iconfont='entypo-fontello' ><\/span><\/a><\/div><br \/>\n<div  class='avia-button-wrap av-av_button-9f4304dbcc056aafcc37e1028e5192c4-wrap avia-button-left  avia-builder-el-5  el_after_av_button  el_before_av_button '>\n<style type=\"text\/css\" data-created_by=\"avia_inline_auto\" id=\"style-css-av-av_button-9f4304dbcc056aafcc37e1028e5192c4\">\n#top #wrap_all .avia-button.av-av_button-9f4304dbcc056aafcc37e1028e5192c4{\nbackground-color:#434bac;\nborder-color:#434bac;\ncolor:#ffffff;\ntransition:all 0.4s ease-in-out;\n}\n#top #wrap_all .avia-button.av-av_button-9f4304dbcc056aafcc37e1028e5192c4 .avia-svg-icon svg:first-child{\nfill:#ffffff;\nstroke:#ffffff;\n}\n<\/style>\n<a href='https:\/\/zinasnofpris.pmlp.gov.lv\/?page_id=270'  class='avia-button av-av_button-9f4304dbcc056aafcc37e1028e5192c4 av-link-btn avia-icon_select-yes-right-icon avia-size-small avia-position-left'   aria-label=\"K\u0101 piek\u013c\u016bt PDP? \"><span class='avia_iconbox_title' >K\u0101 piek\u013c\u016bt PDP? <\/span><span class='avia_button_icon avia_button_icon_right avia-iconfont avia-font-entypo-fontello' data-av_icon='\ue87d' data-av_iconfont='entypo-fontello' ><\/span><\/a><\/div><\/p>\n<\/div><\/div><\/div><\/section>\n<section class='av_toggle_section av-av_toggle-21ca61fe3e0373f384436683559dc24f'  itemscope=\"itemscope\" itemtype=\"https:\/\/schema.org\/CreativeWork\" ><div role=\"tablist\" class=\"single_toggle\" data-tags=\"{All} \"  ><p id='toggle-toggle-id-2' data-fake-id='#toggle-id-2' class='toggler  av-title-above av-inherit-border-color'  itemprop=\"headline\"  role='tab' tabindex='0' aria-controls='toggle-id-2' data-slide-speed=\"200\" data-title=\"STARPSIST\u0112MU SASKARNES\" data-title-open=\"\" data-aria_collapsed=\"Click to expand: STARPSIST\u0112MU SASKARNES\" data-aria_expanded=\"Click to collapse: STARPSIST\u0112MU SASKARNES\">STARPSIST\u0112MU SASKARNES<span class=\"toggle_icon\"><span class=\"vert_icon\"><\/span><span class=\"hor_icon\"><\/span><\/span><\/p><div id='toggle-id-2' aria-labelledby='toggle-toggle-id-2' role='region' class='toggle_wrap  av-title-above'  ><div class='toggle_content invers-color av-inherit-border-color'  itemprop=\"text\" ><p>Risin\u0101jums, kura ietvaros tiek veidotas inform\u0101cijas sist\u0113mu saskarnes (starpsist\u0113mu saskarnes), lai automatiz\u0113ti sa\u0146emtu datus un, ja nepiecie\u0161ams un ir tiesisks pamats, ar\u012b inform\u0101ciju par tajos veiktaj\u0101m izmai\u0146\u0101m (monitoringa risin\u0101jums). Izmantojot starpsist\u0113mu saskarnes, dati tiek nodoti no Fizisko personu re\u0123istra sist\u0113mas uz zi\u0146u piepras\u012bt\u0101ja sist\u0113mu, veicot piepras\u012bjumus p\u0113c personas koda. Sist\u0113mas izstr\u0101des laik\u0101 tiek nodro\u0161in\u0101ta piek\u013cuve Fizisko personu re\u0123istra testa videi, bet p\u0113c sist\u0113mas izstr\u0101des ir j\u0101veic t\u0101s test\u0113\u0161ana un j\u0101paraksta akts par sist\u0113mas izstr\u0101des pabeig\u0161anu. P\u0113c akta parakst\u012b\u0161anas tiks nodro\u0161in\u0101ta piek\u013cuve Fizisko personu re\u0123istra produkcijas videi.<\/p>\n<p>Starpsist\u0113mu saskar\u0146u risin\u0101jums ir veidots, lai atvieglotu no Fizisko personu re\u0123istra sa\u0146emto personu datu apstr\u0101di zi\u0146u piepras\u012bt\u0101ja sist\u0113m\u0101. Ja nepiecie\u0161ams vienlaikus izsaukt vair\u0101kas datu grupas, PMLP pied\u0101v\u0101 no zi\u0146u piepras\u012bt\u0101ja nor\u0101d\u012btaj\u0101m datu grup\u0101m veidot salikto datu komplektu\/-us. Saliktais datu komplekts nodro\u0161ina vien\u0101 izsaukum\u0101 sa\u0146emt nepiecie\u0161amos datus par attiec\u012bgo personu, l\u012bdz ar to ar\u012b samazinot laiku, kas nepiecie\u0161ams personas datu piepras\u012bjuma apstr\u0101dei kopum\u0101.<\/p>\n<p>Min\u0113tajam risin\u0101jumam ir papildu serviss (monitorings), kas, past\u0101vot tiesiskam pamatam, nodro\u0161ina iesp\u0113ju zi\u0146u piepras\u012bt\u0101jam izg\u016bt inform\u0101ciju, kuru personu, kas re\u0123istr\u0113ti zi\u0146u piepras\u012bt\u0101ja sist\u0113m\u0101, kuri dati ir main\u012bju\u0161ies. Lai izmantotu monitoringa pakalpojumu:<\/p>\n<p>1) zi\u0146u piepras\u012bt\u0101js nor\u0101da monitor\u0113jam\u0101s datu kopas un nos\u016bta ar attiec\u012bgu monitoringa servisu uz Fizisko personu re\u0123istra monitor\u0113jamo personu personas kodus;<\/p>\n<p>2) p\u0113c monitor\u0113\u0161anas procesa uzs\u0101k\u0161anas zi\u0146u piepras\u012bt\u0101jam, izmantojot attiec\u012bgu monitoringa servisu, ir iesp\u0113ja uzzin\u0101t monitor\u0113jamo personu datu izmai\u0146as faktu;<\/p>\n<p>3) p\u0113c \u0161\u012b fakta konstat\u0101cijas zi\u0146u piepras\u012bt\u0101jam, izmantojot atbilsto\u0161us servisus, ir iesp\u0113ja izg\u016bt no Fizisko personu re\u0123istra aktu\u0101los monitor\u0113jamos datus;<\/p>\n<p>ja no pakalpojuma snieg\u0161anas procesa, k\u0101du personu datus vairs nav vajadz\u012bbas monitor\u0113t, tad zi\u0146u piepras\u012bt\u0101js, izmantojot attiec\u012bgu monitoringa servisu, nos\u016bta uz Fizisko personu re\u0123istra \u0161o personu kodus.<\/p>\n<p><div  class='avia-button-wrap av-av_button-87a119ca80986d77dd985d831eae0f32-wrap avia-button-left  avia-builder-el-6  el_after_av_button  el_before_av_button '>\n<style type=\"text\/css\" data-created_by=\"avia_inline_auto\" id=\"style-css-av-av_button-87a119ca80986d77dd985d831eae0f32\">\n#top #wrap_all .avia-button.av-av_button-87a119ca80986d77dd985d831eae0f32{\nbackground-color:#434bac;\nborder-color:#434bac;\ncolor:#ffffff;\ntransition:all 0.4s ease-in-out;\n}\n#top #wrap_all .avia-button.av-av_button-87a119ca80986d77dd985d831eae0f32 .avia-svg-icon svg:first-child{\nfill:#ffffff;\nstroke:#ffffff;\n}\n<\/style>\n<a href='https:\/\/zinasnofpris.pmlp.gov.lv\/?page_id=300'  class='avia-button av-av_button-87a119ca80986d77dd985d831eae0f32 av-link-btn avia-icon_select-yes-right-icon avia-size-small avia-position-left'   aria-label=\"Pakalpojuma piepras\u012b\u0161anas un sa\u0146em\u0161anas shematisks apraksts \"><span class='avia_iconbox_title' >Pakalpojuma piepras\u012b\u0161anas un sa\u0146em\u0161anas shematisks apraksts <\/span><span class='avia_button_icon avia_button_icon_right avia-iconfont avia-font-entypo-fontello' data-av_icon='\ue87d' data-av_iconfont='entypo-fontello' ><\/span><\/a><\/div><br \/>\n<div  class='avia-button-wrap av-av_button-30af563c3cef5bad2dba9164a7d1f8a3-wrap avia-button-left  avia-builder-el-7  el_after_av_button  el_before_av_button '>\n<style type=\"text\/css\" data-created_by=\"avia_inline_auto\" id=\"style-css-av-av_button-30af563c3cef5bad2dba9164a7d1f8a3\">\n#top #wrap_all .avia-button.av-av_button-30af563c3cef5bad2dba9164a7d1f8a3{\nbackground-color:#434bac;\nborder-color:#434bac;\ncolor:#ffffff;\ntransition:all 0.4s ease-in-out;\n}\n#top #wrap_all .avia-button.av-av_button-30af563c3cef5bad2dba9164a7d1f8a3 .avia-svg-icon svg:first-child{\nfill:#ffffff;\nstroke:#ffffff;\n}\n<\/style>\n<a href='https:\/\/zinasnofpris.pmlp.gov.lv\/?page_id=287'  class='avia-button av-av_button-30af563c3cef5bad2dba9164a7d1f8a3 av-link-btn avia-icon_select-yes-right-icon avia-size-small avia-position-left'   aria-label=\"K\u0101 nosl\u0113gt l\u012bgumu par starpsist\u0113mu risin\u0101juma izmanto\u0161anu? \"><span class='avia_iconbox_title' >K\u0101 nosl\u0113gt l\u012bgumu par starpsist\u0113mu risin\u0101juma izmanto\u0161anu? <\/span><span class='avia_button_icon avia_button_icon_right avia-iconfont avia-font-entypo-fontello' data-av_icon='\ue87d' data-av_iconfont='entypo-fontello' ><\/span><\/a><\/div><\/p>\n<\/div><\/div><\/div><\/section>\n<section class='av_toggle_section av-meqpye4e-4bc291610cd2d14129507559561ad525'  itemscope=\"itemscope\" itemtype=\"https:\/\/schema.org\/CreativeWork\" ><div role=\"tablist\" class=\"single_toggle\" data-tags=\"{All} \"  ><p id='toggle-toggle-id-3' data-fake-id='#toggle-id-3' class='toggler  av-title-above av-inherit-border-color'  itemprop=\"headline\"  role='tab' tabindex='0' aria-controls='toggle-id-3' data-slide-speed=\"200\" data-title=\"API P\u0100RVALDNIEKS PUBLIC\u0112TAIS PMLP SERVISS\" data-title-open=\"\" data-aria_collapsed=\"Click to expand: API P\u0100RVALDNIEKS PUBLIC\u0112TAIS PMLP SERVISS\" data-aria_expanded=\"Click to collapse: API P\u0100RVALDNIEKS PUBLIC\u0112TAIS PMLP SERVISS\">API P\u0100RVALDNIEKS PUBLIC\u0112TAIS PMLP SERVISS<span class=\"toggle_icon\"><span class=\"vert_icon\"><\/span><span class=\"hor_icon\"><\/span><\/span><\/p><div id='toggle-id-3' aria-labelledby='toggle-toggle-id-3' role='region' class='toggle_wrap  av-title-above'  ><div class='toggle_content invers-color av-inherit-border-color'  itemprop=\"text\" ><p>API p\u0101rvaldnieks<\/p>\n<p>API P\u0101rvaldnieks k\u0101 koplieto\u0161anas komponentes \u201cDatu apmai\u0146as infrastrukt\u016bra\u201d modulis nodro\u0161ina iesp\u0113ju piek\u013c\u016bt valsts re\u0123istru un pa\u0161vald\u012bbas inform\u0101cijas sist\u0113mu sniegtajiem datu servisiem standartiz\u0113t\u0101 veid\u0101. Detaliz\u0113t\u0101ka inform\u0101cija par risin\u0101jumu pieejama: <a href=\"https:\/\/viss.gov.lv\/lv\/Informacijai\/Produkti\/API-parvaldnieks\" target=\"_blank\" rel=\"noopener\">https:\/\/viss.gov.lv\/lv\/Informacijai\/Produkti\/API-parvaldnieks<\/a>.<\/p>\n<p>\u0160obr\u012bd API P\u0101rvaldniek\u0101 public\u0113ts PMLP serviss API-IEM_PMLP-FprisApi, kuram ir daudzas metodes, ar kur\u0101m var iepaz\u012bties vietn\u0113: <a href=\"https:\/\/api.viss.gov.lv\/devportal\/apis\/19d69700-11e4-486a-90d2-a50aa6eea0f4\/test\" target=\"_blank\" rel=\"noopener\">https:\/\/api.viss.gov.lv\/devportal\/apis\/19d69700-11e4-486a-90d2-a50aa6eea0f4\/test<\/a>.<\/p>\n<p>Ar VISS public\u0113to programsaskar\u0146u (API) abon\u0113\u0161anas proced\u016bru var iepaz\u012bties vietn\u0113: <a href=\"https:\/\/viss.gov.lv\/lv\/Informacijai\/partneriem\/Sadarbibas_proceduras\/API-abonesana\" target=\"_blank\" rel=\"noopener\">https:\/\/viss.gov.lv\/lv\/Informacijai\/partneriem\/Sadarbibas_proceduras\/API-abonesana<\/a>.<\/p>\n<p><div  class='avia-button-wrap av-av_button-b95e3c3754cf2998569a1c61966ad66e-wrap avia-button-left  avia-builder-el-8  el_after_av_button  el_before_av_button '>\n<style type=\"text\/css\" data-created_by=\"avia_inline_auto\" id=\"style-css-av-av_button-b95e3c3754cf2998569a1c61966ad66e\">\n#top #wrap_all .avia-button.av-av_button-b95e3c3754cf2998569a1c61966ad66e{\nbackground-color:#434bac;\nborder-color:#434bac;\ncolor:#ffffff;\ntransition:all 0.4s ease-in-out;\n}\n#top #wrap_all .avia-button.av-av_button-b95e3c3754cf2998569a1c61966ad66e .avia-svg-icon svg:first-child{\nfill:#ffffff;\nstroke:#ffffff;\n}\n<\/style>\n<a href='https:\/\/zinasnofpris.pmlp.gov.lv\/?page_id=302'  class='avia-button av-av_button-b95e3c3754cf2998569a1c61966ad66e av-link-btn avia-icon_select-yes-right-icon avia-size-small avia-position-left'   aria-label=\"Pakalpojuma piepras\u012b\u0161anas un sa\u0146em\u0161anas shematisks apraksts \"><span class='avia_iconbox_title' >Pakalpojuma piepras\u012b\u0161anas un sa\u0146em\u0161anas shematisks apraksts <\/span><span class='avia_button_icon avia_button_icon_right avia-iconfont avia-font-entypo-fontello' data-av_icon='\ue87d' data-av_iconfont='entypo-fontello' ><\/span><\/a><\/div><br \/>\n<div  class='avia-button-wrap av-av_button-f77c719483ffb1cc7d32d28252bb91ec-wrap avia-button-left  avia-builder-el-9  el_after_av_button  el_before_av_button '>\n<style type=\"text\/css\" data-created_by=\"avia_inline_auto\" id=\"style-css-av-av_button-f77c719483ffb1cc7d32d28252bb91ec\">\n#top #wrap_all .avia-button.av-av_button-f77c719483ffb1cc7d32d28252bb91ec{\nbackground-color:#434bac;\nborder-color:#434bac;\ncolor:#ffffff;\ntransition:all 0.4s ease-in-out;\n}\n#top #wrap_all .avia-button.av-av_button-f77c719483ffb1cc7d32d28252bb91ec .avia-svg-icon svg:first-child{\nfill:#ffffff;\nstroke:#ffffff;\n}\n<\/style>\n<a href='https:\/\/zinasnofpris.pmlp.gov.lv\/?page_id=290'  class='avia-button av-av_button-f77c719483ffb1cc7d32d28252bb91ec av-link-btn avia-icon_select-yes-right-icon avia-size-small avia-position-left'   aria-label=\"Piek\u013cuves pie\u0161\u0137ir\u0161ana testa vai produkcijas videi \"><span class='avia_iconbox_title' >Piek\u013cuves pie\u0161\u0137ir\u0161ana testa vai produkcijas videi <\/span><span class='avia_button_icon avia_button_icon_right avia-iconfont avia-font-entypo-fontello' data-av_icon='\ue87d' data-av_iconfont='entypo-fontello' ><\/span><\/a><\/div><\/p>\n<\/div><\/div><\/div><\/section>\n<section class='av_toggle_section av-av_toggle-c9f98754474f4b34d5eac6279cb7bf3c'  itemscope=\"itemscope\" itemtype=\"https:\/\/schema.org\/CreativeWork\" ><div role=\"tablist\" class=\"single_toggle\" data-tags=\"{All} \"  ><p id='toggle-toggle-id-4' data-fake-id='#toggle-id-4' class='toggler  av-title-above av-inherit-border-color'  itemprop=\"headline\"  role='tab' tabindex='0' aria-controls='toggle-id-4' data-slide-speed=\"200\" data-title=\"DATU IZPLAT\u012a\u0160ANAS UN P\u0100RVALD\u012aBAS PLATFORMA (DAGR)\" data-title-open=\"\" data-aria_collapsed=\"Click to expand: DATU IZPLAT\u012a\u0160ANAS UN P\u0100RVALD\u012aBAS PLATFORMA (DAGR)\" data-aria_expanded=\"Click to collapse: DATU IZPLAT\u012a\u0160ANAS UN P\u0100RVALD\u012aBAS PLATFORMA (DAGR)\">DATU IZPLAT\u012a\u0160ANAS UN P\u0100RVALD\u012aBAS PLATFORMA (DAGR)<span class=\"toggle_icon\"><span class=\"vert_icon\"><\/span><span class=\"hor_icon\"><\/span><\/span><\/p><div id='toggle-id-4' aria-labelledby='toggle-toggle-id-4' role='region' class='toggle_wrap  av-title-above'  ><div class='toggle_content invers-color av-inherit-border-color'  itemprop=\"text\" ><p>Datu izplat\u012b\u0161anas un p\u0101rvald\u012bbas platforma ir valsts platforma, kas piem\u0113rota datu (tai skait\u0101 personas datu) izplat\u012b\u0161anai un glab\u0101\u0161anai un kuras p\u0101rzinis ir Valsts re\u0123ion\u0101l\u0101s att\u012bst\u012bbas a\u0123ent\u016bra. DAGR t\u012bmek\u013cvietnes adrese ir <a href=\"http:\/\/www.dagr.gov.lv\/\" target=\"_blank\" rel=\"noopener\">www.dagr.gov.lv<\/a>.<\/p>\n<p>DAGR darb\u012bbas un izmanto\u0161anas k\u0101rt\u012bbu nosaka Ministru kabineta 2023. gada 31. oktobra noteikumi Nr. 624 \u201cDatu izplat\u012b\u0161anas un p\u0101rvald\u012bbas platformas noteikumi\u201d. Pakalpojuma shematisks apraksts.<\/p>\n<p><div  class='avia-button-wrap av-av_button-ff54ee0fb0d37b83ed80eedc00e6dc32-wrap avia-button-left  avia-builder-el-10  el_after_av_button  el_before_av_button '>\n<style type=\"text\/css\" data-created_by=\"avia_inline_auto\" id=\"style-css-av-av_button-ff54ee0fb0d37b83ed80eedc00e6dc32\">\n#top #wrap_all .avia-button.av-av_button-ff54ee0fb0d37b83ed80eedc00e6dc32{\nbackground-color:#434bac;\nborder-color:#434bac;\ncolor:#ffffff;\ntransition:all 0.4s ease-in-out;\n}\n#top #wrap_all .avia-button.av-av_button-ff54ee0fb0d37b83ed80eedc00e6dc32 .avia-svg-icon svg:first-child{\nfill:#ffffff;\nstroke:#ffffff;\n}\n<\/style>\n<a href='https:\/\/zinasnofpris.pmlp.gov.lv\/?page_id=307'  class='avia-button av-av_button-ff54ee0fb0d37b83ed80eedc00e6dc32 av-link-btn avia-icon_select-yes-right-icon avia-size-small avia-position-left'   aria-label=\"Pakalpojuma piepras\u012b\u0161anas un sa\u0146em\u0161anas shematisks apraksts \"><span class='avia_iconbox_title' >Pakalpojuma piepras\u012b\u0161anas un sa\u0146em\u0161anas shematisks apraksts <\/span><span class='avia_button_icon avia_button_icon_right avia-iconfont avia-font-entypo-fontello' data-av_icon='\ue87d' data-av_iconfont='entypo-fontello' ><\/span><\/a><\/div><br \/>\n<div  class='avia-button-wrap av-av_button-0b06c826d1f6929f34cc732211200eaa-wrap avia-button-left  avia-builder-el-11  el_after_av_button  avia-builder-el-last '>\n<style type=\"text\/css\" data-created_by=\"avia_inline_auto\" id=\"style-css-av-av_button-0b06c826d1f6929f34cc732211200eaa\">\n#top #wrap_all .avia-button.av-av_button-0b06c826d1f6929f34cc732211200eaa{\nbackground-color:#434bac;\nborder-color:#434bac;\ncolor:#ffffff;\ntransition:all 0.4s ease-in-out;\n}\n#top #wrap_all .avia-button.av-av_button-0b06c826d1f6929f34cc732211200eaa .avia-svg-icon svg:first-child{\nfill:#ffffff;\nstroke:#ffffff;\n}\n<\/style>\n<a href='https:\/\/zinasnofpris.pmlp.gov.lv\/?page_id=292'  class='avia-button av-av_button-0b06c826d1f6929f34cc732211200eaa av-link-btn avia-icon_select-yes-right-icon avia-size-small avia-position-left'   aria-label=\"Piek\u013cuves pie\u0161\u0137ir\u0161ana testa vai produkcijas videi \"><span class='avia_iconbox_title' >Piek\u013cuves pie\u0161\u0137ir\u0161ana testa vai produkcijas videi <\/span><span class='avia_button_icon avia_button_icon_right avia-iconfont avia-font-entypo-fontello' data-av_icon='\ue87d' data-av_iconfont='entypo-fontello' ><\/span><\/a><\/div><\/p>\n<\/div><\/div><\/div><\/section>\n<\/div>\n","protected":false},"excerpt":{"rendered":"","protected":false},"author":1,"featured_media":0,"parent":39,"menu_order":3,"comment_status":"closed","ping_status":"closed","template":"","meta":{"inline_featured_image":false,"footnotes":""},"class_list":["post-61","page","type-page","status-publish","hentry"],"_links":{"self":[{"href":"https:\/\/zinasnofpris.pmlp.gov.lv\/index.php?rest_route=\/wp\/v2\/pages\/61","targetHints":{"allow":["GET"]}}],"collection":[{"href":"https:\/\/zinasnofpris.pmlp.gov.lv\/index.php?rest_route=\/wp\/v2\/pages"}],"about":[{"href":"https:\/\/zinasnofpris.pmlp.gov.lv\/index.php?rest_route=\/wp\/v2\/types\/page"}],"author":[{"embeddable":true,"href":"https:\/\/zinasnofpris.pmlp.gov.lv\/index.php?rest_route=\/wp\/v2\/users\/1"}],"replies":[{"embeddable":true,"href":"https:\/\/zinasnofpris.pmlp.gov.lv\/index.php?rest_route=%2Fwp%2Fv2%2Fcomments&post=61"}],"version-history":[{"count":5,"href":"https:\/\/zinasnofpris.pmlp.gov.lv\/index.php?rest_route=\/wp\/v2\/pages\/61\/revisions"}],"predecessor-version":[{"id":646,"href":"https:\/\/zinasnofpris.pmlp.gov.lv\/index.php?rest_route=\/wp\/v2\/pages\/61\/revisions\/646"}],"up":[{"embeddable":true,"href":"https:\/\/zinasnofpris.pmlp.gov.lv\/index.php?rest_route=\/wp\/v2\/pages\/39"}],"wp:attachment":[{"href":"https:\/\/zinasnofpris.pmlp.gov.lv\/index.php?rest_route=%2Fwp%2Fv2%2Fmedia&parent=61"}],"curies":[{"name":"wp","href":"https:\/\/api.w.org\/{rel}","templated":true}]}}