{"id":59,"date":"2024-02-06T12:04:45","date_gmt":"2024-02-06T10:04:45","guid":{"rendered":"https:\/\/zinasnofpris.pmlp.gov.lv\/?page_id=59"},"modified":"2024-04-25T09:25:32","modified_gmt":"2024-04-25T06:25:32","slug":"datu-masiva-apstrade","status":"publish","type":"page","link":"https:\/\/zinasnofpris.pmlp.gov.lv\/?page_id=59","title":{"rendered":"Datu mas\u012bva apstr\u0101de PMLP p\u0101rzi\u0146\u0101 eso\u0161aj\u0101s inform\u0101cijas sist\u0113m\u0101s"},"content":{"rendered":"<section  class='av_textblock_section av-lsvjm7pm-79d2e562b219ac541498db51fc0a6b2e '   itemscope=\"itemscope\" itemtype=\"https:\/\/schema.org\/CreativeWork\" ><div class='avia_textblock'  itemprop=\"text\" ><p>DATU MAS\u012aVA APSTR\u0100DE PMLP P\u0100RZI\u0145\u0100 ESO\u0160AJ\u0100S INFORM\u0100CIJAS SIST\u0112M\u0100S<\/p>\n<\/div><\/section>\n<div  class='avia-buttonrow-wrap av-lsvvpu5u-4e4222556ab68216f7407ff82566ccc5 avia-buttonrow-left  avia-builder-el-1  el_after_av_textblock  el_before_av_hr '>\n\n<style type=\"text\/css\" data-created_by=\"avia_inline_auto\" id=\"style-css-av-1rg87-eef4026131555d933ef72eab03f825b4\">\n#top #wrap_all .avia-button.av-1rg87-eef4026131555d933ef72eab03f825b4{\nmargin-bottom:5px;\nmargin-right:5px;\n}\n<\/style>\n<a href='https:\/\/zinasnofpris.pmlp.gov.lv\/'  class='avia-button av-1rg87-eef4026131555d933ef72eab03f825b4 avia-icon_select-yes-right-icon avia-size-small avia-color-theme-color'   aria-label=\"S\u0100KUMS\"><span class='avia_iconbox_title' >S\u0100KUMS<\/span><span class='avia_button_icon avia_button_icon_right avia-iconfont avia-font-entypo-fontello' data-av_icon='\ue87d' data-av_iconfont='entypo-fontello' ><\/span><\/a>\n\n<style type=\"text\/css\" data-created_by=\"avia_inline_auto\" id=\"style-css-av-o8f7-9086603314cc9aa2aa8bb91edfd85a9f\">\n#top #wrap_all .avia-button.av-o8f7-9086603314cc9aa2aa8bb91edfd85a9f{\nbackground-color:#ed8b75;\nborder-color:#ed8b75;\ncolor:#ffffff;\ntransition:all 0.4s ease-in-out;\nmargin-bottom:5px;\nmargin-right:5px;\n}\n#top #wrap_all .avia-button.av-o8f7-9086603314cc9aa2aa8bb91edfd85a9f .avia-svg-icon svg:first-child{\nfill:#ffffff;\nstroke:#ffffff;\n}\n<\/style>\n<a href='https:\/\/zinasnofpris.pmlp.gov.lv\/?page_id=59'  class='avia-button av-o8f7-9086603314cc9aa2aa8bb91edfd85a9f avia-icon_select-yes-right-icon avia-size-small'   aria-label=\"DATU MAS\u012aVA APSTR\u0100DE\"><span class='avia_iconbox_title' >DATU MAS\u012aVA APSTR\u0100DE<\/span><span class='avia_button_icon avia_button_icon_right avia-iconfont avia-font-entypo-fontello' data-av_icon='\ue87d' data-av_iconfont='entypo-fontello' ><\/span><\/a>\n\n<style type=\"text\/css\" data-created_by=\"avia_inline_auto\" id=\"style-css-av-lsvvpqgc-5db7e7ed669676617446373710bbd865\">\n#top #wrap_all .avia-button.av-lsvvpqgc-5db7e7ed669676617446373710bbd865{\nmargin-bottom:5px;\nmargin-right:5px;\n}\n<\/style>\n<a href='#'  class='avia-button av-lsvvpqgc-5db7e7ed669676617446373710bbd865 avia-icon_select-no avia-size-small avia-color-theme-color-subtle'   aria-label=\"PIEPRAS\u012aJUMA IESNIEG\u0160ANA\"><span class='avia_iconbox_title' >PIEPRAS\u012aJUMA IESNIEG\u0160ANA<\/span><\/a>\n<\/div>\n\n<style type=\"text\/css\" data-created_by=\"avia_inline_auto\" id=\"style-css-av-5jq0j-dbaa0861afb017dcea9da70e9c620a62\">\n#top .hr.hr-invisible.av-5jq0j-dbaa0861afb017dcea9da70e9c620a62{\nheight:30px;\n}\n<\/style>\n<div  class='hr av-5jq0j-dbaa0861afb017dcea9da70e9c620a62 hr-invisible  avia-builder-el-2  el_after_av_buttonrow  el_before_av_toggle_container '><span class='hr-inner '><span class=\"hr-inner-style\"><\/span><\/span><\/div>\n\n<style type=\"text\/css\" data-created_by=\"avia_inline_auto\" id=\"style-css-av-lthinol2-10ac74028f8653ef747ff7ae64da2a3e\">\n#top .togglecontainer.av-lthinol2-10ac74028f8653ef747ff7ae64da2a3e p.toggler{\nbackground-color:#ffffff;\nborder-color:#aed4ed;\n}\n#top .togglecontainer.av-lthinol2-10ac74028f8653ef747ff7ae64da2a3e p.toggler:not(.activeTitle):hover{\nbackground-color:#aed4ed;\n}\n#top .togglecontainer.av-lthinol2-10ac74028f8653ef747ff7ae64da2a3e p.toggler .toggle_icon{\ncolor:#0054a0;\nborder-color:#0054a0;\n}\n#top .togglecontainer.av-lthinol2-10ac74028f8653ef747ff7ae64da2a3e p.toggler .toggle_icon > span{\ncolor:#0054a0;\nborder-color:#0054a0;\n}\n#top .togglecontainer.av-lthinol2-10ac74028f8653ef747ff7ae64da2a3e .toggle_wrap .toggle_content{\nbackground-color:#ffffff;\nborder-color:#aed4ed;\n}\n<\/style>\n<div  class='togglecontainer av-lthinol2-10ac74028f8653ef747ff7ae64da2a3e av-elegant-toggle  avia-builder-el-3  el_after_av_hr  el_before_av_hr  saites-fpr toggle_close_all' >\n<section class='av_toggle_section av-lthin6xj-75b18c37a09f0b4a718c7bfd7f5d9a56'  itemscope=\"itemscope\" itemtype=\"https:\/\/schema.org\/CreativeWork\" ><div role=\"tablist\" class=\"single_toggle\" data-tags=\"{All} \"  ><p id='toggle-toggle-id-1' data-fake-id='#toggle-id-1' class='toggler  av-title-above av-inherit-border-color'  itemprop=\"headline\"  role='tab' tabindex='0' aria-controls='toggle-id-1' data-slide-speed=\"200\" data-title=\"DATU MAS\u012aVA APSTR\u0100DE PMLP P\u0100RZI\u0145\u0100 ESO\u0160AJ\u0100S INFORM\u0100CIJAS SIST\u0112M\u0100S\" data-title-open=\"\" data-aria_collapsed=\"Click to expand: DATU MAS\u012aVA APSTR\u0100DE PMLP P\u0100RZI\u0145\u0100 ESO\u0160AJ\u0100S INFORM\u0100CIJAS SIST\u0112M\u0100S\" data-aria_expanded=\"Click to collapse: DATU MAS\u012aVA APSTR\u0100DE PMLP P\u0100RZI\u0145\u0100 ESO\u0160AJ\u0100S INFORM\u0100CIJAS SIST\u0112M\u0100S\">DATU MAS\u012aVA APSTR\u0100DE PMLP P\u0100RZI\u0145\u0100 ESO\u0160AJ\u0100S INFORM\u0100CIJAS SIST\u0112M\u0100S<span class=\"toggle_icon\"><span class=\"vert_icon\"><\/span><span class=\"hor_icon\"><\/span><\/span><\/p><div id='toggle-id-1' aria-labelledby='toggle-toggle-id-1' role='region' class='toggle_wrap  av-title-above'  ><div class='toggle_content invers-color av-inherit-border-color'  itemprop=\"text\" ><p>Pakalpojums, kura ietvaros tiek veikta programmat\u016bras izstr\u0101de un t\u0101s darbin\u0101\u0161ana, ja personas datu apstr\u0101dei PMLP p\u0101rzi\u0146\u0101 eso\u0161aj\u0101s inform\u0101cijas sist\u0113m\u0101s tiek izmantotas \u012bpa\u0161as datu sagatavo\u0161anas metodes un atlases krit\u0113riji. Pakalpojuma ietvaros, pamatojoties uz klienta piepras\u012bjumu un taj\u0101 defin\u0113tajiem datu atlases krit\u0113rijiem, tiek veikta datu p\u0101rbaude vai datu izg\u016b\u0161ana k\u0101d\u0101 no PMLP p\u0101rzi\u0146\u0101 eso\u0161aj\u0101m inform\u0101cijas sist\u0113m\u0101m.<br \/>\n<div  class='avia-button-wrap av-av_button-605d60fa9734905b68b5971ecff2d364-wrap avia-button-left  avia-builder-el-4  el_before_av_button  avia-builder-el-first '>\n<style type=\"text\/css\" data-created_by=\"avia_inline_auto\" id=\"style-css-av-av_button-605d60fa9734905b68b5971ecff2d364\">\n#top #wrap_all .avia-button.av-av_button-605d60fa9734905b68b5971ecff2d364{\nbackground-color:#ed8b75;\nborder-color:#ed8b75;\ncolor:#ffffff;\ntransition:all 0.4s ease-in-out;\n}\n#top #wrap_all .avia-button.av-av_button-605d60fa9734905b68b5971ecff2d364 .avia-svg-icon svg:first-child{\nfill:#ffffff;\nstroke:#ffffff;\n}\n<\/style>\n<a href='https:\/\/zinasnofpris.pmlp.gov.lv\/?page_id=220'  class='avia-button av-av_button-605d60fa9734905b68b5971ecff2d364 av-link-btn avia-icon_select-yes-right-icon avia-size-small avia-position-left'   aria-label=\"Pakalpojuma piepras\u012b\u0161anas un sa\u0146em\u0161anas shematisks apraksts\"><span class='avia_iconbox_title' >Pakalpojuma piepras\u012b\u0161anas un sa\u0146em\u0161anas shematisks apraksts<\/span><span class='avia_button_icon avia_button_icon_right avia-iconfont avia-font-entypo-fontello' data-av_icon='\ue87d' data-av_iconfont='entypo-fontello' ><\/span><\/a><\/div><\/p>\n<\/div><\/div><\/div><\/section>\n<section class='av_toggle_section av-lthinkc2-44f9f4cb20e64c9c168c29ce6aba104f'  itemscope=\"itemscope\" itemtype=\"https:\/\/schema.org\/CreativeWork\" ><div role=\"tablist\" class=\"single_toggle\" data-tags=\"{All} \"  ><p id='toggle-toggle-id-2' data-fake-id='#toggle-id-2' class='toggler  av-title-above av-inherit-border-color'  itemprop=\"headline\"  role='tab' tabindex='0' aria-controls='toggle-id-2' data-slide-speed=\"200\" data-title=\"K\u0100 PIEPRAS\u012aT DATU MAS\u012aVA APSTR\u0100DES PAKALPOJUMU?\" data-title-open=\"\" data-aria_collapsed=\"Click to expand: K\u0100 PIEPRAS\u012aT DATU MAS\u012aVA APSTR\u0100DES PAKALPOJUMU?\" data-aria_expanded=\"Click to collapse: K\u0100 PIEPRAS\u012aT DATU MAS\u012aVA APSTR\u0100DES PAKALPOJUMU?\">K\u0100 PIEPRAS\u012aT DATU MAS\u012aVA APSTR\u0100DES PAKALPOJUMU?<span class=\"toggle_icon\"><span class=\"vert_icon\"><\/span><span class=\"hor_icon\"><\/span><\/span><\/p><div id='toggle-id-2' aria-labelledby='toggle-toggle-id-2' role='region' class='toggle_wrap  av-title-above'  ><div class='toggle_content invers-color av-inherit-border-color'  itemprop=\"text\" ><div  class='avia-button-wrap av-av_button-b330f47e9c68869024edb586877d6e67-wrap avia-button-left  avia-builder-el-5  el_after_av_button  avia-builder-el-last '>\n<style type=\"text\/css\" data-created_by=\"avia_inline_auto\" id=\"style-css-av-av_button-b330f47e9c68869024edb586877d6e67\">\n#top #wrap_all .avia-button.av-av_button-b330f47e9c68869024edb586877d6e67{\nbackground-color:#ed8b75;\nborder-color:#ed8b75;\ncolor:#ffffff;\ntransition:all 0.4s ease-in-out;\n}\n#top #wrap_all .avia-button.av-av_button-b330f47e9c68869024edb586877d6e67 .avia-svg-icon svg:first-child{\nfill:#ffffff;\nstroke:#ffffff;\n}\n<\/style>\n<a href='https:\/\/zinasnofpris.pmlp.gov.lv\/?page_id=205'  class='avia-button av-av_button-b330f47e9c68869024edb586877d6e67 av-link-btn avia-icon_select-yes-right-icon avia-size-small avia-position-left'   aria-label=\"Piepras\u012bjuma iesnieg\u0161ana \"><span class='avia_iconbox_title' >Piepras\u012bjuma iesnieg\u0161ana <\/span><span class='avia_button_icon avia_button_icon_right avia-iconfont avia-font-entypo-fontello' data-av_icon='\ue87d' data-av_iconfont='entypo-fontello' ><\/span><\/a><\/div>\n<\/div><\/div><\/div><\/section>\n<\/div>\n\n<style type=\"text\/css\" data-created_by=\"avia_inline_auto\" id=\"style-css-av-lsvjrkps-f5e382450af3a264d00169e0374348f2\">\n#top .hr.hr-invisible.av-lsvjrkps-f5e382450af3a264d00169e0374348f2{\nheight:200px;\n}\n<\/style>\n<div  class='hr av-lsvjrkps-f5e382450af3a264d00169e0374348f2 hr-invisible  avia-builder-el-6  el_after_av_toggle_container  avia-builder-el-last '><span class='hr-inner '><span class=\"hr-inner-style\"><\/span><\/span><\/div>\n","protected":false},"excerpt":{"rendered":"","protected":false},"author":1,"featured_media":0,"parent":39,"menu_order":2,"comment_status":"closed","ping_status":"closed","template":"","meta":{"inline_featured_image":false,"footnotes":""},"class_list":["post-59","page","type-page","status-publish","hentry"],"_links":{"self":[{"href":"https:\/\/zinasnofpris.pmlp.gov.lv\/index.php?rest_route=\/wp\/v2\/pages\/59","targetHints":{"allow":["GET"]}}],"collection":[{"href":"https:\/\/zinasnofpris.pmlp.gov.lv\/index.php?rest_route=\/wp\/v2\/pages"}],"about":[{"href":"https:\/\/zinasnofpris.pmlp.gov.lv\/index.php?rest_route=\/wp\/v2\/types\/page"}],"author":[{"embeddable":true,"href":"https:\/\/zinasnofpris.pmlp.gov.lv\/index.php?rest_route=\/wp\/v2\/users\/1"}],"replies":[{"embeddable":true,"href":"https:\/\/zinasnofpris.pmlp.gov.lv\/index.php?rest_route=%2Fwp%2Fv2%2Fcomments&post=59"}],"version-history":[{"count":5,"href":"https:\/\/zinasnofpris.pmlp.gov.lv\/index.php?rest_route=\/wp\/v2\/pages\/59\/revisions"}],"predecessor-version":[{"id":343,"href":"https:\/\/zinasnofpris.pmlp.gov.lv\/index.php?rest_route=\/wp\/v2\/pages\/59\/revisions\/343"}],"up":[{"embeddable":true,"href":"https:\/\/zinasnofpris.pmlp.gov.lv\/index.php?rest_route=\/wp\/v2\/pages\/39"}],"wp:attachment":[{"href":"https:\/\/zinasnofpris.pmlp.gov.lv\/index.php?rest_route=%2Fwp%2Fv2%2Fmedia&parent=59"}],"curies":[{"name":"wp","href":"https:\/\/api.w.org\/{rel}","templated":true}]}}