{"id":57,"date":"2024-02-06T12:04:28","date_gmt":"2024-02-06T10:04:28","guid":{"rendered":"https:\/\/zinasnofpris.pmlp.gov.lv\/?page_id=57"},"modified":"2025-03-11T14:02:17","modified_gmt":"2025-03-11T12:02:17","slug":"e-pakalpojums","status":"publish","type":"page","link":"https:\/\/zinasnofpris.pmlp.gov.lv\/?page_id=57","title":{"rendered":"E-pakalpojumi"},"content":{"rendered":"<section  class='av_textblock_section av-lsoo4fm1-48c10c3a1257ce796de45a50ddc9b7e8 '   itemscope=\"itemscope\" itemtype=\"https:\/\/schema.org\/CreativeWork\" ><div class='avia_textblock'  itemprop=\"text\" ><p>E-PAKALPOJUMS<\/p>\n<\/div><\/section>\n<div  class='avia-buttonrow-wrap av-lu6oub0c-b4570d3ac00fa626e82dbb1575e3d7a1 avia-buttonrow-left  avia-builder-el-1  el_after_av_textblock  el_before_av_hr '>\n\n<style type=\"text\/css\" data-created_by=\"avia_inline_auto\" id=\"style-css-av-av_buttonrow_item-bb55325d6b16c499492ffe5c256f6995\">\n#top #wrap_all .avia-button.av-av_buttonrow_item-bb55325d6b16c499492ffe5c256f6995{\nmargin-bottom:5px;\nmargin-right:5px;\n}\n<\/style>\n<a href='https:\/\/zinasnofpris.pmlp.gov.lv\/'  class='avia-button av-av_buttonrow_item-bb55325d6b16c499492ffe5c256f6995 avia-icon_select-yes-right-icon avia-size-small avia-color-theme-color'   aria-label=\"S\u0100KUMS\"><span class='avia_iconbox_title' >S\u0100KUMS<\/span><span class='avia_button_icon avia_button_icon_right avia-iconfont avia-font-entypo-fontello' data-av_icon='\ue87d' data-av_iconfont='entypo-fontello' ><\/span><\/a>\n\n<style type=\"text\/css\" data-created_by=\"avia_inline_auto\" id=\"style-css-av-lu6ou9n2-bed30276c89e4ba5e1aa8f9d7aa9f334\">\n#top #wrap_all .avia-button.av-lu6ou9n2-bed30276c89e4ba5e1aa8f9d7aa9f334{\nbackground-color:#f2c947;\nborder-color:#f2c947;\ncolor:#ffffff;\ntransition:all 0.4s ease-in-out;\nmargin-bottom:5px;\nmargin-right:5px;\n}\n#top #wrap_all .avia-button.av-lu6ou9n2-bed30276c89e4ba5e1aa8f9d7aa9f334 .avia-svg-icon svg:first-child{\nfill:#ffffff;\nstroke:#ffffff;\n}\n<\/style>\n<a href='https:\/\/zinasnofpris.pmlp.gov.lv\/?page_id=57'  class='avia-button av-lu6ou9n2-bed30276c89e4ba5e1aa8f9d7aa9f334 avia-icon_select-yes-right-icon avia-size-small'   aria-label=\"E-PAKALPOJUMI\"><span class='avia_iconbox_title' >E-PAKALPOJUMI<\/span><span class='avia_button_icon avia_button_icon_right avia-iconfont avia-font-entypo-fontello' data-av_icon='\ue87d' data-av_iconfont='entypo-fontello' ><\/span><\/a>\n\n<style type=\"text\/css\" data-created_by=\"avia_inline_auto\" id=\"style-css-av-av_buttonrow_item-b98a9120cbf7d5145767095fccac6fe6\">\n#top #wrap_all .avia-button.av-av_buttonrow_item-b98a9120cbf7d5145767095fccac6fe6{\nmargin-bottom:5px;\nmargin-right:5px;\n}\n<\/style>\n<a href='#'  class='avia-button av-av_buttonrow_item-b98a9120cbf7d5145767095fccac6fe6 avia-icon_select-no avia-size-small avia-color-theme-color-subtle'   aria-label=\"SA\u0145EM\u0160ANA\"><span class='avia_iconbox_title' >SA\u0145EM\u0160ANA<\/span><\/a>\n<\/div>\n\n<style type=\"text\/css\" data-created_by=\"avia_inline_auto\" id=\"style-css-av-27gjd-b7f40afab39d94eb77d80b4be44c8361\">\n#top .hr.hr-invisible.av-27gjd-b7f40afab39d94eb77d80b4be44c8361{\nheight:30px;\n}\n<\/style>\n<div  class='hr av-27gjd-b7f40afab39d94eb77d80b4be44c8361 hr-invisible  avia-builder-el-2  el_after_av_buttonrow  el_before_av_toggle_container '><span class='hr-inner '><span class=\"hr-inner-style\"><\/span><\/span><\/div>\n\n<style type=\"text\/css\" data-created_by=\"avia_inline_auto\" id=\"style-css-av-lsorgbxy-a3505dc98b946ccd5c62302777752dc0\">\n#top .togglecontainer.av-lsorgbxy-a3505dc98b946ccd5c62302777752dc0 p.toggler{\nbackground-color:#ffffff;\nborder-color:#aed4ed;\n}\n#top .togglecontainer.av-lsorgbxy-a3505dc98b946ccd5c62302777752dc0 p.toggler:not(.activeTitle):hover{\nbackground-color:#aed4ed;\n}\n#top .togglecontainer.av-lsorgbxy-a3505dc98b946ccd5c62302777752dc0 p.toggler .toggle_icon{\ncolor:#0054a0;\nborder-color:#0054a0;\n}\n#top .togglecontainer.av-lsorgbxy-a3505dc98b946ccd5c62302777752dc0 p.toggler .toggle_icon > span{\ncolor:#0054a0;\nborder-color:#0054a0;\n}\n#top .togglecontainer.av-lsorgbxy-a3505dc98b946ccd5c62302777752dc0 .toggle_wrap .toggle_content{\nbackground-color:#ffffff;\nborder-color:#aed4ed;\n}\n<\/style>\n<div  class='togglecontainer av-lsorgbxy-a3505dc98b946ccd5c62302777752dc0 av-elegant-toggle  avia-builder-el-3  el_after_av_hr  avia-builder-el-last  saites-fpr toggle_close_all' >\n<section class='av_toggle_section av-fqk1-50a6815159018ababfd99e5165f7db6a'  itemscope=\"itemscope\" itemtype=\"https:\/\/schema.org\/CreativeWork\" ><div role=\"tablist\" class=\"single_toggle\" data-tags=\"{All} \"  ><p id='toggle-toggle-id-1' data-fake-id='#toggle-id-1' class='toggler  av-title-above av-inherit-border-color'  itemprop=\"headline\"  role='tab' tabindex='0' aria-controls='toggle-id-1' data-slide-speed=\"200\" data-title=\"E-pakalpojumi zi\u0146u sa\u0146em\u0161anai vai p\u0101rbaudei Fizisko personu re\u0123istr\u0101\" data-title-open=\"\" data-aria_collapsed=\"Click to expand: E-pakalpojumi zi\u0146u sa\u0146em\u0161anai vai p\u0101rbaudei Fizisko personu re\u0123istr\u0101\" data-aria_expanded=\"Click to collapse: E-pakalpojumi zi\u0146u sa\u0146em\u0161anai vai p\u0101rbaudei Fizisko personu re\u0123istr\u0101\">E-pakalpojumi zi\u0146u sa\u0146em\u0161anai vai p\u0101rbaudei Fizisko personu re\u0123istr\u0101<span class=\"toggle_icon\"><span class=\"vert_icon\"><\/span><span class=\"hor_icon\"><\/span><\/span><\/p><div id='toggle-id-1' aria-labelledby='toggle-toggle-id-1' role='region' class='toggle_wrap  av-title-above'  ><div class='toggle_content invers-color av-inherit-border-color'  itemprop=\"text\" ><div  class='avia-icon-list-container av-3z31p-9659e8fa56c6ed5af9a15a38ef8dcf6b  avia-builder-el-4  el_before_av_iconlist  avia-builder-el-first  fons-poga'><ul class='avia-icon-list avia_animate_when_almost_visible avia-icon-list-left av-iconlist-small av-3z31p-9659e8fa56c6ed5af9a15a38ef8dcf6b avia-iconlist-animate'>\n<li><a href='https:\/\/zinasnofpris.pmlp.gov.lv\/?page_id=186' title='Par sevi, savu b\u0113rnu, kur\u0161 jaun\u0101ks par 18 gadiem, vai par aizbildn\u012bb\u0101 vai aizg\u0101dn\u012bb\u0101 eso\u0161o personu'  class='iconlist_icon av-biux-2a26bfcb6213d68c2705d331b22287b5 avia-font-entypo-fontello avia-iconfont avia-font-entypo-fontello'><span class='av-icon-char' data-av_icon='\ue87d' data-av_iconfont='entypo-fontello' aria-hidden=\"true\"><\/span><\/a><article class=\"article-icon-entry av-iconlist-empty\"  itemscope=\"itemscope\" itemtype=\"https:\/\/schema.org\/CreativeWork\" ><div class=\"iconlist_content_wrap\"><header class=\"entry-content-header\" aria-label=\"Icon: &lt;a href=&#039;https:\/\/zinasnofpris.pmlp.gov.lv\/?page_id=186&#039; title=&#039;Par sevi, savu b\u0113rnu, kur\u0161 jaun\u0101ks par 18 gadiem, vai par aizbildn\u012bb\u0101 vai aizg\u0101dn\u012bb\u0101 eso\u0161o personu&#039;&gt;Par sevi, savu b\u0113rnu, kur\u0161 jaun\u0101ks par 18 gadiem, vai par aizbildn\u012bb\u0101 vai aizg\u0101dn\u012bb\u0101 eso\u0161o personu&lt;\/a&gt;\"><div class='av_iconlist_title iconlist_title_small  '  itemprop=\"headline\" ><a href='https:\/\/zinasnofpris.pmlp.gov.lv\/?page_id=186' title='Par sevi, savu b\u0113rnu, kur\u0161 jaun\u0101ks par 18 gadiem, vai par aizbildn\u012bb\u0101 vai aizg\u0101dn\u012bb\u0101 eso\u0161o personu'>Par sevi, savu b\u0113rnu, kur\u0161 jaun\u0101ks par 18 gadiem, vai par aizbildn\u012bb\u0101 vai aizg\u0101dn\u012bb\u0101 eso\u0161o personu<\/a><\/div><\/header><div class='iconlist_content '  itemprop=\"text\" ><\/div><\/div><footer class=\"entry-footer\"><\/footer><\/article><div class=\"iconlist-timeline\"><\/div><\/li>\n<li><a href='https:\/\/zinasnofpris.pmlp.gov.lv\/?page_id=192' title='Par re\u0123istr\u0113taj\u0101m person\u0101m nekustamaj\u0101 \u012bpa\u0161um\u0101'  class='iconlist_icon av-2lq1h-13fbef623862703ee3b1b85fade144e4 avia-font-entypo-fontello avia-iconfont avia-font-entypo-fontello'><span class='av-icon-char' data-av_icon='\ue87d' data-av_iconfont='entypo-fontello' aria-hidden=\"true\"><\/span><\/a><article class=\"article-icon-entry av-iconlist-empty\"  itemscope=\"itemscope\" itemtype=\"https:\/\/schema.org\/CreativeWork\" ><div class=\"iconlist_content_wrap\"><header class=\"entry-content-header\" aria-label=\"Icon: &lt;a href=&#039;https:\/\/zinasnofpris.pmlp.gov.lv\/?page_id=192&#039; title=&#039;Par re\u0123istr\u0113taj\u0101m person\u0101m nekustamaj\u0101 \u012bpa\u0161um\u0101&#039;&gt;Par re\u0123istr\u0113taj\u0101m person\u0101m nekustamaj\u0101 \u012bpa\u0161um\u0101&lt;\/a&gt;\"><div class='av_iconlist_title iconlist_title_small  '  itemprop=\"headline\" ><a href='https:\/\/zinasnofpris.pmlp.gov.lv\/?page_id=192' title='Par re\u0123istr\u0113taj\u0101m person\u0101m nekustamaj\u0101 \u012bpa\u0161um\u0101'>Par re\u0123istr\u0113taj\u0101m person\u0101m nekustamaj\u0101 \u012bpa\u0161um\u0101<\/a><\/div><\/header><div class='iconlist_content '  itemprop=\"text\" ><\/div><\/div><footer class=\"entry-footer\"><\/footer><\/article><div class=\"iconlist-timeline\"><\/div><\/li>\n<li><a href='https:\/\/zinasnofpris.pmlp.gov.lv\/?page_id=195' title='Par citu personu'  class='iconlist_icon av-22n05-73142b43eafb53173c7b5d180c739d04 avia-font-entypo-fontello avia-iconfont avia-font-entypo-fontello'><span class='av-icon-char' data-av_icon='\ue87d' data-av_iconfont='entypo-fontello' aria-hidden=\"true\"><\/span><\/a><article class=\"article-icon-entry av-iconlist-empty\"  itemscope=\"itemscope\" itemtype=\"https:\/\/schema.org\/CreativeWork\" ><div class=\"iconlist_content_wrap\"><header class=\"entry-content-header\" aria-label=\"Icon: &lt;a href=&#039;https:\/\/zinasnofpris.pmlp.gov.lv\/?page_id=195&#039; title=&#039;Par citu personu&#039;&gt;Par citu personu&lt;\/a&gt;\"><div class='av_iconlist_title iconlist_title_small  '  itemprop=\"headline\" ><a href='https:\/\/zinasnofpris.pmlp.gov.lv\/?page_id=195' title='Par citu personu'>Par citu personu<\/a><\/div><\/header><div class='iconlist_content '  itemprop=\"text\" ><\/div><\/div><footer class=\"entry-footer\"><\/footer><\/article><div class=\"iconlist-timeline\"><\/div><\/li>\n<\/ul><\/div>\n<\/div><\/div><\/div><\/section>\n<section class='av_toggle_section av-lsorgagi-58244a33fd25c8911c26f8831812c5dc'  itemscope=\"itemscope\" itemtype=\"https:\/\/schema.org\/CreativeWork\" ><div role=\"tablist\" class=\"single_toggle\" data-tags=\"{All} \"  ><p id='toggle-toggle-id-2' data-fake-id='#toggle-id-2' class='toggler  av-title-above av-inherit-border-color'  itemprop=\"headline\"  role='tab' tabindex='0' aria-controls='toggle-id-2' data-slide-speed=\"200\" data-title=\"E-pakalpojums zi\u0146u aktualiz\u0113\u0161anai Fizisko personu re\u0123istr\u0101\" data-title-open=\"\" data-aria_collapsed=\"Click to expand: E-pakalpojums zi\u0146u aktualiz\u0113\u0161anai Fizisko personu re\u0123istr\u0101\" data-aria_expanded=\"Click to collapse: E-pakalpojums zi\u0146u aktualiz\u0113\u0161anai Fizisko personu re\u0123istr\u0101\">E-pakalpojums zi\u0146u aktualiz\u0113\u0161anai Fizisko personu re\u0123istr\u0101<span class=\"toggle_icon\"><span class=\"vert_icon\"><\/span><span class=\"hor_icon\"><\/span><\/span><\/p><div id='toggle-id-2' aria-labelledby='toggle-toggle-id-2' role='region' class='toggle_wrap  av-title-above'  ><div class='toggle_content invers-color av-inherit-border-color'  itemprop=\"text\" ><div  class='avia-icon-list-container av-1qtdx-e7ebdf17f08539703a19e6decf5afb6d  avia-builder-el-5  el_after_av_iconlist  avia-builder-el-last  fons-poga'><ul class='avia-icon-list avia_animate_when_almost_visible avia-icon-list-left av-iconlist-small av-1qtdx-e7ebdf17f08539703a19e6decf5afb6d avia-iconlist-animate'>\n<li><a href='https:\/\/zinasnofpris.pmlp.gov.lv\/?page_id=198' title='Sev, savam b\u0113rnam, kur\u0161 jaun\u0101ks par 18 gadiem, vai aizbildn\u012bb\u0101 vai aizg\u0101dn\u012bb\u0101 eso\u0161ajai personai'  class='iconlist_icon av-pfh5-c610f85f3a7f6d58a3f7e65625c4a6c7 avia-font-entypo-fontello avia-iconfont avia-font-entypo-fontello'><span class='av-icon-char' data-av_icon='\ue87d' data-av_iconfont='entypo-fontello' aria-hidden=\"true\"><\/span><\/a><article class=\"article-icon-entry av-iconlist-empty\"  itemscope=\"itemscope\" itemtype=\"https:\/\/schema.org\/CreativeWork\" ><div class=\"iconlist_content_wrap\"><header class=\"entry-content-header\" aria-label=\"Icon: &lt;a href=&#039;https:\/\/zinasnofpris.pmlp.gov.lv\/?page_id=198&#039; title=&#039;Sev, savam b\u0113rnam, kur\u0161 jaun\u0101ks par 18 gadiem, vai aizbildn\u012bb\u0101 vai aizg\u0101dn\u012bb\u0101 eso\u0161ajai personai&#039;&gt;Sev, savam b\u0113rnam, kur\u0161 jaun\u0101ks par 18 gadiem, vai aizbildn\u012bb\u0101 vai aizg\u0101dn\u012bb\u0101 eso\u0161ajai personai&lt;\/a&gt;\"><div class='av_iconlist_title iconlist_title_small  '  itemprop=\"headline\" ><a href='https:\/\/zinasnofpris.pmlp.gov.lv\/?page_id=198' title='Sev, savam b\u0113rnam, kur\u0161 jaun\u0101ks par 18 gadiem, vai aizbildn\u012bb\u0101 vai aizg\u0101dn\u012bb\u0101 eso\u0161ajai personai'>Sev, savam b\u0113rnam, kur\u0161 jaun\u0101ks par 18 gadiem, vai aizbildn\u012bb\u0101 vai aizg\u0101dn\u012bb\u0101 eso\u0161ajai personai<\/a><\/div><\/header><div class='iconlist_content '  itemprop=\"text\" ><\/div><\/div><footer class=\"entry-footer\"><\/footer><\/article><div class=\"iconlist-timeline\"><\/div><\/li>\n<\/ul><\/div>\n<\/div><\/div><\/div><\/section>\n<\/div>\n","protected":false},"excerpt":{"rendered":"","protected":false},"author":1,"featured_media":0,"parent":39,"menu_order":1,"comment_status":"closed","ping_status":"closed","template":"","meta":{"inline_featured_image":false,"footnotes":""},"class_list":["post-57","page","type-page","status-publish","hentry"],"_links":{"self":[{"href":"https:\/\/zinasnofpris.pmlp.gov.lv\/index.php?rest_route=\/wp\/v2\/pages\/57","targetHints":{"allow":["GET"]}}],"collection":[{"href":"https:\/\/zinasnofpris.pmlp.gov.lv\/index.php?rest_route=\/wp\/v2\/pages"}],"about":[{"href":"https:\/\/zinasnofpris.pmlp.gov.lv\/index.php?rest_route=\/wp\/v2\/types\/page"}],"author":[{"embeddable":true,"href":"https:\/\/zinasnofpris.pmlp.gov.lv\/index.php?rest_route=\/wp\/v2\/users\/1"}],"replies":[{"embeddable":true,"href":"https:\/\/zinasnofpris.pmlp.gov.lv\/index.php?rest_route=%2Fwp%2Fv2%2Fcomments&post=57"}],"version-history":[{"count":5,"href":"https:\/\/zinasnofpris.pmlp.gov.lv\/index.php?rest_route=\/wp\/v2\/pages\/57\/revisions"}],"predecessor-version":[{"id":658,"href":"https:\/\/zinasnofpris.pmlp.gov.lv\/index.php?rest_route=\/wp\/v2\/pages\/57\/revisions\/658"}],"up":[{"embeddable":true,"href":"https:\/\/zinasnofpris.pmlp.gov.lv\/index.php?rest_route=\/wp\/v2\/pages\/39"}],"wp:attachment":[{"href":"https:\/\/zinasnofpris.pmlp.gov.lv\/index.php?rest_route=%2Fwp%2Fv2%2Fmedia&parent=57"}],"curies":[{"name":"wp","href":"https:\/\/api.w.org\/{rel}","templated":true}]}}