{"id":55,"date":"2024-02-06T12:03:59","date_gmt":"2024-02-06T10:03:59","guid":{"rendered":"https:\/\/zinasnofpris.pmlp.gov.lv\/?page_id=55"},"modified":"2025-03-11T13:59:55","modified_gmt":"2025-03-11T11:59:55","slug":"izzina","status":"publish","type":"page","link":"https:\/\/zinasnofpris.pmlp.gov.lv\/?page_id=55","title":{"rendered":"Izzi\u0146a"},"content":{"rendered":"<section  class='av_textblock_section av-td8az-0c9448eb04f9ab34af13b0a4134c30f4 '   itemscope=\"itemscope\" itemtype=\"https:\/\/schema.org\/CreativeWork\" ><div class='avia_textblock'  itemprop=\"text\" ><p>IZZI\u0145A<\/p>\n<\/div><\/section>\n<div  class='avia-buttonrow-wrap av-lscwpn0i-468e59d59f99b425dadff6794a9e6fe9 avia-buttonrow-left  avia-builder-el-1  el_after_av_textblock  el_before_av_hr '>\n\n<style type=\"text\/css\" data-created_by=\"avia_inline_auto\" id=\"style-css-av-w1z7-4a24bd2bdf8eba0d1776896674d62da8\">\n#top #wrap_all .avia-button.av-w1z7-4a24bd2bdf8eba0d1776896674d62da8{\nmargin-bottom:5px;\nmargin-right:5px;\n}\n<\/style>\n<a href='https:\/\/zinasnofpris.pmlp.gov.lv\/'  class='avia-button av-w1z7-4a24bd2bdf8eba0d1776896674d62da8 avia-icon_select-yes-right-icon avia-size-small avia-color-theme-color'   aria-label=\"S\u0100KUMS\"><span class='avia_iconbox_title' >S\u0100KUMS<\/span><span class='avia_button_icon avia_button_icon_right avia-iconfont avia-font-entypo-fontello' data-av_icon='\ue87d' data-av_iconfont='entypo-fontello' ><\/span><\/a>\n\n<style type=\"text\/css\" data-created_by=\"avia_inline_auto\" id=\"style-css-av-lscwplkn-37463a6e7a52afa028309c23a52ca772\">\n#top #wrap_all .avia-button.av-lscwplkn-37463a6e7a52afa028309c23a52ca772{\nbackground-color:#9dcf62;\nborder-color:#9dcf62;\ncolor:#ffffff;\ntransition:all 0.4s ease-in-out;\nmargin-bottom:5px;\nmargin-right:5px;\n}\n#top #wrap_all .avia-button.av-lscwplkn-37463a6e7a52afa028309c23a52ca772 .avia-svg-icon svg:first-child{\nfill:#ffffff;\nstroke:#ffffff;\n}\n<\/style>\n<a href='https:\/\/zinasnofpris.pmlp.gov.lv\/?page_id=55'  class='avia-button av-lscwplkn-37463a6e7a52afa028309c23a52ca772 avia-icon_select-yes-right-icon avia-size-small'   aria-label=\"IZZI\u0145A\"><span class='avia_iconbox_title' >IZZI\u0145A<\/span><span class='avia_button_icon avia_button_icon_right avia-iconfont avia-font-entypo-fontello' data-av_icon='\ue87d' data-av_iconfont='entypo-fontello' ><\/span><\/a>\n\n<style type=\"text\/css\" data-created_by=\"avia_inline_auto\" id=\"style-css-av-lscwp8fj-6cdc67178f796bd12f870818bfb44c30\">\n#top #wrap_all .avia-button.av-lscwp8fj-6cdc67178f796bd12f870818bfb44c30{\nmargin-bottom:5px;\nmargin-right:5px;\n}\n<\/style>\n<a href='#'  class='avia-button av-lscwp8fj-6cdc67178f796bd12f870818bfb44c30 avia-icon_select-yes-right-icon avia-size-small avia-color-theme-color-subtle'   aria-label=\"K\u0100 IESNIEGT\"><span class='avia_iconbox_title' >K\u0100 IESNIEGT<\/span><span class='avia_button_icon avia_button_icon_right avia-iconfont avia-font-entypo-fontello' data-av_icon='\ue87d' data-av_iconfont='entypo-fontello' ><\/span><\/a>\n\n<style type=\"text\/css\" data-created_by=\"avia_inline_auto\" id=\"style-css-av-lscwou9t-3edd2688755e604914ad7d5b60c54f9f\">\n#top #wrap_all .avia-button.av-lscwou9t-3edd2688755e604914ad7d5b60c54f9f{\nmargin-bottom:5px;\nmargin-right:5px;\n}\n<\/style>\n<a href='#'  class='avia-button av-lscwou9t-3edd2688755e604914ad7d5b60c54f9f avia-icon_select-no avia-size-small avia-color-theme-color-subtle'   aria-label=\"SA\u0145EM\u0160ANA\"><span class='avia_iconbox_title' >SA\u0145EM\u0160ANA<\/span><\/a>\n<\/div>\n\n<style type=\"text\/css\" data-created_by=\"avia_inline_auto\" id=\"style-css-av-ovkuz-37498893c967acefd16f0e3e4242cb4f\">\n#top .hr.hr-invisible.av-ovkuz-37498893c967acefd16f0e3e4242cb4f{\nheight:30px;\n}\n<\/style>\n<div  class='hr av-ovkuz-37498893c967acefd16f0e3e4242cb4f hr-invisible  avia-builder-el-2  el_after_av_buttonrow  el_before_av_toggle_container '><span class='hr-inner '><span class=\"hr-inner-style\"><\/span><\/span><\/div>\n\n<style type=\"text\/css\" data-created_by=\"avia_inline_auto\" id=\"style-css-av-lt9ssrmc-77dd1becbaf1025a81faad8269e34ce6\">\n#top .togglecontainer.av-lt9ssrmc-77dd1becbaf1025a81faad8269e34ce6 p.toggler{\nbackground-color:#ffffff;\nborder-color:#aed4ed;\n}\n#top .togglecontainer.av-lt9ssrmc-77dd1becbaf1025a81faad8269e34ce6 p.toggler:not(.activeTitle):hover{\nbackground-color:#aed4ed;\n}\n#top .togglecontainer.av-lt9ssrmc-77dd1becbaf1025a81faad8269e34ce6 p.toggler .toggle_icon{\ncolor:#0054a0;\nborder-color:#0054a0;\n}\n#top .togglecontainer.av-lt9ssrmc-77dd1becbaf1025a81faad8269e34ce6 p.toggler .toggle_icon > span{\ncolor:#0054a0;\nborder-color:#0054a0;\n}\n#top .togglecontainer.av-lt9ssrmc-77dd1becbaf1025a81faad8269e34ce6 .toggle_wrap .toggle_content{\nbackground-color:#ffffff;\nborder-color:#aed4ed;\n}\n<\/style>\n<div  class='togglecontainer av-lt9ssrmc-77dd1becbaf1025a81faad8269e34ce6 av-elegant-toggle  avia-builder-el-3  el_after_av_hr  avia-builder-el-last  saites-fpr toggle_close_all' >\n<section class='av_toggle_section av-lt9ss47l-7989367c225df337a4caa64327e924e3'  itemscope=\"itemscope\" itemtype=\"https:\/\/schema.org\/CreativeWork\" ><div role=\"tablist\" class=\"single_toggle\" data-tags=\"{All} \"  ><p id='toggle-toggle-id-1' data-fake-id='#toggle-id-1' class='toggler  av-title-above av-inherit-border-color'  itemprop=\"headline\"  role='tab' tabindex='0' aria-controls='toggle-id-1' data-slide-speed=\"200\" data-title=\"IZZI\u0145AS PIEPRAS\u012a\u0160ANA NO FIZISKO PERSONU RE\u0122ISTRA PAR SEVI, SAVU B\u0112RNU, KUR\u0160 JAUN\u0100KS PAR 18 GADIEM, VAI PAR AIZBILDN\u012aB\u0100 VAI AIZG\u0100DN\u012aB\u0100 ESO\u0160O PERSONU\" data-title-open=\"\" data-aria_collapsed=\"Click to expand: IZZI\u0145AS PIEPRAS\u012a\u0160ANA NO FIZISKO PERSONU RE\u0122ISTRA PAR SEVI, SAVU B\u0112RNU, KUR\u0160 JAUN\u0100KS PAR 18 GADIEM, VAI PAR AIZBILDN\u012aB\u0100 VAI AIZG\u0100DN\u012aB\u0100 ESO\u0160O PERSONU\" data-aria_expanded=\"Click to collapse: IZZI\u0145AS PIEPRAS\u012a\u0160ANA NO FIZISKO PERSONU RE\u0122ISTRA PAR SEVI, SAVU B\u0112RNU, KUR\u0160 JAUN\u0100KS PAR 18 GADIEM, VAI PAR AIZBILDN\u012aB\u0100 VAI AIZG\u0100DN\u012aB\u0100 ESO\u0160O PERSONU\">IZZI\u0145AS PIEPRAS\u012a\u0160ANA NO FIZISKO PERSONU RE\u0122ISTRA PAR SEVI, SAVU B\u0112RNU, KUR\u0160 JAUN\u0100KS PAR 18 GADIEM, VAI PAR AIZBILDN\u012aB\u0100 VAI AIZG\u0100DN\u012aB\u0100 ESO\u0160O PERSONU<span class=\"toggle_icon\"><span class=\"vert_icon\"><\/span><span class=\"hor_icon\"><\/span><\/span><\/p><div id='toggle-id-1' aria-labelledby='toggle-toggle-id-1' role='region' class='toggle_wrap  av-title-above'  ><div class='toggle_content invers-color av-inherit-border-color'  itemprop=\"text\" ><p><strong>J\u0101iesniedz PMLP piepras\u012bjums par zi\u0146u sa\u0146em\u0161anu no Fizisko personu re\u0123istra, kur\u0101 j\u0101nor\u0101da \u0161\u0101da inform\u0101cija:<\/strong><\/p>\n<ul>\n<li>v\u0101rds (v\u0101rdi), uzv\u0101rds un personas kods (ja personas koda nav, \u2013 dzim\u0161anas datumu, valsts un vieta vai \u0101rvalst\u012b pie\u0161\u0137irtais identifik\u0101cijas kods);<\/li>\n<li>deklar\u0113t\u0101s vai nor\u0101d\u012bt\u0101s dz\u012bvesvietas adrese, kontaktinform\u0101cija (e-pasts, nor\u0101de par ofici\u0101l\u0101s elektronisk\u0101s adreses (e-Adrese) esam\u012bbu vai t\u0101lru\u0146a numurs);<\/li>\n<li>nepiecie\u0161amais zi\u0146u apjoms (pieprasot zi\u0146as par sevi, savu nepilngad\u012bgo vai par aizbildn\u012bb\u0101 vai aizg\u0101dn\u012bb\u0101 eso\u0161o personu iesnieg\u0161anai \u0101rvalst\u012b past\u0101v iesp\u0113ja piepras\u012bt ES daudzvalodu standarta veidlapu, lai izzi\u0146a tiktu pie\u0146emta ES dal\u012bbvalst\u012b bez tulkojuma);<\/li>\n<li>zi\u0146u izsnieg\u0161anas veids (atbilsto\u0161i zi\u0146u piepras\u012b\u0161anas veidam \u2013 skat\u012bt inform\u0101ciju t\u0101l\u0101k);<\/li>\n<li>\n<div><span lang=\"EN-GB\">zi\u0146u izmanto\u0161anas m\u0113r\u0137is (ja izzi\u0146u ir pl\u0101nots izmantot cit\u0101 valst\u012b, l\u016bdzu nor\u0101diet valsti, kur\u0101 izzi\u0146u pl\u0101nots iesniegt);<\/span><\/div>\n<\/li>\n<\/ul>\n<p>P\u0101rbaud\u012bt zi\u0146as par sevi, savu b\u0113rnu, aizbildn\u012bb\u0101 vai aizg\u0101dn\u012bb\u0101 eso\u0161u personu Fizisko personu re\u0123istr\u0101 ir iesp\u0113jams, izmantojot e-pakalpojumu \u201c<a href=\"https:\/\/latvija.gov.lv\/Services\/12291\" target=\"_blank\" rel=\"noopener\">Mani dati Fizisko personu re\u0123istr\u0101<\/a> \u201d.<\/p>\n<p><strong>Maksa<\/strong><\/p>\n<p style=\"font-weight: 400;\">Par izzi\u0146as sa\u0146em\u0161anu no Fizisko personu re\u0123istra (ar\u012b apliecin\u0101jums par personas statusu) par sevi, savu b\u0113rnu, kur\u0161 jaun\u0101ks par 18 gadiem, vai par aizbildn\u012bb\u0101 vai aizg\u0101dn\u012bb\u0101 eso\u0161o personu (par vienu personu), ir j\u0101veic valsts nodevas <a href=\"https:\/\/www.pmlp.gov.lv\/lv\/valsts-nodeva-par-informacijas-sanemsanu-no-fizisko-personu-registra\" target=\"_blank\" rel=\"noopener\">samaksa<\/a>*<\/p>\n<p style=\"font-weight: 400;\">Valsts nodevas samaksa j\u0101veic pirms zi\u0146u sa\u0146em\u0161anas no Fizisko personu re\u0123istra atbilsto\u0161i piepras\u012bt\u0101s izzi\u0146as sa\u0146em\u0161anas veidam un termi\u0146am.<\/p>\n<p style=\"font-weight: 400;\">Samaksu iesp\u0113jams veikt, izmantojot e-pakalpojumu <a href=\"https:\/\/latvija.gov.lv\/Services\/7540\" target=\"_blank\" rel=\"noopener\">\u201cNor\u0113\u0137inu veik\u0161ana par Pilson\u012bbas un migr\u0101cijas lietu p\u0101rvaldes sniegtajiem pakalpojumiem\u201d<\/a><\/p>\n<p style=\"font-weight: 400;\">* Valsts nodevas apm\u0113rs, samaksas k\u0101rt\u012bba, atvieglojumi un atbr\u012bvojumi, k\u0101 ar\u012b gad\u012bjumi, kuros valsts nodevu neatmaks\u0101, noteikts Ministru kabineta 2021. gada 6. j\u016blija noteikumu Nr. 485 <a href=\"https:\/\/likumi.lv\/ta\/id\/324592-noteikumi-par-valsts-nodevu-par-informacijas-sanemsanu-no-fizisko-personu-registra\" target=\"_blank\" rel=\"noopener\">&#8220;Noteikumi par valsts nodevu par inform\u0101cijas sa\u0146em\u0161anu no Fizisko personu re\u0123istra&#8221;<\/a> 2.3., 2.4., 3., 4. un 8. punkt\u0101.<\/p>\n<div  class='avia-button-wrap av-av_button-a5364f9f92756350961e018dedd3745d-wrap avia-button-left  avia-builder-el-4  el_before_av_button  avia-builder-el-first '>\n<style type=\"text\/css\" data-created_by=\"avia_inline_auto\" id=\"style-css-av-av_button-a5364f9f92756350961e018dedd3745d\">\n#top #wrap_all .avia-button.av-av_button-a5364f9f92756350961e018dedd3745d{\nbackground-color:#9dcf62;\nborder-color:#9dcf62;\ncolor:#ffffff;\ntransition:all 0.4s ease-in-out;\n}\n#top #wrap_all .avia-button.av-av_button-a5364f9f92756350961e018dedd3745d .avia-svg-icon svg:first-child{\nfill:#ffffff;\nstroke:#ffffff;\n}\n<\/style>\n<a href='https:\/\/zinasnofpris.pmlp.gov.lv\/?page_id=72'  class='avia-button av-av_button-a5364f9f92756350961e018dedd3745d av-link-btn avia-icon_select-yes-right-icon avia-size-small avia-position-left'   aria-label=\"T\u0100L\u0100K \"><span class='avia_iconbox_title' >T\u0100L\u0100K <\/span><span class='avia_button_icon avia_button_icon_right avia-iconfont avia-font-entypo-fontello' data-av_icon='\ue87d' data-av_iconfont='entypo-fontello' ><\/span><\/a><\/div>\n<\/div><\/div><\/div><\/section>\n<section class='av_toggle_section av-lt9ssda0-a371278bac85db530b6f290e5617dffa'  itemscope=\"itemscope\" itemtype=\"https:\/\/schema.org\/CreativeWork\" ><div role=\"tablist\" class=\"single_toggle\" data-tags=\"{All} \"  ><p id='toggle-toggle-id-2' data-fake-id='#toggle-id-2' class='toggler  av-title-above av-inherit-border-color'  itemprop=\"headline\"  role='tab' tabindex='0' aria-controls='toggle-id-2' data-slide-speed=\"200\" data-title=\"EIROPAS SAVIEN\u012aBAS DAUDZVALODU STANDARTA VEIDLAPA\" data-title-open=\"\" data-aria_collapsed=\"Click to expand: EIROPAS SAVIEN\u012aBAS DAUDZVALODU STANDARTA VEIDLAPA\" data-aria_expanded=\"Click to collapse: EIROPAS SAVIEN\u012aBAS DAUDZVALODU STANDARTA VEIDLAPA\">EIROPAS SAVIEN\u012aBAS DAUDZVALODU STANDARTA VEIDLAPA<span class=\"toggle_icon\"><span class=\"vert_icon\"><\/span><span class=\"hor_icon\"><\/span><\/span><\/p><div id='toggle-id-2' aria-labelledby='toggle-toggle-id-2' role='region' class='toggle_wrap  av-title-above'  ><div class='toggle_content invers-color av-inherit-border-color'  itemprop=\"text\" ><p>Saska\u0146\u0101 ar Eiropas Savien\u012bbas (ES) Regulu Nr. 2016\/1191 par iedz\u012bvot\u0101ju br\u012bvas p\u0101rvieto\u0161an\u0101s veicin\u0101\u0161anu, vienk\u0101r\u0161ojot publisko dokumentu uzr\u0101d\u012b\u0161anas pras\u012bbas ES dal\u012bbvalst\u012bs, no 2019. gada 16. febru\u0101ra da\u017ei publiski dokumenti un to apliecin\u0101tas kopijas ir atbr\u012bvoti no legaliz\u0101cijas un Apostille apliecin\u0101juma (dokumentu \u012bstuma apliecin\u0101\u0161anas) formalit\u0101tes ES.<\/p>\n<div  class='avia-button-wrap av-av_button-b36fa295c2ef7dfa8499de198975310d-wrap avia-button-left  avia-builder-el-5  el_after_av_button  el_before_av_button '>\n<style type=\"text\/css\" data-created_by=\"avia_inline_auto\" id=\"style-css-av-av_button-b36fa295c2ef7dfa8499de198975310d\">\n#top #wrap_all .avia-button.av-av_button-b36fa295c2ef7dfa8499de198975310d{\nbackground-color:#9dcf62;\nborder-color:#9dcf62;\ncolor:#ffffff;\ntransition:all 0.4s ease-in-out;\n}\n#top #wrap_all .avia-button.av-av_button-b36fa295c2ef7dfa8499de198975310d .avia-svg-icon svg:first-child{\nfill:#ffffff;\nstroke:#ffffff;\n}\n<\/style>\n<a href='https:\/\/zinasnofpris.pmlp.gov.lv\/?page_id=74'  class='avia-button av-av_button-b36fa295c2ef7dfa8499de198975310d av-link-btn avia-icon_select-yes-right-icon avia-size-small avia-position-left'   aria-label=\"T\u0100L\u0100K \"><span class='avia_iconbox_title' >T\u0100L\u0100K <\/span><span class='avia_button_icon avia_button_icon_right avia-iconfont avia-font-entypo-fontello' data-av_icon='\ue87d' data-av_iconfont='entypo-fontello' ><\/span><\/a><\/div>\n<\/div><\/div><\/div><\/section>\n<section class='av_toggle_section av-lt9ssqi9-a250a02d5029df53819ffa178d92dc07'  itemscope=\"itemscope\" itemtype=\"https:\/\/schema.org\/CreativeWork\" ><div role=\"tablist\" class=\"single_toggle\" data-tags=\"{All} \"  ><p id='toggle-toggle-id-3' data-fake-id='#toggle-id-3' class='toggler  av-title-above av-inherit-border-color'  itemprop=\"headline\"  role='tab' tabindex='0' aria-controls='toggle-id-3' data-slide-speed=\"200\" data-title=\"IZZI\u0145AS PIEPRAS\u012a\u0160ANA NO FIZISKO PERSONU RE\u0122ISTRA PAR CITU PERSONU\" data-title-open=\"\" data-aria_collapsed=\"Click to expand: IZZI\u0145AS PIEPRAS\u012a\u0160ANA NO FIZISKO PERSONU RE\u0122ISTRA PAR CITU PERSONU\" data-aria_expanded=\"Click to collapse: IZZI\u0145AS PIEPRAS\u012a\u0160ANA NO FIZISKO PERSONU RE\u0122ISTRA PAR CITU PERSONU\">IZZI\u0145AS PIEPRAS\u012a\u0160ANA NO FIZISKO PERSONU RE\u0122ISTRA PAR CITU PERSONU<span class=\"toggle_icon\"><span class=\"vert_icon\"><\/span><span class=\"hor_icon\"><\/span><\/span><\/p><div id='toggle-id-3' aria-labelledby='toggle-toggle-id-3' role='region' class='toggle_wrap  av-title-above'  ><div class='toggle_content invers-color av-inherit-border-color'  itemprop=\"text\" ><div><strong><span lang=\"LV\">J\u0101iesniedz PMLP motiv\u0113ts piepras\u012bjums par zi\u0146u sa\u0146em\u0161anu no Fizisko personu re\u0123istra, kur\u0101 j\u0101nor\u0101da \u0161\u0101das zi\u0146as:<\/span><\/strong><\/div>\n<ul>\n<li>fiziska persona &#8211; v\u0101rds (v\u0101rdi), uzv\u0101rds un personas kods (ja personas koda nav, \u2013 dzim\u0161anas datumu, valsts un vieta vai \u0101rvalst\u012b pie\u0161\u0137irtais identifik\u0101cijas kods), bet juridiska persona \u2013 nosaukums un re\u0123istr\u0101cijas kods;<\/li>\n<li>fiziska persona &#8211; deklar\u0113t\u0101s vai nor\u0101d\u012bt\u0101s dz\u012bvesvietas adrese, kontaktinform\u0101cija (e-adrese, e-pasts vai t\u0101lru\u0146a numurs), juridiska persona &#8211; juridisk\u0101 adrese un kontaktinform\u0101cija (e-adrese, e-pasts vai t\u0101lru\u0146a numurs);<\/li>\n<li>nepiecie\u0161amais zi\u0146u apjoms;<\/li>\n<li>\n<div><span lang=\"LV\">pamatojums zi\u0146u sa\u0146em\u0161anas nepiecie\u0161am\u012bbai un j\u0101pievieno nepiecie\u0161am\u012bbu apliecino\u0161u dokumentu vai t\u0101 kopiju, ja t\u0101ds ir<\/span>;<\/div>\n<\/li>\n<li>dati, p\u0113c kuriem Fizisko personu re\u0123istr\u0101 var identific\u0113t personu, par kuru tiek piepras\u012btas zi\u0146as;<\/li>\n<li>zi\u0146u piepras\u012b\u0161anas m\u0113r\u0137is;<\/li>\n<li>zi\u0146u izsnieg\u0161anas veids (<span lang=\"LV\">atbilsto\u0161i zi\u0146u piepras\u012b\u0161anas veidam \u2013 skat\u012bt inform\u0101ciju t\u0101l\u0101k<\/span>).<\/li>\n<\/ul>\n<p><strong>Maksa<\/strong><\/p>\n<p style=\"font-weight: 400;\">Par izzi\u0146as sa\u0146em\u0161anu no Fizisko personu re\u0123istra par citu personu (par vienu personu), ja inform\u0101cija sagatavota p\u0113c inform\u0101cijas piepras\u012bt\u0101ja nor\u0101d\u012btajiem krit\u0113rijiem, j\u0101veic valsts nodevas <a href=\"https:\/\/www.pmlp.gov.lv\/lv\/valsts-nodeva-par-informacijas-sanemsanu-no-fizisko-personu-registra\" target=\"_blank\" rel=\"noopener\">samaksa<\/a>*<\/p>\n<p style=\"font-weight: 400;\">Valsts nodevas samaksa j\u0101veic pirms zi\u0146u sa\u0146em\u0161anas no Fizisko personu re\u0123istra atbilsto\u0161i piepras\u012bt\u0101s izzi\u0146as sa\u0146em\u0161anas veidam un termi\u0146am.<\/p>\n<p style=\"font-weight: 400;\">* Valsts nodevas apm\u0113rs, samaksas k\u0101rt\u012bba, atvieglojumi un atbr\u012bvojumi, k\u0101 ar\u012b gad\u012bjumi, kuros valsts nodevu neatmaks\u0101, noteikts Ministru kabineta 2021. gada 6. j\u016blija noteikumu Nr. 485 <a href=\"https:\/\/likumi.lv\/ta\/id\/324592-noteikumi-par-valsts-nodevu-par-informacijas-sanemsanu-no-fizisko-personu-registra\" target=\"_blank\" rel=\"noopener\">&#8220;Noteikumi par valsts nodevu par inform\u0101cijas sa\u0146em\u0161anu no Fizisko personu re\u0123istra&#8221;<\/a> 2.5., 3., 4. un 8. punkt\u0101.<\/p>\n<div  class='avia-button-wrap av-av_button-d925281dbae922e69b44d9f2dc322f19-wrap avia-button-left  avia-builder-el-6  el_after_av_button  avia-builder-el-last '>\n<style type=\"text\/css\" data-created_by=\"avia_inline_auto\" id=\"style-css-av-av_button-d925281dbae922e69b44d9f2dc322f19\">\n#top #wrap_all .avia-button.av-av_button-d925281dbae922e69b44d9f2dc322f19{\nbackground-color:#9dcf62;\nborder-color:#9dcf62;\ncolor:#ffffff;\ntransition:all 0.4s ease-in-out;\n}\n#top #wrap_all .avia-button.av-av_button-d925281dbae922e69b44d9f2dc322f19 .avia-svg-icon svg:first-child{\nfill:#ffffff;\nstroke:#ffffff;\n}\n<\/style>\n<a href='https:\/\/zinasnofpris.pmlp.gov.lv\/?page_id=76'  class='avia-button av-av_button-d925281dbae922e69b44d9f2dc322f19 av-link-btn avia-icon_select-yes-right-icon avia-size-small avia-position-left'   aria-label=\"T\u0100L\u0100K \"><span class='avia_iconbox_title' >T\u0100L\u0100K <\/span><span class='avia_button_icon avia_button_icon_right avia-iconfont avia-font-entypo-fontello' data-av_icon='\ue87d' data-av_iconfont='entypo-fontello' ><\/span><\/a><\/div>\n<\/div><\/div><\/div><\/section>\n<section class='av_toggle_section av-av_toggle-e7a4ea467368c1013a00e7abd09cf302'  itemscope=\"itemscope\" itemtype=\"https:\/\/schema.org\/CreativeWork\" ><div role=\"tablist\" class=\"single_toggle\" data-tags=\"{All} \"  ><p id='toggle-toggle-id-4' data-fake-id='#toggle-id-4' class='toggler  av-title-above av-inherit-border-color'  itemprop=\"headline\"  role='tab' tabindex='0' aria-controls='toggle-id-4' data-slide-speed=\"200\" data-title=\"NEKUSTAMAJ\u0100 \u012aPA\u0160UM\u0100 DEKLAR\u0112T\u0100S VAI NOR\u0100D\u012aT\u0100S PERSONAS \" data-title-open=\"\" data-aria_collapsed=\"Click to expand: NEKUSTAMAJ\u0100 \u012aPA\u0160UM\u0100 DEKLAR\u0112T\u0100S VAI NOR\u0100D\u012aT\u0100S PERSONAS \" data-aria_expanded=\"Click to collapse: NEKUSTAMAJ\u0100 \u012aPA\u0160UM\u0100 DEKLAR\u0112T\u0100S VAI NOR\u0100D\u012aT\u0100S PERSONAS \">NEKUSTAMAJ\u0100 \u012aPA\u0160UM\u0100 DEKLAR\u0112T\u0100S VAI NOR\u0100D\u012aT\u0100S PERSONAS <span class=\"toggle_icon\"><span class=\"vert_icon\"><\/span><span class=\"hor_icon\"><\/span><\/span><\/p><div id='toggle-id-4' aria-labelledby='toggle-toggle-id-4' role='region' class='toggle_wrap  av-title-above'  ><div class='toggle_content invers-color av-inherit-border-color'  itemprop=\"text\" ><p style=\"font-weight: 400;\">Nekustam\u0101 \u012bpa\u0161uma \u012bpa\u0161nieks vai vi\u0146a pilnvarota persona var rakstveid\u0101 piepras\u012bt un bez maksas sa\u0146emt aktu\u0101l\u0101s Fizisko personu re\u0123istr\u0101 iek\u013caut\u0101s zi\u0146as par person\u0101m, kuras \u0161aj\u0101 \u012bpa\u0161um\u0101 deklar\u0113ju\u0161as, re\u0123istr\u0113ju\u0161as vai k\u0101 papildu adresi nor\u0101d\u012bju\u0161as dz\u012bvesvietu, vai par \u0161o personu skaitu (<a href=\"https:\/\/www.pmlp.gov.lv\/lv\/izzina-par-nekustamaja-ipasuma-deklaretajam-personam\" target=\"_blank\" rel=\"noopener\">skat\u012bt inform\u0101ciju<\/a>)<\/p>\n<p style=\"font-weight: 400;\">Ja nekustam\u0101 \u012bpa\u0161uma \u012bpa\u0161nieks ir fiziska persona, zi\u0146as ir iesp\u0113jams p\u0101rbaud\u012bt, izmantojot e-pakalpojumu \u201c<a href=\"https:\/\/latvija.gov.lv\/Services\/12306\" target=\"_blank\" rel=\"noopener\">Man\u0101 \u012bpa\u0161um\u0101 deklar\u0113t\u0101s vai nor\u0101d\u012bt\u0101s personas<\/a>\u201d<\/p>\n<p style=\"font-weight: 400;\">Par izzi\u0146as nos\u016bt\u012b\u0161anu pa pastu tiek piem\u0113rota maksas pakalpojuma maksa saska\u0146\u0101 ar Ministru kabineta 2023. gada 12. septembra noteikumu Nr. 515 \u201c<a href=\"https:\/\/www.pmlp.gov.lv\/lv\/maksas-pakalpojumu-cenradis\" target=\"_blank\" rel=\"noopener\">Pilson\u012bbas un migr\u0101cijas lietu p\u0101rvaldes maksas pakalpojumu cenr\u0101dis<\/a>\u201d pielikuma 12. punktu<\/p>\n<\/div><\/div><\/div><\/section>\n<\/div>\n","protected":false},"excerpt":{"rendered":"","protected":false},"author":1,"featured_media":0,"parent":39,"menu_order":0,"comment_status":"closed","ping_status":"closed","template":"","meta":{"inline_featured_image":false,"footnotes":""},"class_list":["post-55","page","type-page","status-publish","hentry"],"_links":{"self":[{"href":"https:\/\/zinasnofpris.pmlp.gov.lv\/index.php?rest_route=\/wp\/v2\/pages\/55","targetHints":{"allow":["GET"]}}],"collection":[{"href":"https:\/\/zinasnofpris.pmlp.gov.lv\/index.php?rest_route=\/wp\/v2\/pages"}],"about":[{"href":"https:\/\/zinasnofpris.pmlp.gov.lv\/index.php?rest_route=\/wp\/v2\/types\/page"}],"author":[{"embeddable":true,"href":"https:\/\/zinasnofpris.pmlp.gov.lv\/index.php?rest_route=\/wp\/v2\/users\/1"}],"replies":[{"embeddable":true,"href":"https:\/\/zinasnofpris.pmlp.gov.lv\/index.php?rest_route=%2Fwp%2Fv2%2Fcomments&post=55"}],"version-history":[{"count":5,"href":"https:\/\/zinasnofpris.pmlp.gov.lv\/index.php?rest_route=\/wp\/v2\/pages\/55\/revisions"}],"predecessor-version":[{"id":706,"href":"https:\/\/zinasnofpris.pmlp.gov.lv\/index.php?rest_route=\/wp\/v2\/pages\/55\/revisions\/706"}],"up":[{"embeddable":true,"href":"https:\/\/zinasnofpris.pmlp.gov.lv\/index.php?rest_route=\/wp\/v2\/pages\/39"}],"wp:attachment":[{"href":"https:\/\/zinasnofpris.pmlp.gov.lv\/index.php?rest_route=%2Fwp%2Fv2%2Fmedia&parent=55"}],"curies":[{"name":"wp","href":"https:\/\/api.w.org\/{rel}","templated":true}]}}