{"id":39,"date":"2024-01-08T10:01:14","date_gmt":"2024-01-08T08:01:14","guid":{"rendered":"https:\/\/zinasnofpris.pmlp.gov.lv\/?page_id=39"},"modified":"2025-03-11T13:59:05","modified_gmt":"2025-03-11T11:59:05","slug":"ievadlapa","status":"publish","type":"page","link":"https:\/\/zinasnofpris.pmlp.gov.lv\/","title":{"rendered":"Ievadlapa"},"content":{"rendered":"<div id='av_section_1'  class='avia-section av-q5ga-a449403c7bb0bc48e6443c9cdb148aee main_color avia-section-default avia-no-border-styling  avia-builder-el-0  avia-builder-el-no-sibling  avia-bg-style-scroll av-minimum-height av-minimum-height-75 av-height-75  container_wrap sidebar_right'   data-av_minimum_height_pc='75' data-av_min_height_opt='75'><div class='container av-section-cont-open' ><main  role=\"main\" itemprop=\"mainContentOfPage\"  class='template-page content  av-content-small alpha units'><div class='post-entry post-entry-type-page post-entry-39'><div class='entry-content-wrapper clearfix'>\n<section  class='av_textblock_section av-lr4mxpf6-1aed43954a21614695e02d73fa913052 '   itemscope=\"itemscope\" itemtype=\"https:\/\/schema.org\/CreativeWork\" ><div class='avia_textblock'  itemprop=\"text\" ><h2 style=\"text-align: center;\">FIZISKO PERSONU RE\u0122ISTR\u0100 (FPRIS) IEK\u013bAUTO ZI\u0145U IZSNIEG\u0160ANAS VEIDI<\/h2>\n<\/div><\/section>\n\n<style type=\"text\/css\" data-created_by=\"avia_inline_auto\" id=\"style-css-av-lsa52uox-23d6b2609689f34d7a72ce4d453369c1\">\n#top .hr.hr-invisible.av-lsa52uox-23d6b2609689f34d7a72ce4d453369c1{\nheight:50px;\n}\n<\/style>\n<div  class='hr av-lsa52uox-23d6b2609689f34d7a72ce4d453369c1 hr-invisible  avia-builder-el-2  el_after_av_textblock  el_before_av_one_half '><span class='hr-inner '><span class=\"hr-inner-style\"><\/span><\/span><\/div>\n<div class='flex_column_table av-p4du-a7220a625a576374da1b5ad117f5f6b9 sc-av_one_half av-equal-height-column-flextable'>\n<style type=\"text\/css\" data-created_by=\"avia_inline_auto\" id=\"style-css-av-p4du-a7220a625a576374da1b5ad117f5f6b9\">\n#top .flex_column_table.av-equal-height-column-flextable.av-p4du-a7220a625a576374da1b5ad117f5f6b9{\nmargin-top:0px;\nmargin-bottom:1%;\n}\n.flex_column.av-p4du-a7220a625a576374da1b5ad117f5f6b9{\nwidth:49.5%;\nmargin-left:0;\nborder-radius:0 0 0 0;\npadding:50px 50px 50px 50px;\nheight:200px;\nbackground-color:#9dcf62;\n}\n#top .flex_column_table.av-equal-height-column-flextable.av-p4du-a7220a625a576374da1b5ad117f5f6b9 .av-flex-placeholder{\nwidth:1%;\n}\n<\/style>\n<div  class='flex_column av-p4du-a7220a625a576374da1b5ad117f5f6b9 av_one_half  avia-builder-el-3  el_after_av_hr  el_before_av_one_half  first flex_column_table_cell av-equal-height-column av-align-middle av-animated-generic fade-in avia-link-column av-column-link avia-link-column-hover  '    data-link-column-url=\"https:\/\/zinasnofpris.pmlp.gov.lv\/?page_id=55\"   ><a class=\"av-screen-reader-only\" href=https:\/\/zinasnofpris.pmlp.gov.lv\/?page_id=55 >Link to: Izzi\u0146a<\/a><style type=\"text\/css\" data-created_by=\"avia_inline_auto\" id=\"style-css-av-nep0-94cf679b8ba9e73de7d215a10bd811cd\">\n#top .av_textblock_section.av-nep0-94cf679b8ba9e73de7d215a10bd811cd .avia_textblock{\nfont-size:20px;\ncolor:#ffffff;\n}\n<\/style>\n<section  class='av_textblock_section av-nep0-94cf679b8ba9e73de7d215a10bd811cd '   itemscope=\"itemscope\" itemtype=\"https:\/\/schema.org\/CreativeWork\" ><div class='avia_textblock av_inherit_color'  itemprop=\"text\" ><p style=\"text-align: center;\">IZZI\u0145A<\/p>\n<\/div><\/section><\/div><div class='av-flex-placeholder'><\/div>\n<style type=\"text\/css\" data-created_by=\"avia_inline_auto\" id=\"style-css-av-k5zw-a9d9c3a31e24c0b3d7fa2edbc1a1ec69\">\n#top .flex_column_table.av-equal-height-column-flextable.av-k5zw-a9d9c3a31e24c0b3d7fa2edbc1a1ec69{\nmargin-top:0px;\nmargin-bottom:1%;\n}\n.flex_column.av-k5zw-a9d9c3a31e24c0b3d7fa2edbc1a1ec69{\nwidth:49.5%;\nmargin-left:0;\nborder-radius:0 0 0 0;\npadding:50px 50px 50px 50px;\nheight:200px;\nbackground-color:#f2c947;\n}\n#top .flex_column_table.av-equal-height-column-flextable.av-k5zw-a9d9c3a31e24c0b3d7fa2edbc1a1ec69 .av-flex-placeholder{\nwidth:1%;\n}\n<\/style>\n<div  class='flex_column av-k5zw-a9d9c3a31e24c0b3d7fa2edbc1a1ec69 av_one_half  avia-builder-el-5  el_after_av_one_half  el_before_av_one_half  flex_column_table_cell av-equal-height-column av-align-middle av-animated-generic fade-in avia-link-column av-column-link avia-link-column-hover  '    data-link-column-url=\"https:\/\/zinasnofpris.pmlp.gov.lv\/?page_id=57\"   ><a class=\"av-screen-reader-only\" href=https:\/\/zinasnofpris.pmlp.gov.lv\/?page_id=57 >Link to: E-pakalpojumi<\/a><style type=\"text\/css\" data-created_by=\"avia_inline_auto\" id=\"style-css-av-1sh6-e84a11bdb5f218a265fcdb97d45833f7\">\n#top .av_textblock_section.av-1sh6-e84a11bdb5f218a265fcdb97d45833f7 .avia_textblock{\nfont-size:20px;\ncolor:#ffffff;\n}\n<\/style>\n<section  class='av_textblock_section av-1sh6-e84a11bdb5f218a265fcdb97d45833f7 '   itemscope=\"itemscope\" itemtype=\"https:\/\/schema.org\/CreativeWork\" ><div class='avia_textblock av_inherit_color'  itemprop=\"text\" ><p style=\"text-align: center;\">E-PAKALPOJUMS<\/p>\n<\/div><\/section><\/div><\/div><!--close column table wrapper. Autoclose: 1 --><div class='flex_column_table av-ehco-29da2fd695951ddea2961c99d4813960 sc-av_one_half av-equal-height-column-flextable'>\n<style type=\"text\/css\" data-created_by=\"avia_inline_auto\" id=\"style-css-av-ehco-29da2fd695951ddea2961c99d4813960\">\n#top .flex_column_table.av-equal-height-column-flextable.av-ehco-29da2fd695951ddea2961c99d4813960{\nmargin-top:0px;\nmargin-bottom:0px;\n}\n.flex_column.av-ehco-29da2fd695951ddea2961c99d4813960{\nwidth:49.5%;\nmargin-left:0;\nborder-radius:0 0 0 0;\npadding:50px 50px 50px 50px;\nheight:200px;\nbackground-color:#ed8b75;\n}\n#top .flex_column_table.av-equal-height-column-flextable.av-ehco-29da2fd695951ddea2961c99d4813960 .av-flex-placeholder{\nwidth:1%;\n}\n<\/style>\n<div  class='flex_column av-ehco-29da2fd695951ddea2961c99d4813960 av_one_half  avia-builder-el-7  el_after_av_one_half  el_before_av_one_half  first flex_column_table_cell av-equal-height-column av-align-middle av-animated-generic fade-in avia-link-column av-column-link avia-link-column-hover  column-top-margin'    data-link-column-url=\"https:\/\/zinasnofpris.pmlp.gov.lv\/?page_id=59\"   ><a class=\"av-screen-reader-only\" href=https:\/\/zinasnofpris.pmlp.gov.lv\/?page_id=59 >Link to: Datu mas\u012bva apstr\u0101de PMLP p\u0101rzi\u0146\u0101 eso\u0161aj\u0101s inform\u0101cijas sist\u0113m\u0101s<\/a><p>\n<style type=\"text\/css\" data-created_by=\"avia_inline_auto\" id=\"style-css-av-u14j-19ab0659d420af868646d3876a05b00e\">\n#top .hr.hr-invisible.av-u14j-19ab0659d420af868646d3876a05b00e{\nmargin-top:-20px;\nheight:1px;\n}\n<\/style>\n<div  class='hr av-u14j-19ab0659d420af868646d3876a05b00e hr-invisible  avia-builder-el-8  el_before_av_textblock  avia-builder-el-first  av-desktop-hide av-medium-hide av-small-hide'><span class='hr-inner '><span class=\"hr-inner-style\"><\/span><\/span><\/div><br \/>\n\n<style type=\"text\/css\" data-created_by=\"avia_inline_auto\" id=\"style-css-av-a1a6-f5d135333e4e658e35f0501b53c51509\">\n#top .av_textblock_section.av-a1a6-f5d135333e4e658e35f0501b53c51509 .avia_textblock{\nfont-size:20px;\ncolor:#ffffff;\n}\n<\/style>\n<section  class='av_textblock_section av-a1a6-f5d135333e4e658e35f0501b53c51509 '   itemscope=\"itemscope\" itemtype=\"https:\/\/schema.org\/CreativeWork\" ><div class='avia_textblock av_inherit_color'  itemprop=\"text\" ><p style=\"text-align: center;\">DATU MAS\u012aVA APSTR\u0100DE<\/p>\n<\/div><\/section><\/p><\/div><div class='av-flex-placeholder'><\/div>\n<style type=\"text\/css\" data-created_by=\"avia_inline_auto\" id=\"style-css-av-82z2-1a964f3df06b75e730eaea7bbdb6d51f\">\n#top .flex_column_table.av-equal-height-column-flextable.av-82z2-1a964f3df06b75e730eaea7bbdb6d51f{\nmargin-top:0px;\nmargin-bottom:0px;\n}\n.flex_column.av-82z2-1a964f3df06b75e730eaea7bbdb6d51f{\nwidth:49.5%;\nmargin-left:0;\nborder-radius:0 0 0 0;\npadding:50px 50px 50px 50px;\nheight:200px;\nbackground-color:#434bac;\n}\n#top .flex_column_table.av-equal-height-column-flextable.av-82z2-1a964f3df06b75e730eaea7bbdb6d51f .av-flex-placeholder{\nwidth:1%;\n}\n<\/style>\n<div  class='flex_column av-82z2-1a964f3df06b75e730eaea7bbdb6d51f av_one_half  avia-builder-el-10  el_after_av_one_half  avia-builder-el-last  flex_column_table_cell av-equal-height-column av-align-middle av-animated-generic fade-in avia-link-column av-column-link avia-link-column-hover  column-top-margin'    data-link-column-url=\"https:\/\/zinasnofpris.pmlp.gov.lv\/?page_id=61\"   ><a class=\"av-screen-reader-only\" href=https:\/\/zinasnofpris.pmlp.gov.lv\/?page_id=61 >Link to: Tie\u0161saistes datu p\u0101rraide<\/a><p>\n<style type=\"text\/css\" data-created_by=\"avia_inline_auto\" id=\"style-css-av-4ytu-3b83ce84ced0a4eff2e1fce01d97c301\">\n#top .hr.hr-invisible.av-4ytu-3b83ce84ced0a4eff2e1fce01d97c301{\nmargin-top:-20px;\nheight:1px;\n}\n<\/style>\n<div  class='hr av-4ytu-3b83ce84ced0a4eff2e1fce01d97c301 hr-invisible  avia-builder-el-11  el_before_av_textblock  avia-builder-el-first  av-desktop-hide av-medium-hide av-small-hide'><span class='hr-inner '><span class=\"hr-inner-style\"><\/span><\/span><\/div><br \/>\n\n<style type=\"text\/css\" data-created_by=\"avia_inline_auto\" id=\"style-css-av-3cwu-368e2c3825fa8021cb52f547703af347\">\n#top .av_textblock_section.av-3cwu-368e2c3825fa8021cb52f547703af347 .avia_textblock{\nfont-size:20px;\ncolor:#ffffff;\n}\n<\/style>\n<section  class='av_textblock_section av-3cwu-368e2c3825fa8021cb52f547703af347 '   itemscope=\"itemscope\" itemtype=\"https:\/\/schema.org\/CreativeWork\" ><div class='avia_textblock av_inherit_color'  itemprop=\"text\" ><p style=\"text-align: center;\">TIE\u0160SAISTES DATU P\u0100RRAIDE<\/p>\n<\/div><\/section><\/p><\/div><\/div><!--close column table wrapper. Autoclose: 1 --><\/div><\/div><\/main><!-- close content main element --><\/div><\/div><div id='after_section_1'  class='main_color av_default_container_wrap container_wrap sidebar_right'  ><div class='container av-section-cont-open' ><div class='template-page content  av-content-small alpha units'><div class='post-entry post-entry-type-page post-entry-39'><div class='entry-content-wrapper clearfix'>\n","protected":false},"excerpt":{"rendered":"","protected":false},"author":1,"featured_media":0,"parent":0,"menu_order":0,"comment_status":"closed","ping_status":"closed","template":"","meta":{"inline_featured_image":false,"footnotes":""},"class_list":["post-39","page","type-page","status-publish","hentry"],"_links":{"self":[{"href":"https:\/\/zinasnofpris.pmlp.gov.lv\/index.php?rest_route=\/wp\/v2\/pages\/39","targetHints":{"allow":["GET"]}}],"collection":[{"href":"https:\/\/zinasnofpris.pmlp.gov.lv\/index.php?rest_route=\/wp\/v2\/pages"}],"about":[{"href":"https:\/\/zinasnofpris.pmlp.gov.lv\/index.php?rest_route=\/wp\/v2\/types\/page"}],"author":[{"embeddable":true,"href":"https:\/\/zinasnofpris.pmlp.gov.lv\/index.php?rest_route=\/wp\/v2\/users\/1"}],"replies":[{"embeddable":true,"href":"https:\/\/zinasnofpris.pmlp.gov.lv\/index.php?rest_route=%2Fwp%2Fv2%2Fcomments&post=39"}],"version-history":[{"count":5,"href":"https:\/\/zinasnofpris.pmlp.gov.lv\/index.php?rest_route=\/wp\/v2\/pages\/39\/revisions"}],"predecessor-version":[{"id":183,"href":"https:\/\/zinasnofpris.pmlp.gov.lv\/index.php?rest_route=\/wp\/v2\/pages\/39\/revisions\/183"}],"wp:attachment":[{"href":"https:\/\/zinasnofpris.pmlp.gov.lv\/index.php?rest_route=%2Fwp%2Fv2%2Fmedia&parent=39"}],"curies":[{"name":"wp","href":"https:\/\/api.w.org\/{rel}","templated":true}]}}