{"id":309,"date":"2024-02-29T19:23:26","date_gmt":"2024-02-29T17:23:26","guid":{"rendered":"https:\/\/zinasnofpris.pmlp.gov.lv\/?page_id=309"},"modified":"2024-04-25T09:26:42","modified_gmt":"2024-04-25T06:26:42","slug":"tiessaistes-datu-parraide","status":"publish","type":"page","link":"https:\/\/zinasnofpris.pmlp.gov.lv\/?page_id=309","title":{"rendered":"Piepras\u012bjum\u0101 papildus inform\u0101cijas nor\u0101d\u012b\u0161ana juridisk\u0101m person\u0101m l\u012bguma nosl\u0113g\u0161anai par tie\u0161saistes datu p\u0101rraides risin\u0101juma izmanto\u0161anu"},"content":{"rendered":"<section  class='av_textblock_section av-lt5mv4n8-2a430fcc4da4a137f6903dbf904b9087 '   itemscope=\"itemscope\" itemtype=\"https:\/\/schema.org\/CreativeWork\" ><div class='avia_textblock'  itemprop=\"text\" ><p>PIEPRAS\u012aJUM\u0100 PAPILDUS INFORM\u0100CIJAS NOR\u0100D\u012a\u0160ANA JURIDISK\u0100M PERSON\u0100M L\u012aGUMA NOSL\u0112G\u0160ANAI PAR TIE\u0160SAISTES DATU P\u0100RRAIDES RISIN\u0100JUMA IZMANTO\u0160ANU<\/p>\n<\/div><\/section>\n<div  class='avia-buttonrow-wrap av-lt7hwn2f-56a2234e45c4242115db84a6095a538c avia-buttonrow-left  avia-builder-el-1  el_after_av_textblock  el_before_av_hr '>\n\n<style type=\"text\/css\" data-created_by=\"avia_inline_auto\" id=\"style-css-av-av_buttonrow_item-bb55325d6b16c499492ffe5c256f6995\">\n#top #wrap_all .avia-button.av-av_buttonrow_item-bb55325d6b16c499492ffe5c256f6995{\nmargin-bottom:5px;\nmargin-right:5px;\n}\n<\/style>\n<a href='https:\/\/zinasnofpris.pmlp.gov.lv\/'  class='avia-button av-av_buttonrow_item-bb55325d6b16c499492ffe5c256f6995 avia-icon_select-yes-right-icon avia-size-small avia-color-theme-color'   aria-label=\"S\u0100KUMS\"><span class='avia_iconbox_title' >S\u0100KUMS<\/span><span class='avia_button_icon avia_button_icon_right avia-iconfont avia-font-entypo-fontello' data-av_icon='\ue87d' data-av_iconfont='entypo-fontello' ><\/span><\/a>\n\n<style type=\"text\/css\" data-created_by=\"avia_inline_auto\" id=\"style-css-av-av_buttonrow_item-cb0bada7792c8080cb4fe71a3b1b3f0c\">\n#top #wrap_all .avia-button.av-av_buttonrow_item-cb0bada7792c8080cb4fe71a3b1b3f0c{\nmargin-bottom:5px;\nmargin-right:5px;\n}\n<\/style>\n<a href='https:\/\/zinasnofpris.pmlp.gov.lv\/?page_id=61'  class='avia-button av-av_buttonrow_item-cb0bada7792c8080cb4fe71a3b1b3f0c avia-icon_select-yes-right-icon avia-size-small avia-color-theme-color'   aria-label=\"TIE\u0160SAISTES DATU P\u0100RRAIDE\"><span class='avia_iconbox_title' >TIE\u0160SAISTES DATU P\u0100RRAIDE<\/span><span class='avia_button_icon avia_button_icon_right avia-iconfont avia-font-entypo-fontello' data-av_icon='\ue87d' data-av_iconfont='entypo-fontello' ><\/span><\/a>\n\n<style type=\"text\/css\" data-created_by=\"avia_inline_auto\" id=\"style-css-av-lt7hw9kn-a24190d130900e8ab2b6c5b0b7f699b8\">\n#top #wrap_all .avia-button.av-lt7hw9kn-a24190d130900e8ab2b6c5b0b7f699b8{\nmargin-bottom:5px;\nmargin-right:5px;\n}\n<\/style>\n<a href='https:\/\/zinasnofpris.pmlp.gov.lv\/?page_id=287'  class='avia-button av-lt7hw9kn-a24190d130900e8ab2b6c5b0b7f699b8 avia-icon_select-yes-right-icon avia-size-small avia-color-theme-color'   aria-label=\"K\u0100 NOSL\u0112GT L\u012aGUMU?\"><span class='avia_iconbox_title' >K\u0100 NOSL\u0112GT L\u012aGUMU?<\/span><span class='avia_button_icon avia_button_icon_right avia-iconfont avia-font-entypo-fontello' data-av_icon='\ue87d' data-av_iconfont='entypo-fontello' ><\/span><\/a>\n\n<style type=\"text\/css\" data-created_by=\"avia_inline_auto\" id=\"style-css-av-av_buttonrow_item-740450594e94b034c6c5f45195f3d032\">\n#top #wrap_all .avia-button.av-av_buttonrow_item-740450594e94b034c6c5f45195f3d032{\nbackground-color:#434bac;\nborder-color:#434bac;\ncolor:#ffffff;\ntransition:all 0.4s ease-in-out;\nmargin-bottom:5px;\nmargin-right:5px;\n}\n#top #wrap_all .avia-button.av-av_buttonrow_item-740450594e94b034c6c5f45195f3d032 .avia-svg-icon svg:first-child{\nfill:#ffffff;\nstroke:#ffffff;\n}\n<\/style>\n<a href='#'  class='avia-button av-av_buttonrow_item-740450594e94b034c6c5f45195f3d032 avia-icon_select-no avia-size-small'   aria-label=\"PAPILDUS INFORM\u0100CIJA\"><span class='avia_iconbox_title' >PAPILDUS INFORM\u0100CIJA<\/span><\/a>\n<\/div>\n\n<style type=\"text\/css\" data-created_by=\"avia_inline_auto\" id=\"style-css-av-12bwp-8799bc3b76882558c52ef2fb0ae89d51\">\n#top .hr.hr-invisible.av-12bwp-8799bc3b76882558c52ef2fb0ae89d51{\nheight:30px;\n}\n<\/style>\n<div  class='hr av-12bwp-8799bc3b76882558c52ef2fb0ae89d51 hr-invisible  avia-builder-el-2  el_after_av_buttonrow  el_before_av_textblock '><span class='hr-inner '><span class=\"hr-inner-style\"><\/span><\/span><\/div>\n<section  class='av_textblock_section av-lt747qsz-ed905402882c7063dd7bf6f7ac201759 '   itemscope=\"itemscope\" itemtype=\"https:\/\/schema.org\/CreativeWork\" ><div class='avia_textblock'  itemprop=\"text\" ><p>Papildus nepiecie\u0161amajam datu apjomam atbilsto\u0161i Fizisko personu re\u0123istra likuma 11. panta pirmaj\u0101 da\u013c\u0101 noteiktajam, tiesiskajam pamatojumam datu sa\u0146em\u0161anas nepiecie\u0161am\u012bbai, datu izmanto\u0161anas m\u0113r\u0137im un ierosin\u0101jumam nosl\u0113gt l\u012bgumu par starpsist\u0113mu risin\u0101juma veido\u0161anu, piepras\u012bjum\u0101 nor\u0101da:<\/p>\n<ul>\n<li data-list=\"bullet\">juridiskas personas darb\u012bbas jomu, k\u0101dus pakalpojumus sniedz;<\/li>\n<li data-list=\"bullet\">k\u0101 veidojas juridiskas personas klientu loks;<\/li>\n<li data-list=\"bullet\">inform\u0101ciju, k\u0101 tiek identific\u0113ta persona, kura v\u0113las pieteikties vai izmantot juridiskas personas sniegtos pakalpojumus;<\/li>\n<li data-list=\"bullet\">inform\u0101ciju, vai sniegtie pakalpojumi tiek pied\u0101v\u0101ti kl\u0101tien\u0113, att\u0101lin\u0101ti vai ar\u012b juridiskas personas sniegtos pakalpojumus pied\u0101v\u0101 sadarb\u012bbas partneri (j\u0101nor\u0101da, k\u0101di ir sadarb\u012bbas partneri);<\/li>\n<li data-list=\"bullet\">inform\u0101ciju, kur\u0101 br\u012bd\u012b (piem., sa\u0146emot pieteikumu pakalpojumu sa\u0146em\u0161anai vai l\u012bguma darb\u012bbas laik\u0101) tiks piepras\u012bti dati no Fizisko personu re\u0123istra;<\/li>\n<li data-list=\"bullet\">pl\u0101noto piepras\u012bjumu daudzumu datu sa\u0146em\u0161anai no Fizisko personu re\u0123istra (nor\u0101d\u0101ms skait\u013cos m\u0113nes\u012b, piem\u0113ram, 2000);<\/li>\n<li data-list=\"bullet\">vai juridiskai personai ir iecelts datu aizsardz\u012bbas speci\u0101lists (j\u0101nor\u0101da v\u0101rds un uzv\u0101rds, kontaktinform\u0101cija, Datu valsts inspekcijas sniegt\u0101 sertifik\u0101ta numurs, ja t\u0101ds ir);<\/li>\n<li data-list=\"bullet\">vai juridiskai personai ir izsniegtas citas at\u013caujas, ja to paredz normat\u012bvie akti (piem\u0113ram, Pat\u0113r\u0113t\u0101ju ties\u012bbu aizsardz\u012bbas centra izsniegta licence par kredit\u0113\u0161anas pakalpojumu snieg\u0161anu);<\/li>\n<li data-list=\"bullet\">kontaktpersonu sadarb\u012bbai ar PMLP l\u012bguma sl\u0113g\u0161anas proces\u0101;<\/li>\n<li data-list=\"bullet\">kontaktpersonu no juridiskas personas puses tehniska rakstura jaut\u0101jumu risin\u0101\u0161an\u0101, gad\u012bjum\u0101, ja sadarb\u012bba tiks veidota, izmantojot starpsist\u0113mu risin\u0101jumu;<\/li>\n<li data-list=\"bullet\">un citu inform\u0101ciju, kas pamato juridiskas personas ties\u012bbas veikt fiziskas personas datu apstr\u0101di (piem\u0113ram, pieteikuma paraugs pakalpojumu sa\u0146em\u0161anai vai l\u012bguma paraugs, k\u0101du juridiska persona sl\u0113dz ar klientiem).<\/li>\n<\/ul>\n<\/div><\/section>\n","protected":false},"excerpt":{"rendered":"","protected":false},"author":1,"featured_media":0,"parent":287,"menu_order":0,"comment_status":"closed","ping_status":"closed","template":"","meta":{"inline_featured_image":false,"footnotes":""},"class_list":["post-309","page","type-page","status-publish","hentry"],"_links":{"self":[{"href":"https:\/\/zinasnofpris.pmlp.gov.lv\/index.php?rest_route=\/wp\/v2\/pages\/309","targetHints":{"allow":["GET"]}}],"collection":[{"href":"https:\/\/zinasnofpris.pmlp.gov.lv\/index.php?rest_route=\/wp\/v2\/pages"}],"about":[{"href":"https:\/\/zinasnofpris.pmlp.gov.lv\/index.php?rest_route=\/wp\/v2\/types\/page"}],"author":[{"embeddable":true,"href":"https:\/\/zinasnofpris.pmlp.gov.lv\/index.php?rest_route=\/wp\/v2\/users\/1"}],"replies":[{"embeddable":true,"href":"https:\/\/zinasnofpris.pmlp.gov.lv\/index.php?rest_route=%2Fwp%2Fv2%2Fcomments&post=309"}],"version-history":[{"count":3,"href":"https:\/\/zinasnofpris.pmlp.gov.lv\/index.php?rest_route=\/wp\/v2\/pages\/309\/revisions"}],"predecessor-version":[{"id":312,"href":"https:\/\/zinasnofpris.pmlp.gov.lv\/index.php?rest_route=\/wp\/v2\/pages\/309\/revisions\/312"}],"up":[{"embeddable":true,"href":"https:\/\/zinasnofpris.pmlp.gov.lv\/index.php?rest_route=\/wp\/v2\/pages\/287"}],"wp:attachment":[{"href":"https:\/\/zinasnofpris.pmlp.gov.lv\/index.php?rest_route=%2Fwp%2Fv2%2Fmedia&parent=309"}],"curies":[{"name":"wp","href":"https:\/\/api.w.org\/{rel}","templated":true}]}}