{"id":307,"date":"2024-02-29T19:21:52","date_gmt":"2024-02-29T17:21:52","guid":{"rendered":"https:\/\/zinasnofpris.pmlp.gov.lv\/?page_id=307"},"modified":"2024-04-25T09:26:58","modified_gmt":"2024-04-25T06:26:58","slug":"pakalpojuma-shematisks-apraksts-04","status":"publish","type":"page","link":"https:\/\/zinasnofpris.pmlp.gov.lv\/?page_id=307","title":{"rendered":"Pakalpojuma shematisks apraksts 04"},"content":{"rendered":"<section  class='av_textblock_section av-lt5mv4n8-2a430fcc4da4a137f6903dbf904b9087 '   itemscope=\"itemscope\" itemtype=\"https:\/\/schema.org\/CreativeWork\" ><div class='avia_textblock'  itemprop=\"text\" ><p>PAKALPOJUMA SHEMATISKS APRAKSTS \u2013 DATU IZPLAT\u012a\u0160ANAS UN P\u0100RVALD\u012aBAS PLATFORMA (DAGR)<\/p>\n<\/div><\/section>\n<div  class='avia-buttonrow-wrap av-lt9s95vk-eb971dbea9f35d4eb21ce372da7fee27 avia-buttonrow-left  avia-builder-el-1  el_after_av_textblock  el_before_av_hr '>\n\n<style type=\"text\/css\" data-created_by=\"avia_inline_auto\" id=\"style-css-av-l914r-698297a328c0b112a4dfad72018b0f77\">\n#top #wrap_all .avia-button.av-l914r-698297a328c0b112a4dfad72018b0f77{\nmargin-bottom:5px;\nmargin-right:5px;\n}\n<\/style>\n<a href='https:\/\/zinasnofpris.pmlp.gov.lv\/'  class='avia-button av-l914r-698297a328c0b112a4dfad72018b0f77 avia-icon_select-yes-right-icon avia-size-small avia-color-theme-color'   aria-label=\"S\u0100KUMS\"><span class='avia_iconbox_title' >S\u0100KUMS<\/span><span class='avia_button_icon avia_button_icon_right avia-iconfont avia-font-entypo-fontello' data-av_icon='\ue87d' data-av_iconfont='entypo-fontello' ><\/span><\/a>\n\n<style type=\"text\/css\" data-created_by=\"avia_inline_auto\" id=\"style-css-av-d95pf-5f77d87ef56e5076a12ec24b0720e748\">\n#top #wrap_all .avia-button.av-d95pf-5f77d87ef56e5076a12ec24b0720e748{\nmargin-bottom:5px;\nmargin-right:5px;\n}\n<\/style>\n<a href='https:\/\/zinasnofpris.pmlp.gov.lv\/?page_id=61'  class='avia-button av-d95pf-5f77d87ef56e5076a12ec24b0720e748 avia-icon_select-yes-right-icon avia-size-small avia-color-theme-color'   aria-label=\"TIE\u0160SAISTES DATU P\u0100RRAIDE\"><span class='avia_iconbox_title' >TIE\u0160SAISTES DATU P\u0100RRAIDE<\/span><span class='avia_button_icon avia_button_icon_right avia-iconfont avia-font-entypo-fontello' data-av_icon='\ue87d' data-av_iconfont='entypo-fontello' ><\/span><\/a>\n\n<style type=\"text\/css\" data-created_by=\"avia_inline_auto\" id=\"style-css-av-lt9s957j-5c1d08339c02aad5dab1e5bdf056f02b\">\n#top #wrap_all .avia-button.av-lt9s957j-5c1d08339c02aad5dab1e5bdf056f02b{\nmargin-bottom:5px;\nmargin-right:5px;\n}\n<\/style>\n<a href='https:\/\/zinasnofpris.pmlp.gov.lv\/?page_id=292'  class='avia-button av-lt9s957j-5c1d08339c02aad5dab1e5bdf056f02b avia-icon_select-yes-right-icon avia-size-small avia-color-theme-color'   aria-label=\"K\u0100 PIEK\u013b\u016aT?\"><span class='avia_iconbox_title' >K\u0100 PIEK\u013b\u016aT?<\/span><span class='avia_button_icon avia_button_icon_right avia-iconfont avia-font-entypo-fontello' data-av_icon='\ue87d' data-av_iconfont='entypo-fontello' ><\/span><\/a>\n\n<style type=\"text\/css\" data-created_by=\"avia_inline_auto\" id=\"style-css-av-6wctn-58ce312c25ce5d15a7da72ebdf829951\">\n#top #wrap_all .avia-button.av-6wctn-58ce312c25ce5d15a7da72ebdf829951{\nbackground-color:#434bac;\nborder-color:#434bac;\ncolor:#ffffff;\ntransition:all 0.4s ease-in-out;\nmargin-bottom:5px;\nmargin-right:5px;\n}\n#top #wrap_all .avia-button.av-6wctn-58ce312c25ce5d15a7da72ebdf829951 .avia-svg-icon svg:first-child{\nfill:#ffffff;\nstroke:#ffffff;\n}\n<\/style>\n<a href='#'  class='avia-button av-6wctn-58ce312c25ce5d15a7da72ebdf829951 avia-icon_select-no avia-size-small'   aria-label=\"SHEMATISKS APRAKSTS\"><span class='avia_iconbox_title' >SHEMATISKS APRAKSTS<\/span><\/a>\n<\/div>\n\n<style type=\"text\/css\" data-created_by=\"avia_inline_auto\" id=\"style-css-av-12bwp-8799bc3b76882558c52ef2fb0ae89d51\">\n#top .hr.hr-invisible.av-12bwp-8799bc3b76882558c52ef2fb0ae89d51{\nheight:30px;\n}\n<\/style>\n<div  class='hr av-12bwp-8799bc3b76882558c52ef2fb0ae89d51 hr-invisible  avia-builder-el-2  el_after_av_buttonrow  el_before_av_one_fifth '><span class='hr-inner '><span class=\"hr-inner-style\"><\/span><\/span><\/div>\n<div  class='flex_column av-m5wrv-693c914c5262aef543e95643484cc1d1 av_one_fifth  avia-builder-el-3  el_after_av_hr  el_before_av_three_fifth  first flex_column_div  '     ><\/div>\n<div  class='flex_column av-fl6eb-4f0a64d391e961f91b07c2cdf115f979 av_three_fifth  avia-builder-el-4  el_after_av_one_fifth  avia-builder-el-last  flex_column_div  '     ><p><section  class='av_textblock_section av-lt9s7ve8-a68f20ee6d1fc4476f27124128c31e48 '   itemscope=\"itemscope\" itemtype=\"https:\/\/schema.org\/CreativeWork\" ><div class='avia_textblock'  itemprop=\"text\" ><p><img decoding=\"async\" class=\"alignnone wp-image-325 size-full\" src=\"https:\/\/zinasnofpris.pmlp.gov.lv\/wp-content\/uploads\/2024\/03\/tiesaistes-datu-parraide_04.svg\" alt=\"\" \/><\/p>\n<\/div><\/section><br \/>\n<section  class='av_textblock_section av-lt9s80fb-4e838e076b1b195d75eb2193f0d9a3ef '   itemscope=\"itemscope\" itemtype=\"https:\/\/schema.org\/CreativeWork\" ><div class='avia_textblock saites-fpr'  itemprop=\"text\" ><p><em>* Test\u0113\u0161anas nol\u016bkos klients var piepras\u012bt piek\u013cuvi DAGR testa videi, aizpildot pieteikumu <\/em><a href=\"https:\/\/test.virsis.gov.lv\/\" target=\"_blank\" rel=\"noopener\"><em>ttps:\/\/test.virsis.gov.lv\/<\/em><\/a><em>, izv\u0113loties PMLP pied\u0101v\u0101to pakalpojumu un attiec\u012bg\u0101 pakalpojuma atrib\u016btus (personas datus) un <\/em><em>nor\u0101dot normat\u012bvo aktu pamatojumu.<\/em><\/p>\n<\/div><\/section><br \/>\n<div  class='avia-button-wrap av-6ma63-9d198a4289718fae616d7e6a8e8d92c6-wrap avia-button-left  avia-builder-el-7  el_after_av_textblock  avia-builder-el-last '>\n<style type=\"text\/css\" data-created_by=\"avia_inline_auto\" id=\"style-css-av-6ma63-9d198a4289718fae616d7e6a8e8d92c6\">\n#top #wrap_all .avia-button.av-6ma63-9d198a4289718fae616d7e6a8e8d92c6{\nbackground-color:#434bac;\nborder-color:#434bac;\ncolor:#ffffff;\ntransition:all 0.4s ease-in-out;\n}\n#top #wrap_all .avia-button.av-6ma63-9d198a4289718fae616d7e6a8e8d92c6 .avia-svg-icon svg:first-child{\nfill:#ffffff;\nstroke:#ffffff;\n}\n<\/style>\n<a href='https:\/\/zinasnofpris.pmlp.gov.lv\/'  class='avia-button av-6ma63-9d198a4289718fae616d7e6a8e8d92c6 av-link-btn avia-icon_select-yes-left-icon avia-size-small avia-position-left'   aria-label=\"UZ S\u0100KUMU\"><span class='avia_button_icon avia_button_icon_left avia-iconfont avia-font-entypo-fontello' data-av_icon='\ue87c' data-av_iconfont='entypo-fontello' ><\/span><span class='avia_iconbox_title' >UZ S\u0100KUMU<\/span><\/a><\/div><\/p><\/div>\n","protected":false},"excerpt":{"rendered":"","protected":false},"author":1,"featured_media":0,"parent":292,"menu_order":1,"comment_status":"closed","ping_status":"closed","template":"","meta":{"inline_featured_image":false,"footnotes":""},"class_list":["post-307","page","type-page","status-publish","hentry"],"_links":{"self":[{"href":"https:\/\/zinasnofpris.pmlp.gov.lv\/index.php?rest_route=\/wp\/v2\/pages\/307","targetHints":{"allow":["GET"]}}],"collection":[{"href":"https:\/\/zinasnofpris.pmlp.gov.lv\/index.php?rest_route=\/wp\/v2\/pages"}],"about":[{"href":"https:\/\/zinasnofpris.pmlp.gov.lv\/index.php?rest_route=\/wp\/v2\/types\/page"}],"author":[{"embeddable":true,"href":"https:\/\/zinasnofpris.pmlp.gov.lv\/index.php?rest_route=\/wp\/v2\/users\/1"}],"replies":[{"embeddable":true,"href":"https:\/\/zinasnofpris.pmlp.gov.lv\/index.php?rest_route=%2Fwp%2Fv2%2Fcomments&post=307"}],"version-history":[{"count":5,"href":"https:\/\/zinasnofpris.pmlp.gov.lv\/index.php?rest_route=\/wp\/v2\/pages\/307\/revisions"}],"predecessor-version":[{"id":350,"href":"https:\/\/zinasnofpris.pmlp.gov.lv\/index.php?rest_route=\/wp\/v2\/pages\/307\/revisions\/350"}],"up":[{"embeddable":true,"href":"https:\/\/zinasnofpris.pmlp.gov.lv\/index.php?rest_route=\/wp\/v2\/pages\/292"}],"wp:attachment":[{"href":"https:\/\/zinasnofpris.pmlp.gov.lv\/index.php?rest_route=%2Fwp%2Fv2%2Fmedia&parent=307"}],"curies":[{"name":"wp","href":"https:\/\/api.w.org\/{rel}","templated":true}]}}