{"id":300,"date":"2024-02-29T19:18:25","date_gmt":"2024-02-29T17:18:25","guid":{"rendered":"https:\/\/zinasnofpris.pmlp.gov.lv\/?page_id=300"},"modified":"2024-04-25T09:27:33","modified_gmt":"2024-04-25T06:27:33","slug":"pakalpojuma-shematisks-apraksts-02","status":"publish","type":"page","link":"https:\/\/zinasnofpris.pmlp.gov.lv\/?page_id=300","title":{"rendered":"Pakalpojuma shematisks apraksts 02"},"content":{"rendered":"<section  class='av_textblock_section av-lt5mv4n8-2a430fcc4da4a137f6903dbf904b9087 '   itemscope=\"itemscope\" itemtype=\"https:\/\/schema.org\/CreativeWork\" ><div class='avia_textblock'  itemprop=\"text\" ><p>PAKALPOJUMA SHEMATISKS APRAKSTS \u2013 STARPSIST\u0112MU SASKARNES RISIN\u0100JUMS<\/p>\n<\/div><\/section>\n<div  class='avia-buttonrow-wrap av-lt9snkeo-a70dbe7bb4f7c125ee3efda2507b3403 avia-buttonrow-left  avia-builder-el-1  el_after_av_textblock  el_before_av_hr '>\n\n<style type=\"text\/css\" data-created_by=\"avia_inline_auto\" id=\"style-css-av-ivzec-af9370fec6d002bb00547774fd1ea8c6\">\n#top #wrap_all .avia-button.av-ivzec-af9370fec6d002bb00547774fd1ea8c6{\nmargin-bottom:5px;\nmargin-right:5px;\n}\n<\/style>\n<a href='https:\/\/zinasnofpris.pmlp.gov.lv\/'  class='avia-button av-ivzec-af9370fec6d002bb00547774fd1ea8c6 avia-icon_select-yes-right-icon avia-size-small avia-color-theme-color'   aria-label=\"S\u0100KUMS\"><span class='avia_iconbox_title' >S\u0100KUMS<\/span><span class='avia_button_icon avia_button_icon_right avia-iconfont avia-font-entypo-fontello' data-av_icon='\ue87d' data-av_iconfont='entypo-fontello' ><\/span><\/a>\n\n<style type=\"text\/css\" data-created_by=\"avia_inline_auto\" id=\"style-css-av-g9crg-1e9694459b83bc9e044f40490bc00402\">\n#top #wrap_all .avia-button.av-g9crg-1e9694459b83bc9e044f40490bc00402{\nmargin-bottom:5px;\nmargin-right:5px;\n}\n<\/style>\n<a href='https:\/\/zinasnofpris.pmlp.gov.lv\/?page_id=61'  class='avia-button av-g9crg-1e9694459b83bc9e044f40490bc00402 avia-icon_select-yes-right-icon avia-size-small avia-color-theme-color'   aria-label=\"TIE\u0160SAISTES DATU P\u0100RRAIDE\"><span class='avia_iconbox_title' >TIE\u0160SAISTES DATU P\u0100RRAIDE<\/span><span class='avia_button_icon avia_button_icon_right avia-iconfont avia-font-entypo-fontello' data-av_icon='\ue87d' data-av_iconfont='entypo-fontello' ><\/span><\/a>\n\n<style type=\"text\/css\" data-created_by=\"avia_inline_auto\" id=\"style-css-av-lt9snjmw-f25d239d75bc9c6fe7e4d006dbf916fa\">\n#top #wrap_all .avia-button.av-lt9snjmw-f25d239d75bc9c6fe7e4d006dbf916fa{\nmargin-bottom:5px;\nmargin-right:5px;\n}\n<\/style>\n<a href='https:\/\/zinasnofpris.pmlp.gov.lv\/?page_id=287'  class='avia-button av-lt9snjmw-f25d239d75bc9c6fe7e4d006dbf916fa avia-icon_select-yes-right-icon avia-size-small avia-color-theme-color'   aria-label=\"K\u0100 NOSL\u0112GT L\u012aGUMU?\"><span class='avia_iconbox_title' >K\u0100 NOSL\u0112GT L\u012aGUMU?<\/span><span class='avia_button_icon avia_button_icon_right avia-iconfont avia-font-entypo-fontello' data-av_icon='\ue87d' data-av_iconfont='entypo-fontello' ><\/span><\/a>\n\n<style type=\"text\/css\" data-created_by=\"avia_inline_auto\" id=\"style-css-av-6xsik-8b6c7feb434734dfa48e34afb376e722\">\n#top #wrap_all .avia-button.av-6xsik-8b6c7feb434734dfa48e34afb376e722{\nbackground-color:#434bac;\nborder-color:#434bac;\ncolor:#ffffff;\ntransition:all 0.4s ease-in-out;\nmargin-bottom:5px;\nmargin-right:5px;\n}\n#top #wrap_all .avia-button.av-6xsik-8b6c7feb434734dfa48e34afb376e722 .avia-svg-icon svg:first-child{\nfill:#ffffff;\nstroke:#ffffff;\n}\n<\/style>\n<a href='#'  class='avia-button av-6xsik-8b6c7feb434734dfa48e34afb376e722 avia-icon_select-no avia-size-small'   aria-label=\"SHEMATISKS APRAKSTS\"><span class='avia_iconbox_title' >SHEMATISKS APRAKSTS<\/span><\/a>\n<\/div>\n\n<style type=\"text\/css\" data-created_by=\"avia_inline_auto\" id=\"style-css-av-12bwp-8799bc3b76882558c52ef2fb0ae89d51\">\n#top .hr.hr-invisible.av-12bwp-8799bc3b76882558c52ef2fb0ae89d51{\nheight:30px;\n}\n<\/style>\n<div  class='hr av-12bwp-8799bc3b76882558c52ef2fb0ae89d51 hr-invisible  avia-builder-el-2  el_after_av_buttonrow  el_before_av_one_fifth '><span class='hr-inner '><span class=\"hr-inner-style\"><\/span><\/span><\/div>\n<div  class='flex_column av-nehpg-593a3c48729fd452f9d437c77349343f av_one_fifth  avia-builder-el-3  el_after_av_hr  el_before_av_three_fifth  first flex_column_div  '     ><\/div>\n<div  class='flex_column av-d76po-0d5d425d57acdb6f5f685578ddb3ba8e av_three_fifth  avia-builder-el-4  el_after_av_one_fifth  avia-builder-el-last  flex_column_div  '     ><p><section  class='av_textblock_section av-lt9s3v7r-6429779667138fb9aebc07204f950d2b '   itemscope=\"itemscope\" itemtype=\"https:\/\/schema.org\/CreativeWork\" ><div class='avia_textblock'  itemprop=\"text\" ><p><img decoding=\"async\" class=\"alignnone wp-image-374 size-full\" src=\"https:\/\/zinasnofpris.pmlp.gov.lv\/wp-content\/uploads\/2024\/03\/tiesaistes-datu-parraide_02b.svg\" alt=\"\" \/><\/p>\n<\/div><\/section><br \/>\n<section  class='av_textblock_section av-lt9s4p4b-44ec88ac6e5d9f8c36f16a1ca718e057 '   itemscope=\"itemscope\" itemtype=\"https:\/\/schema.org\/CreativeWork\" ><div class='avia_textblock saites-fpr'  itemprop=\"text\" ><p><em>* Piepras\u012bjum\u0101 nor\u0101d\u0101ma inform\u0101cija atbilsto\u0161i Ministru kabineta 2021. gada 17. augusta noteikumu Nr. 563 &#8220;Fizisko personu re\u0123istr\u0101 iek\u013cauto zi\u0146u izsnieg\u0161anas k\u0101rt\u012bba&#8221; 6. punkt\u0101 noteiktajam.<a href=\"https:\/\/zinasnofpris.pmlp.gov.lv\/?page_id=309\"> Juridiskaj\u0101m person\u0101m papildus skat\u012bt \u25ba<\/a><\/em><\/p>\n<p><em>** Attiecas uz iest\u0101d\u0113m, kas atrodas da\u017e\u0101du Ministru kabineta locek\u013cu padot\u012bb\u0101.<\/em><\/p>\n<p><em>*** Sadarb\u012bba valsts p\u0101rvald\u0113 tiek \u012bstenota bez maksas, ja \u0101r\u0113j\u0101 normat\u012bvaj\u0101 akt\u0101 nav noteikts cit\u0101di.<\/em><\/p>\n<\/div><\/section><br \/>\n<div  class='avia-button-wrap av-9wrlg-12e587c1937b0d767acff5dcead48fff-wrap avia-button-left  avia-builder-el-7  el_after_av_textblock  avia-builder-el-last '>\n<style type=\"text\/css\" data-created_by=\"avia_inline_auto\" id=\"style-css-av-9wrlg-12e587c1937b0d767acff5dcead48fff\">\n#top #wrap_all .avia-button.av-9wrlg-12e587c1937b0d767acff5dcead48fff{\nbackground-color:#434bac;\nborder-color:#434bac;\ncolor:#ffffff;\ntransition:all 0.4s ease-in-out;\n}\n#top #wrap_all .avia-button.av-9wrlg-12e587c1937b0d767acff5dcead48fff .avia-svg-icon svg:first-child{\nfill:#ffffff;\nstroke:#ffffff;\n}\n<\/style>\n<a href='https:\/\/zinasnofpris.pmlp.gov.lv\/'  class='avia-button av-9wrlg-12e587c1937b0d767acff5dcead48fff av-link-btn avia-icon_select-yes-left-icon avia-size-small avia-position-left'   aria-label=\"UZ S\u0100KUMU\"><span class='avia_button_icon avia_button_icon_left avia-iconfont avia-font-entypo-fontello' data-av_icon='\ue87c' data-av_iconfont='entypo-fontello' ><\/span><span class='avia_iconbox_title' >UZ S\u0100KUMU<\/span><\/a><\/div><\/p><\/div>\n","protected":false},"excerpt":{"rendered":"","protected":false},"author":1,"featured_media":0,"parent":287,"menu_order":1,"comment_status":"closed","ping_status":"closed","template":"","meta":{"inline_featured_image":false,"footnotes":""},"class_list":["post-300","page","type-page","status-publish","hentry"],"_links":{"self":[{"href":"https:\/\/zinasnofpris.pmlp.gov.lv\/index.php?rest_route=\/wp\/v2\/pages\/300","targetHints":{"allow":["GET"]}}],"collection":[{"href":"https:\/\/zinasnofpris.pmlp.gov.lv\/index.php?rest_route=\/wp\/v2\/pages"}],"about":[{"href":"https:\/\/zinasnofpris.pmlp.gov.lv\/index.php?rest_route=\/wp\/v2\/types\/page"}],"author":[{"embeddable":true,"href":"https:\/\/zinasnofpris.pmlp.gov.lv\/index.php?rest_route=\/wp\/v2\/users\/1"}],"replies":[{"embeddable":true,"href":"https:\/\/zinasnofpris.pmlp.gov.lv\/index.php?rest_route=%2Fwp%2Fv2%2Fcomments&post=300"}],"version-history":[{"count":5,"href":"https:\/\/zinasnofpris.pmlp.gov.lv\/index.php?rest_route=\/wp\/v2\/pages\/300\/revisions"}],"predecessor-version":[{"id":376,"href":"https:\/\/zinasnofpris.pmlp.gov.lv\/index.php?rest_route=\/wp\/v2\/pages\/300\/revisions\/376"}],"up":[{"embeddable":true,"href":"https:\/\/zinasnofpris.pmlp.gov.lv\/index.php?rest_route=\/wp\/v2\/pages\/287"}],"wp:attachment":[{"href":"https:\/\/zinasnofpris.pmlp.gov.lv\/index.php?rest_route=%2Fwp%2Fv2%2Fmedia&parent=300"}],"curies":[{"name":"wp","href":"https:\/\/api.w.org\/{rel}","templated":true}]}}