{"id":292,"date":"2024-02-29T16:19:24","date_gmt":"2024-02-29T14:19:24","guid":{"rendered":"https:\/\/zinasnofpris.pmlp.gov.lv\/?page_id=292"},"modified":"2024-04-25T09:26:52","modified_gmt":"2024-04-25T06:26:52","slug":"tiessaistes-datu-parraide-2-2-2","status":"publish","type":"page","link":"https:\/\/zinasnofpris.pmlp.gov.lv\/?page_id=292","title":{"rendered":"Datu izplat\u012b\u0161anas un p\u0101rvald\u012bbas platforma (DAGR)"},"content":{"rendered":"<section  class='av_textblock_section av-lt5mv4n8-2a430fcc4da4a137f6903dbf904b9087 '   itemscope=\"itemscope\" itemtype=\"https:\/\/schema.org\/CreativeWork\" ><div class='avia_textblock'  itemprop=\"text\" ><p>DATU IZPLAT\u012a\u0160ANAS UN P\u0100RVALD\u012aBAS PLATFORMA (DAGR)<\/p>\n<\/div><\/section>\n<div  class='avia-buttonrow-wrap av-lt7b5toa-64a57ace73fd9ab5d01ca3d90b4ae806 avia-buttonrow-left  avia-builder-el-1  el_after_av_textblock  el_before_av_hr '>\n\n<style type=\"text\/css\" data-created_by=\"avia_inline_auto\" id=\"style-css-av-hh21i-8a43f024dc0229f3192e4b167677c4ed\">\n#top #wrap_all .avia-button.av-hh21i-8a43f024dc0229f3192e4b167677c4ed{\nmargin-bottom:5px;\nmargin-right:5px;\n}\n<\/style>\n<a href='https:\/\/zinasnofpris.pmlp.gov.lv\/'  class='avia-button av-hh21i-8a43f024dc0229f3192e4b167677c4ed avia-icon_select-yes-right-icon avia-size-small avia-color-theme-color'   aria-label=\"S\u0100KUMS\"><span class='avia_iconbox_title' >S\u0100KUMS<\/span><span class='avia_button_icon avia_button_icon_right avia-iconfont avia-font-entypo-fontello' data-av_icon='\ue87d' data-av_iconfont='entypo-fontello' ><\/span><\/a>\n\n<style type=\"text\/css\" data-created_by=\"avia_inline_auto\" id=\"style-css-av-7brku-4ce8811a71c30fd8fab338a00e676f15\">\n#top #wrap_all .avia-button.av-7brku-4ce8811a71c30fd8fab338a00e676f15{\nmargin-bottom:5px;\nmargin-right:5px;\n}\n<\/style>\n<a href='https:\/\/zinasnofpris.pmlp.gov.lv\/?page_id=61'  class='avia-button av-7brku-4ce8811a71c30fd8fab338a00e676f15 avia-icon_select-yes-right-icon avia-size-small avia-color-theme-color'   aria-label=\"TIE\u0160SAISTES DATU P\u0100RRAIDE\"><span class='avia_iconbox_title' >TIE\u0160SAISTES DATU P\u0100RRAIDE<\/span><span class='avia_button_icon avia_button_icon_right avia-iconfont avia-font-entypo-fontello' data-av_icon='\ue87d' data-av_iconfont='entypo-fontello' ><\/span><\/a>\n\n<style type=\"text\/css\" data-created_by=\"avia_inline_auto\" id=\"style-css-av-lt7b5sxv-d6822e7f8b9a1fd9326127c6d99ed585\">\n#top #wrap_all .avia-button.av-lt7b5sxv-d6822e7f8b9a1fd9326127c6d99ed585{\nbackground-color:#434bac;\nborder-color:#434bac;\ncolor:#ffffff;\ntransition:all 0.4s ease-in-out;\nmargin-bottom:5px;\nmargin-right:5px;\n}\n#top #wrap_all .avia-button.av-lt7b5sxv-d6822e7f8b9a1fd9326127c6d99ed585 .avia-svg-icon svg:first-child{\nfill:#ffffff;\nstroke:#ffffff;\n}\n<\/style>\n<a href='#'  class='avia-button av-lt7b5sxv-d6822e7f8b9a1fd9326127c6d99ed585 avia-icon_select-no avia-size-small'   aria-label=\"K\u0100 PIEK\u013b\u016aT\"><span class='avia_iconbox_title' >K\u0100 PIEK\u013b\u016aT<\/span><\/a>\n<\/div>\n\n<style type=\"text\/css\" data-created_by=\"avia_inline_auto\" id=\"style-css-av-12bwp-8799bc3b76882558c52ef2fb0ae89d51\">\n#top .hr.hr-invisible.av-12bwp-8799bc3b76882558c52ef2fb0ae89d51{\nheight:30px;\n}\n<\/style>\n<div  class='hr av-12bwp-8799bc3b76882558c52ef2fb0ae89d51 hr-invisible  avia-builder-el-2  el_after_av_buttonrow  el_before_av_toggle_container '><span class='hr-inner '><span class=\"hr-inner-style\"><\/span><\/span><\/div>\n\n<style type=\"text\/css\" data-created_by=\"avia_inline_auto\" id=\"style-css-av-lt7hmn95-dc8304560209a8356e7e9582238c1c57\">\n#top .togglecontainer.av-lt7hmn95-dc8304560209a8356e7e9582238c1c57 p.toggler{\nbackground-color:#ffffff;\nborder-color:#aed4ed;\n}\n#top .togglecontainer.av-lt7hmn95-dc8304560209a8356e7e9582238c1c57 p.toggler:not(.activeTitle):hover{\nbackground-color:#aed4ed;\n}\n#top .togglecontainer.av-lt7hmn95-dc8304560209a8356e7e9582238c1c57 p.toggler .toggle_icon{\ncolor:#0054a0;\nborder-color:#0054a0;\n}\n#top .togglecontainer.av-lt7hmn95-dc8304560209a8356e7e9582238c1c57 p.toggler .toggle_icon > span{\ncolor:#0054a0;\nborder-color:#0054a0;\n}\n#top .togglecontainer.av-lt7hmn95-dc8304560209a8356e7e9582238c1c57 .toggle_wrap .toggle_content{\nbackground-color:#ffffff;\nborder-color:#aed4ed;\n}\n<\/style>\n<div  class='togglecontainer av-lt7hmn95-dc8304560209a8356e7e9582238c1c57 av-elegant-toggle  avia-builder-el-3  el_after_av_hr  avia-builder-el-last  saites-fpr toggle_close_all' >\n<section class='av_toggle_section av-lt7hm8ps-bae448c1db9f506816488b72bfea493f'  itemscope=\"itemscope\" itemtype=\"https:\/\/schema.org\/CreativeWork\" ><div role=\"tablist\" class=\"single_toggle\" data-tags=\"{All} \"  ><p id='toggle-toggle-id-1' data-fake-id='#toggle-id-1' class='toggler  av-title-above av-inherit-border-color'  itemprop=\"headline\"  role='tab' tabindex='0' aria-controls='toggle-id-1' data-slide-speed=\"200\" data-title=\"Piek\u013cuves pie\u0161\u0137ir\u0161ana testa vai produkcijas videi\" data-title-open=\"\" data-aria_collapsed=\"Click to expand: Piek\u013cuves pie\u0161\u0137ir\u0161ana testa vai produkcijas videi\" data-aria_expanded=\"Click to collapse: Piek\u013cuves pie\u0161\u0137ir\u0161ana testa vai produkcijas videi\">Piek\u013cuves pie\u0161\u0137ir\u0161ana testa vai produkcijas videi<span class=\"toggle_icon\"><span class=\"vert_icon\"><\/span><span class=\"hor_icon\"><\/span><\/span><\/p><div id='toggle-id-1' aria-labelledby='toggle-toggle-id-1' role='region' class='toggle_wrap  av-title-above'  ><div class='toggle_content invers-color av-inherit-border-color'  itemprop=\"text\" ><ul>\n<li data-list=\"bullet\">Piek\u013cuves pie\u0161\u0137ir\u0161anai DAGR produkcijas videi klients aizpilda pieteikumu <a href=\"https:\/\/virsis.gov.lv\/\" target=\"_blank\" rel=\"noopener\">https:\/\/virsis.gov.lv\/<\/a>, izv\u0113loties PMLP pied\u0101v\u0101to pakalpojumu un attiec\u012bg\u0101 pakalpojuma atrib\u016btus (personas datus), k\u0101 ar\u012b nor\u0101dot normat\u012bvo aktu pamatojumu.<\/li>\n<li data-list=\"bullet\">Test\u0113\u0161anas nol\u016bkos klients var piepras\u012bt piek\u013cuvi DAGR testa videi, aizpildot pieteikumu <a href=\"https:\/\/test.virsis.gov.lv\/\" target=\"_blank\" rel=\"noopener\">https:\/\/test.virsis.gov.lv\/<\/a>.<\/li>\n<li data-list=\"bullet\">P\u0113c pieteikuma sa\u0146em\u0161anas PMLP v\u0113rt\u0113 tiesisko pamatu sadarb\u012bbas uzs\u0101k\u0161anai. Konstat\u0113jot pieteikuma korektumu, PMLP veic t\u0101 akcept\u0113\u0161anu un puses paraksta vieno\u0161anos par datu apmai\u0146u DAGR ietvaros.<\/li>\n<\/ul>\n<\/div><\/div><\/div><\/section>\n<section class='av_toggle_section av-lt7hmlcu-e6174f75ea8a018a668bd07483368e92'  itemscope=\"itemscope\" itemtype=\"https:\/\/schema.org\/CreativeWork\" ><div role=\"tablist\" class=\"single_toggle\" data-tags=\"{All} \"  ><p id='toggle-toggle-id-2' data-fake-id='#toggle-id-2' class='toggler  av-title-above av-inherit-border-color'  itemprop=\"headline\"  role='tab' tabindex='0' aria-controls='toggle-id-2' data-slide-speed=\"200\" data-title=\"Maksa\" data-title-open=\"\" data-aria_collapsed=\"Click to expand: Maksa\" data-aria_expanded=\"Click to collapse: Maksa\">Maksa<span class=\"toggle_icon\"><span class=\"vert_icon\"><\/span><span class=\"hor_icon\"><\/span><\/span><\/p><div id='toggle-id-2' aria-labelledby='toggle-toggle-id-2' role='region' class='toggle_wrap  av-title-above'  ><div class='toggle_content invers-color av-inherit-border-color'  itemprop=\"text\" ><p>Iev\u0113rojot to, ka DAGR nav nodro\u0161in\u0101ta iesp\u0113ja administr\u0113t veiktos maks\u0101jumus, piek\u013cuve ir nodro\u0161in\u0101ma datu \u0146\u0113m\u0113jiem, kuri atbilsto\u0161i normat\u012bvajos aktos noteiktajam ir atbr\u012bvojami no maks\u0101\u0161anas pien\u0101kuma.<\/p>\n<\/div><\/div><\/div><\/section>\n<\/div>\n","protected":false},"excerpt":{"rendered":"","protected":false},"author":1,"featured_media":0,"parent":61,"menu_order":3,"comment_status":"closed","ping_status":"closed","template":"","meta":{"inline_featured_image":false,"footnotes":""},"class_list":["post-292","page","type-page","status-publish","hentry"],"_links":{"self":[{"href":"https:\/\/zinasnofpris.pmlp.gov.lv\/index.php?rest_route=\/wp\/v2\/pages\/292","targetHints":{"allow":["GET"]}}],"collection":[{"href":"https:\/\/zinasnofpris.pmlp.gov.lv\/index.php?rest_route=\/wp\/v2\/pages"}],"about":[{"href":"https:\/\/zinasnofpris.pmlp.gov.lv\/index.php?rest_route=\/wp\/v2\/types\/page"}],"author":[{"embeddable":true,"href":"https:\/\/zinasnofpris.pmlp.gov.lv\/index.php?rest_route=\/wp\/v2\/users\/1"}],"replies":[{"embeddable":true,"href":"https:\/\/zinasnofpris.pmlp.gov.lv\/index.php?rest_route=%2Fwp%2Fv2%2Fcomments&post=292"}],"version-history":[{"count":2,"href":"https:\/\/zinasnofpris.pmlp.gov.lv\/index.php?rest_route=\/wp\/v2\/pages\/292\/revisions"}],"predecessor-version":[{"id":299,"href":"https:\/\/zinasnofpris.pmlp.gov.lv\/index.php?rest_route=\/wp\/v2\/pages\/292\/revisions\/299"}],"up":[{"embeddable":true,"href":"https:\/\/zinasnofpris.pmlp.gov.lv\/index.php?rest_route=\/wp\/v2\/pages\/61"}],"wp:attachment":[{"href":"https:\/\/zinasnofpris.pmlp.gov.lv\/index.php?rest_route=%2Fwp%2Fv2%2Fmedia&parent=292"}],"curies":[{"name":"wp","href":"https:\/\/api.w.org\/{rel}","templated":true}]}}