{"id":282,"date":"2024-02-29T15:48:18","date_gmt":"2024-02-29T13:48:18","guid":{"rendered":"https:\/\/zinasnofpris.pmlp.gov.lv\/?page_id=282"},"modified":"2024-04-25T09:26:39","modified_gmt":"2024-04-25T06:26:39","slug":"pakalpojuma-shematisks-apraksts-01","status":"publish","type":"page","link":"https:\/\/zinasnofpris.pmlp.gov.lv\/?page_id=282","title":{"rendered":"Pakalpojuma shematisks apraksts 01"},"content":{"rendered":"<section  class='av_textblock_section av-lt5mv4n8-2a430fcc4da4a137f6903dbf904b9087 '   itemscope=\"itemscope\" itemtype=\"https:\/\/schema.org\/CreativeWork\" ><div class='avia_textblock'  itemprop=\"text\" ><p>PAKALPOJUMA SHEMATISKS APRAKSTS \u2013 FIZISKO PERSONU RE\u0122ISTRA INFORM\u0100CIJAS SIST\u0112MAS LIETOT\u0100JU SASKARNE \u201cPERSONU DATU P\u0100RL\u016aKS\u201d<\/p>\n<\/div><\/section>\n<div  class='avia-buttonrow-wrap av-lt7a6cy6-551d6ebabfd0f6cc7fb50d5298ec1e4d avia-buttonrow-left  avia-builder-el-1  el_after_av_textblock  el_before_av_hr '>\n\n<style type=\"text\/css\" data-created_by=\"avia_inline_auto\" id=\"style-css-av-cxua2-6bf17324dc1592661540466893ff4952\">\n#top #wrap_all .avia-button.av-cxua2-6bf17324dc1592661540466893ff4952{\nmargin-bottom:5px;\nmargin-right:5px;\n}\n<\/style>\n<a href='https:\/\/zinasnofpris.pmlp.gov.lv\/'  class='avia-button av-cxua2-6bf17324dc1592661540466893ff4952 avia-icon_select-yes-right-icon avia-size-small avia-color-theme-color'   aria-label=\"S\u0100KUMS\"><span class='avia_iconbox_title' >S\u0100KUMS<\/span><span class='avia_button_icon avia_button_icon_right avia-iconfont avia-font-entypo-fontello' data-av_icon='\ue87d' data-av_iconfont='entypo-fontello' ><\/span><\/a>\n\n<style type=\"text\/css\" data-created_by=\"avia_inline_auto\" id=\"style-css-av-ojpe-22a8c4581a1ddd960e61c6687c00dac1\">\n#top #wrap_all .avia-button.av-ojpe-22a8c4581a1ddd960e61c6687c00dac1{\nmargin-bottom:5px;\nmargin-right:5px;\n}\n<\/style>\n<a href='https:\/\/zinasnofpris.pmlp.gov.lv\/?page_id=61'  class='avia-button av-ojpe-22a8c4581a1ddd960e61c6687c00dac1 avia-icon_select-yes-right-icon avia-size-small avia-color-theme-color'   aria-label=\"TIE\u0160SAISTES DATU P\u0100RRAIDE\"><span class='avia_iconbox_title' >TIE\u0160SAISTES DATU P\u0100RRAIDE<\/span><span class='avia_button_icon avia_button_icon_right avia-iconfont avia-font-entypo-fontello' data-av_icon='\ue87d' data-av_iconfont='entypo-fontello' ><\/span><\/a>\n\n<style type=\"text\/css\" data-created_by=\"avia_inline_auto\" id=\"style-css-av-lt7a5skf-18b84e0a134baa22ea0a8f13500c5313\">\n#top #wrap_all .avia-button.av-lt7a5skf-18b84e0a134baa22ea0a8f13500c5313{\nmargin-bottom:5px;\nmargin-right:5px;\n}\n<\/style>\n<a href='https:\/\/zinasnofpris.pmlp.gov.lv\/?page_id=270'  class='avia-button av-lt7a5skf-18b84e0a134baa22ea0a8f13500c5313 avia-icon_select-yes-right-icon avia-size-small avia-color-theme-color'   aria-label=\"K\u0100 PIEK\u013b\u016aT?\"><span class='avia_iconbox_title' >K\u0100 PIEK\u013b\u016aT?<\/span><span class='avia_button_icon avia_button_icon_right avia-iconfont avia-font-entypo-fontello' data-av_icon='\ue87d' data-av_iconfont='entypo-fontello' ><\/span><\/a>\n\n<style type=\"text\/css\" data-created_by=\"avia_inline_auto\" id=\"style-css-av-lt7a56x9-2d882679c95467b9c8333690e679f179\">\n#top #wrap_all .avia-button.av-lt7a56x9-2d882679c95467b9c8333690e679f179{\nbackground-color:#434bac;\nborder-color:#434bac;\ncolor:#ffffff;\ntransition:all 0.4s ease-in-out;\nmargin-bottom:5px;\nmargin-right:5px;\n}\n#top #wrap_all .avia-button.av-lt7a56x9-2d882679c95467b9c8333690e679f179 .avia-svg-icon svg:first-child{\nfill:#ffffff;\nstroke:#ffffff;\n}\n<\/style>\n<a href='#'  class='avia-button av-lt7a56x9-2d882679c95467b9c8333690e679f179 avia-icon_select-no avia-size-small'   aria-label=\"SHEMATISKS APRAKSTS\"><span class='avia_iconbox_title' >SHEMATISKS APRAKSTS<\/span><\/a>\n<\/div>\n\n<style type=\"text\/css\" data-created_by=\"avia_inline_auto\" id=\"style-css-av-12bwp-8799bc3b76882558c52ef2fb0ae89d51\">\n#top .hr.hr-invisible.av-12bwp-8799bc3b76882558c52ef2fb0ae89d51{\nheight:30px;\n}\n<\/style>\n<div  class='hr av-12bwp-8799bc3b76882558c52ef2fb0ae89d51 hr-invisible  avia-builder-el-2  el_after_av_buttonrow  el_before_av_one_fifth '><span class='hr-inner '><span class=\"hr-inner-style\"><\/span><\/span><\/div>\n<div  class='flex_column av-lbuyq-452b82edc23d9b575fde015493b58025 av_one_fifth  avia-builder-el-3  el_after_av_hr  el_before_av_three_fifth  first flex_column_div  '     ><\/div>\n<div  class='flex_column av-gznia-458fade6a4113a18b91b7d8349f9cfb6 av_three_fifth  avia-builder-el-4  el_after_av_one_fifth  avia-builder-el-last  flex_column_div  '     ><p><section  class='av_textblock_section av-lt9rx57i-b4b4a2ff510a0ce662df71d13b5735b5 '   itemscope=\"itemscope\" itemtype=\"https:\/\/schema.org\/CreativeWork\" ><div class='avia_textblock'  itemprop=\"text\" ><p><img decoding=\"async\" class=\"alignnone wp-image-315 size-full\" src=\"https:\/\/zinasnofpris.pmlp.gov.lv\/wp-content\/uploads\/2024\/03\/tiesaistes-datu-parraide_01.svg\" alt=\"\" \/><\/p>\n<\/div><\/section><br \/>\n<section  class='av_textblock_section av-lt9rye7d-308720ca757bcca07a7875b87c6854f2 '   itemscope=\"itemscope\" itemtype=\"https:\/\/schema.org\/CreativeWork\" ><div class='avia_textblock saites-fpr'  itemprop=\"text\" ><p><em>* Piepras\u012bjum\u0101 nor\u0101d\u0101ma inform\u0101cija atbilsto\u0161i Ministru kabineta 2021. gada 17. augusta noteikumu Nr. 563 &#8220;Fizisko personu re\u0123istr\u0101 iek\u013cauto zi\u0146u izsnieg\u0161anas k\u0101rt\u012bba&#8221; 6. punkt\u0101 noteiktajam.<a href=\"https:\/\/zinasnofpris.pmlp.gov.lv\/?page_id=278\"> Juridiskaj\u0101m person\u0101m papildus skat\u012bt \u25ba<\/a><\/em><\/p>\n<p><em>** Attiecas uz iest\u0101d\u0113m, kas atrodas da\u017e\u0101du Ministru kabineta locek\u013cu padot\u012bb\u0101.<\/em><\/p>\n<p><em>*** Sadarb\u012bba valsts p\u0101rvald\u0113 tiek \u012bstenota bez maksas, ja \u0101r\u0113j\u0101 normat\u012bvaj\u0101 akt\u0101 nav noteikts cit\u0101di.<\/em><\/p>\n<\/div><\/section><br \/>\n<div  class='avia-button-wrap av-b7aqi-0e7d400f772aea92c81c85ac95bd5838-wrap avia-button-left  avia-builder-el-7  el_after_av_textblock  avia-builder-el-last '>\n<style type=\"text\/css\" data-created_by=\"avia_inline_auto\" id=\"style-css-av-b7aqi-0e7d400f772aea92c81c85ac95bd5838\">\n#top #wrap_all .avia-button.av-b7aqi-0e7d400f772aea92c81c85ac95bd5838{\nbackground-color:#434bac;\nborder-color:#434bac;\ncolor:#ffffff;\ntransition:all 0.4s ease-in-out;\n}\n#top #wrap_all .avia-button.av-b7aqi-0e7d400f772aea92c81c85ac95bd5838 .avia-svg-icon svg:first-child{\nfill:#ffffff;\nstroke:#ffffff;\n}\n<\/style>\n<a href='https:\/\/zinasnofpris.pmlp.gov.lv\/'  class='avia-button av-b7aqi-0e7d400f772aea92c81c85ac95bd5838 av-link-btn avia-icon_select-yes-left-icon avia-size-small avia-position-left'   aria-label=\"UZ S\u0100KUMU\"><span class='avia_button_icon avia_button_icon_left avia-iconfont avia-font-entypo-fontello' data-av_icon='\ue87c' data-av_iconfont='entypo-fontello' ><\/span><span class='avia_iconbox_title' >UZ S\u0100KUMU<\/span><\/a><\/div><\/p><\/div>\n","protected":false},"excerpt":{"rendered":"","protected":false},"author":1,"featured_media":0,"parent":270,"menu_order":1,"comment_status":"closed","ping_status":"closed","template":"","meta":{"inline_featured_image":false,"footnotes":""},"class_list":["post-282","page","type-page","status-publish","hentry"],"_links":{"self":[{"href":"https:\/\/zinasnofpris.pmlp.gov.lv\/index.php?rest_route=\/wp\/v2\/pages\/282","targetHints":{"allow":["GET"]}}],"collection":[{"href":"https:\/\/zinasnofpris.pmlp.gov.lv\/index.php?rest_route=\/wp\/v2\/pages"}],"about":[{"href":"https:\/\/zinasnofpris.pmlp.gov.lv\/index.php?rest_route=\/wp\/v2\/types\/page"}],"author":[{"embeddable":true,"href":"https:\/\/zinasnofpris.pmlp.gov.lv\/index.php?rest_route=\/wp\/v2\/users\/1"}],"replies":[{"embeddable":true,"href":"https:\/\/zinasnofpris.pmlp.gov.lv\/index.php?rest_route=%2Fwp%2Fv2%2Fcomments&post=282"}],"version-history":[{"count":5,"href":"https:\/\/zinasnofpris.pmlp.gov.lv\/index.php?rest_route=\/wp\/v2\/pages\/282\/revisions"}],"predecessor-version":[{"id":319,"href":"https:\/\/zinasnofpris.pmlp.gov.lv\/index.php?rest_route=\/wp\/v2\/pages\/282\/revisions\/319"}],"up":[{"embeddable":true,"href":"https:\/\/zinasnofpris.pmlp.gov.lv\/index.php?rest_route=\/wp\/v2\/pages\/270"}],"wp:attachment":[{"href":"https:\/\/zinasnofpris.pmlp.gov.lv\/index.php?rest_route=%2Fwp%2Fv2%2Fmedia&parent=282"}],"curies":[{"name":"wp","href":"https:\/\/api.w.org\/{rel}","templated":true}]}}