{"id":270,"date":"2024-02-29T12:44:34","date_gmt":"2024-02-29T10:44:34","guid":{"rendered":"https:\/\/zinasnofpris.pmlp.gov.lv\/?page_id=270"},"modified":"2024-04-25T09:26:33","modified_gmt":"2024-04-25T06:26:33","slug":"tiessaistes-datu-parraide","status":"publish","type":"page","link":"https:\/\/zinasnofpris.pmlp.gov.lv\/?page_id=270","title":{"rendered":"Fizisko personu re\u0123istra inform\u0101cijas sist\u0113mas lietot\u0101ju saskarne \u201cPersonu datu p\u0101rl\u016bks\u201d"},"content":{"rendered":"<section  class='av_textblock_section av-lt5mv4n8-2a430fcc4da4a137f6903dbf904b9087 '   itemscope=\"itemscope\" itemtype=\"https:\/\/schema.org\/CreativeWork\" ><div class='avia_textblock'  itemprop=\"text\" ><p>FIZISKO PERSONU RE\u0122ISTRA INFORM\u0100CIJAS SIST\u0112MAS LIETOT\u0100JU SASKARNE \u201cPERSONU DATU P\u0100RL\u016aKS\u201d<\/p>\n<\/div><\/section>\n<div  class='avia-buttonrow-wrap av-lt7b5toa-64a57ace73fd9ab5d01ca3d90b4ae806 avia-buttonrow-left  avia-builder-el-1  el_after_av_textblock  el_before_av_hr '>\n\n<style type=\"text\/css\" data-created_by=\"avia_inline_auto\" id=\"style-css-av-hh21i-8a43f024dc0229f3192e4b167677c4ed\">\n#top #wrap_all .avia-button.av-hh21i-8a43f024dc0229f3192e4b167677c4ed{\nmargin-bottom:5px;\nmargin-right:5px;\n}\n<\/style>\n<a href='https:\/\/zinasnofpris.pmlp.gov.lv\/'  class='avia-button av-hh21i-8a43f024dc0229f3192e4b167677c4ed avia-icon_select-yes-right-icon avia-size-small avia-color-theme-color'   aria-label=\"S\u0100KUMS\"><span class='avia_iconbox_title' >S\u0100KUMS<\/span><span class='avia_button_icon avia_button_icon_right avia-iconfont avia-font-entypo-fontello' data-av_icon='\ue87d' data-av_iconfont='entypo-fontello' ><\/span><\/a>\n\n<style type=\"text\/css\" data-created_by=\"avia_inline_auto\" id=\"style-css-av-7brku-4ce8811a71c30fd8fab338a00e676f15\">\n#top #wrap_all .avia-button.av-7brku-4ce8811a71c30fd8fab338a00e676f15{\nmargin-bottom:5px;\nmargin-right:5px;\n}\n<\/style>\n<a href='https:\/\/zinasnofpris.pmlp.gov.lv\/?page_id=61'  class='avia-button av-7brku-4ce8811a71c30fd8fab338a00e676f15 avia-icon_select-yes-right-icon avia-size-small avia-color-theme-color'   aria-label=\"TIE\u0160SAISTES DATU P\u0100RRAIDE\"><span class='avia_iconbox_title' >TIE\u0160SAISTES DATU P\u0100RRAIDE<\/span><span class='avia_button_icon avia_button_icon_right avia-iconfont avia-font-entypo-fontello' data-av_icon='\ue87d' data-av_iconfont='entypo-fontello' ><\/span><\/a>\n\n<style type=\"text\/css\" data-created_by=\"avia_inline_auto\" id=\"style-css-av-lt7b5sxv-d6822e7f8b9a1fd9326127c6d99ed585\">\n#top #wrap_all .avia-button.av-lt7b5sxv-d6822e7f8b9a1fd9326127c6d99ed585{\nbackground-color:#434bac;\nborder-color:#434bac;\ncolor:#ffffff;\ntransition:all 0.4s ease-in-out;\nmargin-bottom:5px;\nmargin-right:5px;\n}\n#top #wrap_all .avia-button.av-lt7b5sxv-d6822e7f8b9a1fd9326127c6d99ed585 .avia-svg-icon svg:first-child{\nfill:#ffffff;\nstroke:#ffffff;\n}\n<\/style>\n<a href='#'  class='avia-button av-lt7b5sxv-d6822e7f8b9a1fd9326127c6d99ed585 avia-icon_select-no avia-size-small'   aria-label=\"K\u0100 PIEK\u013b\u016aT\"><span class='avia_iconbox_title' >K\u0100 PIEK\u013b\u016aT<\/span><\/a>\n<\/div>\n\n<style type=\"text\/css\" data-created_by=\"avia_inline_auto\" id=\"style-css-av-12bwp-8799bc3b76882558c52ef2fb0ae89d51\">\n#top .hr.hr-invisible.av-12bwp-8799bc3b76882558c52ef2fb0ae89d51{\nheight:30px;\n}\n<\/style>\n<div  class='hr av-12bwp-8799bc3b76882558c52ef2fb0ae89d51 hr-invisible  avia-builder-el-2  el_after_av_buttonrow  el_before_av_toggle_container '><span class='hr-inner '><span class=\"hr-inner-style\"><\/span><\/span><\/div>\n\n<style type=\"text\/css\" data-created_by=\"avia_inline_auto\" id=\"style-css-av-lt9t4mk1-6b48c4f27205d83375c83e8ae6bde6cd\">\n#top .togglecontainer.av-lt9t4mk1-6b48c4f27205d83375c83e8ae6bde6cd p.toggler{\nbackground-color:#ffffff;\nborder-color:#aed4ed;\n}\n#top .togglecontainer.av-lt9t4mk1-6b48c4f27205d83375c83e8ae6bde6cd p.toggler:not(.activeTitle):hover{\nbackground-color:#aed4ed;\n}\n#top .togglecontainer.av-lt9t4mk1-6b48c4f27205d83375c83e8ae6bde6cd p.toggler .toggle_icon{\ncolor:#0054a0;\nborder-color:#0054a0;\n}\n#top .togglecontainer.av-lt9t4mk1-6b48c4f27205d83375c83e8ae6bde6cd p.toggler .toggle_icon > span{\ncolor:#0054a0;\nborder-color:#0054a0;\n}\n#top .togglecontainer.av-lt9t4mk1-6b48c4f27205d83375c83e8ae6bde6cd .toggle_wrap .toggle_content{\nbackground-color:#ffffff;\nborder-color:#aed4ed;\n}\n<\/style>\n<div  class='togglecontainer av-lt9t4mk1-6b48c4f27205d83375c83e8ae6bde6cd av-elegant-toggle  avia-builder-el-3  el_after_av_hr  avia-builder-el-last  saites-fpr toggle_close_all' >\n<section class='av_toggle_section av-av_toggle-c89afd7a44d92c381eeb4043859a1ecc'  itemscope=\"itemscope\" itemtype=\"https:\/\/schema.org\/CreativeWork\" ><div role=\"tablist\" class=\"single_toggle\" data-tags=\"{All} \"  ><p id='toggle-toggle-id-1' data-fake-id='#toggle-id-1' class='toggler  av-title-above av-inherit-border-color'  itemprop=\"headline\"  role='tab' tabindex='0' aria-controls='toggle-id-1' data-slide-speed=\"200\" data-title=\"Piepras\u012bjuma iesnieg\u0161anas kan\u0101li\" data-title-open=\"\" data-aria_collapsed=\"Click to expand: Piepras\u012bjuma iesnieg\u0161anas kan\u0101li\" data-aria_expanded=\"Click to collapse: Piepras\u012bjuma iesnieg\u0161anas kan\u0101li\">Piepras\u012bjuma iesnieg\u0161anas kan\u0101li<span class=\"toggle_icon\"><span class=\"vert_icon\"><\/span><span class=\"hor_icon\"><\/span><\/span><\/p><div id='toggle-id-1' aria-labelledby='toggle-toggle-id-1' role='region' class='toggle_wrap  av-title-above'  ><div class='toggle_content invers-color av-inherit-border-color'  itemprop=\"text\" ><p>\n<style type=\"text\/css\" data-created_by=\"avia_inline_auto\" id=\"style-css-av-av_iconlist-15c8d5884a3434c13da0ca4b83c28258\">\n#top .avia-icon-list-container.av-av_iconlist-15c8d5884a3434c13da0ca4b83c28258 .iconlist_icon{\ncolor:#be4e2b;\n}\n#top .avia-icon-list-container.av-av_iconlist-15c8d5884a3434c13da0ca4b83c28258 .iconlist_icon svg:first-child{\nstroke:#be4e2b;\nfill:#be4e2b;\n}\n<\/style>\n<div  class='avia-icon-list-container av-av_iconlist-15c8d5884a3434c13da0ca4b83c28258  avia-builder-el-4  el_before_av_iconlist  avia-builder-el-first  eadrese2'><ul class='avia-icon-list avia_animate_when_almost_visible avia-icon-list-left av-iconlist-small av-av_iconlist-15c8d5884a3434c13da0ca4b83c28258 avia-iconlist-animate'>\n<li><div class='iconlist_icon av-av_iconlist_item-fb9d7984cff778a1781a1ce5321af160 avia-font-fpris-icons avia-iconfont avia-font-fpris-icons'><span class='av-icon-char' data-av_icon='\ue800' data-av_iconfont='fpris-icons' aria-hidden=\"true\"><\/span><\/div><article class=\"article-icon-entry av-iconlist-empty\"  itemscope=\"itemscope\" itemtype=\"https:\/\/schema.org\/CreativeWork\" ><div class=\"iconlist_content_wrap\"><header class=\"entry-content-header\" aria-label=\"Icon: &lt;a href=&#039;https:\/\/latvija.gov.lv\/Content\/Eadrese&#039; title=&#039;Elektroniski parakst\u012btu iesniegumu iesniedz PMLP ofici\u0101laj\u0101 elektronisk\u0101j\u0101 adres\u0113 (eAdrese), ja esi aktiviz\u0113jis eAdresi;&#039; target=&quot;_blank&quot;  rel=&quot;noopener noreferrer&quot;&gt;Elektroniski parakst\u012btu iesniegumu iesniedz PMLP ofici\u0101laj\u0101 elektronisk\u0101j\u0101 adres\u0113 (eAdrese), ja esi aktiviz\u0113jis eAdresi;&lt;\/a&gt;\"><div class='av_iconlist_title iconlist_title_small  '  itemprop=\"headline\" ><a href='https:\/\/latvija.gov.lv\/Content\/Eadrese' title='Elektroniski parakst\u012btu iesniegumu iesniedz PMLP ofici\u0101laj\u0101 elektronisk\u0101j\u0101 adres\u0113 (eAdrese), ja esi aktiviz\u0113jis eAdresi;' target=\"_blank\"  rel=\"noopener noreferrer\">Elektroniski parakst\u012btu iesniegumu iesniedz PMLP ofici\u0101laj\u0101 elektronisk\u0101j\u0101 adres\u0113 (eAdrese), ja esi aktiviz\u0113jis eAdresi;<\/a><\/div><\/header><div class='iconlist_content '  itemprop=\"text\" ><\/div><\/div><footer class=\"entry-footer\"><\/footer><\/article><div class=\"iconlist-timeline\"><\/div><\/li>\n<\/ul><\/div><br \/>\n\n<style type=\"text\/css\" data-created_by=\"avia_inline_auto\" id=\"style-css-av-av_iconlist-a834b4d3938b590e2d6fcff2014ccf0f\">\n#top .avia-icon-list-container.av-av_iconlist-a834b4d3938b590e2d6fcff2014ccf0f .iconlist_icon{\ncolor:#ed8b75;\n}\n#top .avia-icon-list-container.av-av_iconlist-a834b4d3938b590e2d6fcff2014ccf0f .iconlist_icon svg:first-child{\nstroke:#ed8b75;\nfill:#ed8b75;\n}\n<\/style>\n<div  class='avia-icon-list-container av-av_iconlist-a834b4d3938b590e2d6fcff2014ccf0f  avia-builder-el-5  el_after_av_iconlist  el_before_av_button '><ul class='avia-icon-list avia_animate_when_almost_visible avia-icon-list-left av-iconlist-small av-av_iconlist-a834b4d3938b590e2d6fcff2014ccf0f avia-iconlist-animate'>\n<li><div class='iconlist_icon av-av_iconlist_item-8d59e367a00cb0786d631a772cc0111c avia-font-entypo-fontello avia-iconfont avia-font-entypo-fontello'><span class='av-icon-char' data-av_icon='\ue805' data-av_iconfont='entypo-fontello' aria-hidden=\"true\"><\/span><\/div><article class=\"article-icon-entry av-iconlist-empty\"  itemscope=\"itemscope\" itemtype=\"https:\/\/schema.org\/CreativeWork\" ><div class=\"iconlist_content_wrap\"><header class=\"entry-content-header\" aria-label=\"Icon: &lt;a href=&#039;mailto:pasts@pmlp.gov.lv&#039; title=&#039;Elektroniski parakst\u012btu iesniegumu nos\u016bta uz PMLP elektronisk\u0101 pasta adresi pasts@pmlp.gov.lv;&#039; target=&quot;_blank&quot;  rel=&quot;noopener noreferrer&quot;&gt;Elektroniski parakst\u012btu iesniegumu nos\u016bta uz PMLP elektronisk\u0101 pasta adresi pasts@pmlp.gov.lv;&lt;\/a&gt;\"><div class='av_iconlist_title iconlist_title_small  '  itemprop=\"headline\" ><a href='mailto:pasts@pmlp.gov.lv' title='Elektroniski parakst\u012btu iesniegumu nos\u016bta uz PMLP elektronisk\u0101 pasta adresi pasts@pmlp.gov.lv;' target=\"_blank\"  rel=\"noopener noreferrer\">Elektroniski parakst\u012btu iesniegumu nos\u016bta uz PMLP elektronisk\u0101 pasta adresi pasts@pmlp.gov.lv;<\/a><\/div><\/header><div class='iconlist_content '  itemprop=\"text\" ><\/div><\/div><footer class=\"entry-footer\"><\/footer><\/article><div class=\"iconlist-timeline\"><\/div><\/li>\n<li><div class='iconlist_icon av-av_iconlist_item-c0c10b907144aced7e32fc0565045298 avia-font-entypo-fontello avia-iconfont avia-font-entypo-fontello'><span class='av-icon-char' data-av_icon='\ue821' data-av_iconfont='entypo-fontello' aria-hidden=\"true\"><\/span><\/div><article class=\"article-icon-entry av-iconlist-empty\"  itemscope=\"itemscope\" itemtype=\"https:\/\/schema.org\/CreativeWork\" ><div class=\"iconlist_content_wrap\"><header class=\"entry-content-header\" aria-label=\"Icon: Pa pastu PMLP (\u010ciekurkalna 1.l\u012bnija 1 k-3, R\u012bga, LV-1026).\"><div class='av_iconlist_title iconlist_title_small  '  itemprop=\"headline\" >Pa pastu PMLP (\u010ciekurkalna 1.l\u012bnija 1 k-3, R\u012bga, LV-1026).<\/div><\/header><div class='iconlist_content '  itemprop=\"text\" ><\/div><\/div><footer class=\"entry-footer\"><\/footer><\/article><div class=\"iconlist-timeline\"><\/div><\/li>\n<\/ul><\/div><\/p>\n<\/div><\/div><\/div><\/section>\n<section class='av_toggle_section av-lt9t4lot-2f0c2f0e49bff4835956eca750486457'  itemscope=\"itemscope\" itemtype=\"https:\/\/schema.org\/CreativeWork\" ><div role=\"tablist\" class=\"single_toggle\" data-tags=\"{All} \"  ><p id='toggle-toggle-id-2' data-fake-id='#toggle-id-2' class='toggler  av-title-above av-inherit-border-color'  itemprop=\"headline\"  role='tab' tabindex='0' aria-controls='toggle-id-2' data-slide-speed=\"200\" data-title=\"Piepras\u012bjuma nor\u0101d\u0101m\u0101 inform\u0101cija*\" data-title-open=\"\" data-aria_collapsed=\"Click to expand: Piepras\u012bjuma nor\u0101d\u0101m\u0101 inform\u0101cija*\" data-aria_expanded=\"Click to collapse: Piepras\u012bjuma nor\u0101d\u0101m\u0101 inform\u0101cija*\">Piepras\u012bjuma nor\u0101d\u0101m\u0101 inform\u0101cija*<span class=\"toggle_icon\"><span class=\"vert_icon\"><\/span><span class=\"hor_icon\"><\/span><\/span><\/p><div id='toggle-id-2' aria-labelledby='toggle-toggle-id-2' role='region' class='toggle_wrap  av-title-above'  ><div class='toggle_content invers-color av-inherit-border-color'  itemprop=\"text\" ><ul>\n<li data-list=\"bullet\">Nepiecie\u0161am\u0101 datu apjoma uzskait\u012bjums (Fizisko personu re\u0123istra likuma 11. panta pirmaj\u0101 da\u013c\u0101 noteikts datu apjoms, k\u0101ds tiek iek\u013cauts Fizisko personu re\u0123istr\u0101), tiesiskais pamatojums datu sa\u0146em\u0161anas nepiecie\u0161am\u012bbai un datu izmanto\u0161anas m\u0113r\u0137is;<\/li>\n<li data-list=\"bullet\">Ierosin\u0101jums nosl\u0113gt l\u012bgumu par PDP izmanto\u0161anu;<\/li>\n<li data-list=\"bullet\">Piepras\u012bjum\u0101 papildus nor\u0101d\u0101m\u0101 inform\u0101cija, <a href=\"https:\/\/zinasnofpris.pmlp.gov.lv\/?page_id=278\">ja l\u012bgumu v\u0113las nosl\u0113gt juridiska persona<\/a>.<\/li>\n<\/ul>\n<p>* Atbilsto\u0161i Ministru kabineta 2021.gada 17.augusta noteikumu Nr.563 \u201cFizisko personu re\u0123istr\u0101 iek\u013cauto zi\u0146u izsnieg\u0161anas k\u0101rt\u012bba\u201d 6. punktam (<a href=\"https:\/\/likumi.lv\/ta\/id\/325476-fizisko-personu-registra-ieklauto-zinu-izsniegsanas-kartiba\" target=\"_blank\" rel=\"noopener\">https:\/\/likumi.lv\/ta\/id\/325476-fizisko-personu-registra-ieklauto-zinu-izsniegsanas-kartiba<\/a>).<\/p>\n<div  class='avia-button-wrap av-av_button-c0b65032f95c0c0d2649301b29a79c4c-wrap avia-button-left  avia-builder-el-6  el_after_av_iconlist  avia-builder-el-last '>\n<style type=\"text\/css\" data-created_by=\"avia_inline_auto\" id=\"style-css-av-av_button-c0b65032f95c0c0d2649301b29a79c4c\">\n#top #wrap_all .avia-button.av-av_button-c0b65032f95c0c0d2649301b29a79c4c{\nbackground-color:#434bac;\nborder-color:#434bac;\ncolor:#ffffff;\ntransition:all 0.4s ease-in-out;\n}\n#top #wrap_all .avia-button.av-av_button-c0b65032f95c0c0d2649301b29a79c4c .avia-svg-icon svg:first-child{\nfill:#ffffff;\nstroke:#ffffff;\n}\n<\/style>\n<a href='https:\/\/zinasnofpris.pmlp.gov.lv\/?page_id=282'  class='avia-button av-av_button-c0b65032f95c0c0d2649301b29a79c4c av-link-btn avia-icon_select-yes-right-icon avia-size-small avia-position-left'   aria-label=\"Pakalpojuma shematisks apraksts \"><span class='avia_iconbox_title' >Pakalpojuma shematisks apraksts <\/span><span class='avia_button_icon avia_button_icon_right avia-iconfont avia-font-entypo-fontello' data-av_icon='\ue87d' data-av_iconfont='entypo-fontello' ><\/span><\/a><\/div>\n<\/div><\/div><\/div><\/section>\n<section class='av_toggle_section av-av_toggle-55b25da70e3aa034be190612eb924899'  itemscope=\"itemscope\" itemtype=\"https:\/\/schema.org\/CreativeWork\" ><div role=\"tablist\" class=\"single_toggle\" data-tags=\"{All} \"  ><p id='toggle-toggle-id-3' data-fake-id='#toggle-id-3' class='toggler  av-title-above av-inherit-border-color'  itemprop=\"headline\"  role='tab' tabindex='0' aria-controls='toggle-id-3' data-slide-speed=\"200\" data-title=\"L\u012bguma nosl\u0113g\u0161ana\" data-title-open=\"\" data-aria_collapsed=\"Click to expand: L\u012bguma nosl\u0113g\u0161ana\" data-aria_expanded=\"Click to collapse: L\u012bguma nosl\u0113g\u0161ana\">L\u012bguma nosl\u0113g\u0161ana<span class=\"toggle_icon\"><span class=\"vert_icon\"><\/span><span class=\"hor_icon\"><\/span><\/span><\/p><div id='toggle-id-3' aria-labelledby='toggle-toggle-id-3' role='region' class='toggle_wrap  av-title-above'  ><div class='toggle_content invers-color av-inherit-border-color'  itemprop=\"text\" ><ul>\n<li data-list=\"bullet\">Konstat\u0113jot tiesisko pamatu sadarb\u012bbas uzs\u0101k\u0161anai, PMLP izstr\u0101d\u0101 l\u012bguma projektu un nos\u016bta saska\u0146o\u0161anai klientam;<\/li>\n<li data-list=\"bullet\">P\u0113c abpus\u0113jas saska\u0146o\u0161anas PMLP un klients nosl\u0113dz l\u012bgumu;<\/li>\n<li data-list=\"bullet\">Ja par PDP izmanto\u0161anu tiek sl\u0113gta starpresoru vieno\u0161an\u0101s <a href=\"https:\/\/likumi.lv\/ta\/id\/63545#p58\" target=\"_blank\" rel=\"noopener\">Valsts p\u0101rvaldes likuma 58. panta<\/a> izpratn\u0113, tad atbilsto\u0161i <a href=\"https:\/\/likumi.lv\/ta\/id\/63545#p59\" target=\"_blank\" rel=\"noopener\">Valsts p\u0101rvaldes likuma 59.panta pirmaj\u0101 da\u013c\u0101<\/a> noteiktajam pirms starpresoru vieno\u0161an\u0101s parakst\u012b\u0161anas t\u0101 ir j\u0101saska\u0146o ar augst\u0101kaj\u0101m iest\u0101d\u0113m.<\/li>\n<\/ul>\n<\/div><\/div><\/div><\/section>\n<section class='av_toggle_section av-av_toggle-ad823b9b119d47f9ffc4266359d486d2'  itemscope=\"itemscope\" itemtype=\"https:\/\/schema.org\/CreativeWork\" ><div role=\"tablist\" class=\"single_toggle\" data-tags=\"{All} \"  ><p id='toggle-toggle-id-4' data-fake-id='#toggle-id-4' class='toggler  av-title-above av-inherit-border-color'  itemprop=\"headline\"  role='tab' tabindex='0' aria-controls='toggle-id-4' data-slide-speed=\"200\" data-title=\"Maksa\" data-title-open=\"\" data-aria_collapsed=\"Click to expand: Maksa\" data-aria_expanded=\"Click to collapse: Maksa\">Maksa<span class=\"toggle_icon\"><span class=\"vert_icon\"><\/span><span class=\"hor_icon\"><\/span><\/span><\/p><div id='toggle-id-4' aria-labelledby='toggle-toggle-id-4' role='region' class='toggle_wrap  av-title-above'  ><div class='toggle_content invers-color av-inherit-border-color'  itemprop=\"text\" ><ul>\n<li data-list=\"bullet\">Klientam ir j\u0101veic valsts nodevas maks\u0101jums atbilsto\u0161i <a href=\"https:\/\/likumi.lv\/ta\/id\/324592\" target=\"_blank\" rel=\"noopener\">Ministru kabineta 2021.gada 6.j\u016blija noteikumu Nr. 485 \u201cNoteikumi par valsts nodevu par inform\u0101cijas sa\u0146em\u0161anu no Fizisko personu re\u0123istra\u201d<\/a> 2.6.punkt\u0101 noteiktajam, k\u0101 ar\u012b maksas pakalpojumu apmaksa atbilsto\u0161i <a href=\"https:\/\/likumi.lv\/ta\/id\/345475-pilsonibas-un-migracijas-lietu-parvaldes-maksas-pakalpojumu-cenradis\" target=\"_blank\" rel=\"noopener\">Ministru kabineta 2023.gada 12.septembra noteikumos Nr.515 \u201cPilson\u012bbas un migr\u0101cijas lietu p\u0101rvaldes maksas pakalpojumu cenr\u0101dis\u201d<\/a> noteiktajam maksas poz\u012bcij\u0101m;<\/li>\n<li data-list=\"bullet\">Ja atbilsto\u0161i speci\u0101laj\u0101 normat\u012bvaj\u0101 akt\u0101 noteiktajam klients ir atbr\u012bvojams no valsts nodevas apmaksas, tad attiec\u012bb\u0101 uz klientu ir piem\u0113rojama tikai maksas pakalpojumu apmaksa atbilsto\u0161i <a href=\"https:\/\/likumi.lv\/ta\/id\/345475-pilsonibas-un-migracijas-lietu-parvaldes-maksas-pakalpojumu-cenradis\" target=\"_blank\" rel=\"noopener\">Ministru kabineta 2023.gada 12.septembra noteikumos Nr.515 \u201cPilson\u012bbas un migr\u0101cijas lietu p\u0101rvaldes maksas pakalpojumu cenr\u0101dis\u201d<\/a> noteiktajam maksas poz\u012bcij\u0101m;<\/li>\n<li data-list=\"bullet\">Ja attiec\u012bb\u0101 uz sadarb\u012bbu starp PMLP un klientu ir piem\u0113rojams <a href=\"https:\/\/xn--valsts%20prvaldes%20iekrtas%20likums,%2054-1sen.%20pants.%20https\/\/likumi.lv\/ta\/id\/63545#p54\" target=\"_blank\" rel=\"noopener\">Valsts p\u0101rvaldes likuma<\/a> 54.panta tre\u0161aj\u0101 da\u013c\u0101 noteiktais, tad sadarb\u012bba starp PMLP un klientu notiek bez maksas.<\/li>\n<\/ul>\n<\/div><\/div><\/div><\/section>\n<\/div>\n","protected":false},"excerpt":{"rendered":"","protected":false},"author":1,"featured_media":0,"parent":61,"menu_order":0,"comment_status":"closed","ping_status":"closed","template":"","meta":{"inline_featured_image":false,"footnotes":""},"class_list":["post-270","page","type-page","status-publish","hentry"],"_links":{"self":[{"href":"https:\/\/zinasnofpris.pmlp.gov.lv\/index.php?rest_route=\/wp\/v2\/pages\/270","targetHints":{"allow":["GET"]}}],"collection":[{"href":"https:\/\/zinasnofpris.pmlp.gov.lv\/index.php?rest_route=\/wp\/v2\/pages"}],"about":[{"href":"https:\/\/zinasnofpris.pmlp.gov.lv\/index.php?rest_route=\/wp\/v2\/types\/page"}],"author":[{"embeddable":true,"href":"https:\/\/zinasnofpris.pmlp.gov.lv\/index.php?rest_route=\/wp\/v2\/users\/1"}],"replies":[{"embeddable":true,"href":"https:\/\/zinasnofpris.pmlp.gov.lv\/index.php?rest_route=%2Fwp%2Fv2%2Fcomments&post=270"}],"version-history":[{"count":5,"href":"https:\/\/zinasnofpris.pmlp.gov.lv\/index.php?rest_route=\/wp\/v2\/pages\/270\/revisions"}],"predecessor-version":[{"id":338,"href":"https:\/\/zinasnofpris.pmlp.gov.lv\/index.php?rest_route=\/wp\/v2\/pages\/270\/revisions\/338"}],"up":[{"embeddable":true,"href":"https:\/\/zinasnofpris.pmlp.gov.lv\/index.php?rest_route=\/wp\/v2\/pages\/61"}],"wp:attachment":[{"href":"https:\/\/zinasnofpris.pmlp.gov.lv\/index.php?rest_route=%2Fwp%2Fv2%2Fmedia&parent=270"}],"curies":[{"name":"wp","href":"https:\/\/api.w.org\/{rel}","templated":true}]}}