{"id":220,"date":"2024-02-21T14:21:42","date_gmt":"2024-02-21T12:21:42","guid":{"rendered":"https:\/\/zinasnofpris.pmlp.gov.lv\/?page_id=220"},"modified":"2024-04-25T09:29:16","modified_gmt":"2024-04-25T06:29:16","slug":"eiropas-savienibas-daudzvalodu-standarta-veidlapa-2","status":"publish","type":"page","link":"https:\/\/zinasnofpris.pmlp.gov.lv\/?page_id=220","title":{"rendered":"Datu mas\u012bva apstr\u0101des pakalpojuma shematisks apraksts"},"content":{"rendered":"<section  class='av_textblock_section av-8wkvi-d7f6870fdd95519841de031d1f7e0513 '   itemscope=\"itemscope\" itemtype=\"https:\/\/schema.org\/CreativeWork\" ><div class='avia_textblock'  itemprop=\"text\" ><p>DATU MAS\u012aVA APSTR\u0100DES PAKALPOJUMA SHEMATISKS APRAKSTS<\/p>\n<\/div><\/section>\n<div  class='avia-buttonrow-wrap av-lsvvp0ga-b587018733484765f26d18275c7a4af2 avia-buttonrow-left  avia-builder-el-1  el_after_av_textblock  el_before_av_hr '>\n\n<style type=\"text\/css\" data-created_by=\"avia_inline_auto\" id=\"style-css-av-av_buttonrow_item-bb55325d6b16c499492ffe5c256f6995\">\n#top #wrap_all .avia-button.av-av_buttonrow_item-bb55325d6b16c499492ffe5c256f6995{\nmargin-bottom:5px;\nmargin-right:5px;\n}\n<\/style>\n<a href='https:\/\/zinasnofpris.pmlp.gov.lv\/'  class='avia-button av-av_buttonrow_item-bb55325d6b16c499492ffe5c256f6995 avia-icon_select-yes-right-icon avia-size-small avia-color-theme-color'   aria-label=\"S\u0100KUMS\"><span class='avia_iconbox_title' >S\u0100KUMS<\/span><span class='avia_button_icon avia_button_icon_right avia-iconfont avia-font-entypo-fontello' data-av_icon='\ue87d' data-av_iconfont='entypo-fontello' ><\/span><\/a>\n\n<style type=\"text\/css\" data-created_by=\"avia_inline_auto\" id=\"style-css-av-av_buttonrow_item-a4869815a1b9127729a62a6f0a5a8230\">\n#top #wrap_all .avia-button.av-av_buttonrow_item-a4869815a1b9127729a62a6f0a5a8230{\nmargin-bottom:5px;\nmargin-right:5px;\n}\n<\/style>\n<a href='https:\/\/zinasnofpris.pmlp.gov.lv\/?page_id=59'  class='avia-button av-av_buttonrow_item-a4869815a1b9127729a62a6f0a5a8230 avia-icon_select-yes-right-icon avia-size-small avia-color-theme-color'   aria-label=\"DATU MAS\u012aVA APSTR\u0100DE\"><span class='avia_iconbox_title' >DATU MAS\u012aVA APSTR\u0100DE<\/span><span class='avia_button_icon avia_button_icon_right avia-iconfont avia-font-entypo-fontello' data-av_icon='\ue87d' data-av_iconfont='entypo-fontello' ><\/span><\/a>\n\n<style type=\"text\/css\" data-created_by=\"avia_inline_auto\" id=\"style-css-av-lsvvowta-478c2ea4e4195aec6eb86b9defd2d189\">\n#top #wrap_all .avia-button.av-lsvvowta-478c2ea4e4195aec6eb86b9defd2d189{\nbackground-color:#ed8b75;\nborder-color:#ed8b75;\ncolor:#ffffff;\ntransition:all 0.4s ease-in-out;\nmargin-bottom:5px;\nmargin-right:5px;\n}\n#top #wrap_all .avia-button.av-lsvvowta-478c2ea4e4195aec6eb86b9defd2d189 .avia-svg-icon svg:first-child{\nfill:#ffffff;\nstroke:#ffffff;\n}\n<\/style>\n<a href='#'  class='avia-button av-lsvvowta-478c2ea4e4195aec6eb86b9defd2d189 avia-icon_select-no avia-size-small'   aria-label=\"SHEMATISKS APRAKSTS\"><span class='avia_iconbox_title' >SHEMATISKS APRAKSTS<\/span><\/a>\n<\/div>\n\n<style type=\"text\/css\" data-created_by=\"avia_inline_auto\" id=\"style-css-av-51ada-0c30f21c5fa1772a87baa1d639e082c4\">\n#top .hr.hr-invisible.av-51ada-0c30f21c5fa1772a87baa1d639e082c4{\nheight:30px;\n}\n<\/style>\n<div  class='hr av-51ada-0c30f21c5fa1772a87baa1d639e082c4 hr-invisible  avia-builder-el-2  el_after_av_buttonrow  el_before_av_one_fifth '><span class='hr-inner '><span class=\"hr-inner-style\"><\/span><\/span><\/div>\n<div  class='flex_column av-fg158-2a2ad3af9d13cbebf8b6fcc34cd36b72 av_one_fifth  avia-builder-el-3  el_after_av_hr  el_before_av_three_fifth  first flex_column_div  '     ><\/div>\n<div  class='flex_column av-buzat-dc8f215f3108610dd755a261f54987ef av_three_fifth  avia-builder-el-4  el_after_av_one_fifth  avia-builder-el-last  flex_column_div  '     ><p><section  class='av_textblock_section av-lsvtflfp-2e64bda8edc0f5b59b6363f9e7c05dbd '   itemscope=\"itemscope\" itemtype=\"https:\/\/schema.org\/CreativeWork\" ><div class='avia_textblock'  itemprop=\"text\" ><p><img decoding=\"async\" class=\"alignnone size-full wp-image-236\" src=\"https:\/\/zinasnofpris.pmlp.gov.lv\/wp-content\/uploads\/2024\/02\/datu-masivs-grafiks4.svg\" alt=\"\" \/><\/p>\n<\/div><\/section><br \/>\n<section  class='av_textblock_section av-lsvkmtso-fbc3e09ff46ccf9b5cb83a32c2d6ae0a '   itemscope=\"itemscope\" itemtype=\"https:\/\/schema.org\/CreativeWork\" ><div class='avia_textblock saites-fpr'  itemprop=\"text\" ><p><em>* Piepras\u012bjum\u0101 nor\u0101d\u0101ma inform\u0101cija atbilsto\u0161i Ministru kabineta 2021. gada 17. augusta noteikumu Nr. 563 &#8220;Fizisko personu re\u0123istr\u0101 iek\u013cauto zi\u0146u izsnieg\u0161anas k\u0101rt\u012bba&#8221; 6. punkt\u0101 noteiktajam.<\/em><\/p>\n<p><em>** Attiecas uz iest\u0101d\u0113m, kas atrodas da\u017e\u0101du Ministru kabineta locek\u013cu padot\u012bb\u0101.<\/em><\/p>\n<p><em>*** Neattiecas uz klientiem, kas ir atbr\u012bvojami no samaksas pien\u0101kuma Valsts p\u0101rvaldes iek\u0101rtas likuma izpratn\u0113.<\/em><\/p>\n<\/div><\/section><br \/>\n<div  class='avia-button-wrap av-13gcm-b4305cd2c981f5a820af042452cc6631-wrap avia-button-left  avia-builder-el-7  el_after_av_textblock  avia-builder-el-last '>\n<style type=\"text\/css\" data-created_by=\"avia_inline_auto\" id=\"style-css-av-13gcm-b4305cd2c981f5a820af042452cc6631\">\n#top #wrap_all .avia-button.av-13gcm-b4305cd2c981f5a820af042452cc6631{\nbackground-color:#ed8b75;\nborder-color:#ed8b75;\ncolor:#ffffff;\ntransition:all 0.4s ease-in-out;\n}\n#top #wrap_all .avia-button.av-13gcm-b4305cd2c981f5a820af042452cc6631 .avia-svg-icon svg:first-child{\nfill:#ffffff;\nstroke:#ffffff;\n}\n<\/style>\n<a href='https:\/\/zinasnofpris.pmlp.gov.lv\/'  class='avia-button av-13gcm-b4305cd2c981f5a820af042452cc6631 av-link-btn avia-icon_select-yes-left-icon avia-size-small avia-position-left'   aria-label=\"UZ S\u0100KUMU\"><span class='avia_button_icon avia_button_icon_left avia-iconfont avia-font-entypo-fontello' data-av_icon='\ue87c' data-av_iconfont='entypo-fontello' ><\/span><span class='avia_iconbox_title' >UZ S\u0100KUMU<\/span><\/a><\/div><\/p><\/div>\n","protected":false},"excerpt":{"rendered":"","protected":false},"author":1,"featured_media":0,"parent":59,"menu_order":1,"comment_status":"closed","ping_status":"closed","template":"","meta":{"inline_featured_image":false,"footnotes":""},"class_list":["post-220","page","type-page","status-publish","hentry"],"_links":{"self":[{"href":"https:\/\/zinasnofpris.pmlp.gov.lv\/index.php?rest_route=\/wp\/v2\/pages\/220","targetHints":{"allow":["GET"]}}],"collection":[{"href":"https:\/\/zinasnofpris.pmlp.gov.lv\/index.php?rest_route=\/wp\/v2\/pages"}],"about":[{"href":"https:\/\/zinasnofpris.pmlp.gov.lv\/index.php?rest_route=\/wp\/v2\/types\/page"}],"author":[{"embeddable":true,"href":"https:\/\/zinasnofpris.pmlp.gov.lv\/index.php?rest_route=\/wp\/v2\/users\/1"}],"replies":[{"embeddable":true,"href":"https:\/\/zinasnofpris.pmlp.gov.lv\/index.php?rest_route=%2Fwp%2Fv2%2Fcomments&post=220"}],"version-history":[{"count":5,"href":"https:\/\/zinasnofpris.pmlp.gov.lv\/index.php?rest_route=\/wp\/v2\/pages\/220\/revisions"}],"predecessor-version":[{"id":244,"href":"https:\/\/zinasnofpris.pmlp.gov.lv\/index.php?rest_route=\/wp\/v2\/pages\/220\/revisions\/244"}],"up":[{"embeddable":true,"href":"https:\/\/zinasnofpris.pmlp.gov.lv\/index.php?rest_route=\/wp\/v2\/pages\/59"}],"wp:attachment":[{"href":"https:\/\/zinasnofpris.pmlp.gov.lv\/index.php?rest_route=%2Fwp%2Fv2%2Fmedia&parent=220"}],"curies":[{"name":"wp","href":"https:\/\/api.w.org\/{rel}","templated":true}]}}