{"id":192,"date":"2024-02-16T16:34:26","date_gmt":"2024-02-16T14:34:26","guid":{"rendered":"https:\/\/zinasnofpris.pmlp.gov.lv\/?page_id=192"},"modified":"2024-04-25T09:25:26","modified_gmt":"2024-04-25T06:25:26","slug":"e-pakalpojums-2","status":"publish","type":"page","link":"https:\/\/zinasnofpris.pmlp.gov.lv\/?page_id=192","title":{"rendered":"Par re\u0123istr\u0113taj\u0101m person\u0101m nekustamaj\u0101 \u012bpa\u0161um\u0101"},"content":{"rendered":"<section  class='av_textblock_section av-lsoo4fm1-48c10c3a1257ce796de45a50ddc9b7e8 '   itemscope=\"itemscope\" itemtype=\"https:\/\/schema.org\/CreativeWork\" ><div class='avia_textblock'  itemprop=\"text\" ><p>PAR RE\u0122ISTR\u0112TAJ\u0100M PERSON\u0100M NEKUSTAMAJ\u0100 \u012aPA\u0160UM\u0100<\/p>\n<\/div><\/section>\n<div  class='avia-buttonrow-wrap av-lsoqq9qm-0ef3272987c5b6725fb9842f4a95b16e avia-buttonrow-left  avia-builder-el-1  el_after_av_textblock  el_before_av_hr '>\n\n<style type=\"text\/css\" data-created_by=\"avia_inline_auto\" id=\"style-css-av-an6wa-9bf698f2ab691a0a71b158e505a0f130\">\n#top #wrap_all .avia-button.av-an6wa-9bf698f2ab691a0a71b158e505a0f130{\nmargin-bottom:5px;\nmargin-right:5px;\n}\n<\/style>\n<a href='https:\/\/zinasnofpris.pmlp.gov.lv\/'  class='avia-button av-an6wa-9bf698f2ab691a0a71b158e505a0f130 avia-icon_select-yes-right-icon avia-size-small avia-color-theme-color'   aria-label=\"S\u0100KUMS\"><span class='avia_iconbox_title' >S\u0100KUMS<\/span><span class='avia_button_icon avia_button_icon_right avia-iconfont avia-font-entypo-fontello' data-av_icon='\ue87d' data-av_iconfont='entypo-fontello' ><\/span><\/a>\n\n<style type=\"text\/css\" data-created_by=\"avia_inline_auto\" id=\"style-css-av-lsoqpics-34320192222de0167f404c29d2992a2f\">\n#top #wrap_all .avia-button.av-lsoqpics-34320192222de0167f404c29d2992a2f{\nmargin-bottom:5px;\nmargin-right:5px;\n}\n<\/style>\n<a href='https:\/\/zinasnofpris.pmlp.gov.lv\/?page_id=57'  class='avia-button av-lsoqpics-34320192222de0167f404c29d2992a2f avia-icon_select-yes-right-icon avia-size-small avia-color-theme-color'   aria-label=\"E-PAKALPOJUMI\"><span class='avia_iconbox_title' >E-PAKALPOJUMI<\/span><span class='avia_button_icon avia_button_icon_right avia-iconfont avia-font-entypo-fontello' data-av_icon='\ue87d' data-av_iconfont='entypo-fontello' ><\/span><\/a>\n\n<style type=\"text\/css\" data-created_by=\"avia_inline_auto\" id=\"style-css-av-lsoqpzn1-87180f1c2fd4570e10fbcfadac2848c3\">\n#top #wrap_all .avia-button.av-lsoqpzn1-87180f1c2fd4570e10fbcfadac2848c3{\nbackground-color:#f2c947;\nborder-color:#f2c947;\ncolor:#ffffff;\ntransition:all 0.4s ease-in-out;\nmargin-bottom:5px;\nmargin-right:5px;\n}\n#top #wrap_all .avia-button.av-lsoqpzn1-87180f1c2fd4570e10fbcfadac2848c3 .avia-svg-icon svg:first-child{\nfill:#ffffff;\nstroke:#ffffff;\n}\n<\/style>\n<a href='#'  class='avia-button av-lsoqpzn1-87180f1c2fd4570e10fbcfadac2848c3 avia-icon_select-no avia-size-small'   aria-label=\"SA\u0145EM\u0160ANA\"><span class='avia_iconbox_title' >SA\u0145EM\u0160ANA<\/span><\/a>\n<\/div>\n\n<style type=\"text\/css\" data-created_by=\"avia_inline_auto\" id=\"style-css-av-27gjd-b7f40afab39d94eb77d80b4be44c8361\">\n#top .hr.hr-invisible.av-27gjd-b7f40afab39d94eb77d80b4be44c8361{\nheight:30px;\n}\n<\/style>\n<div  class='hr av-27gjd-b7f40afab39d94eb77d80b4be44c8361 hr-invisible  avia-builder-el-2  el_after_av_buttonrow  el_before_av_iconlist '><span class='hr-inner '><span class=\"hr-inner-style\"><\/span><\/span><\/div>\n\n<style type=\"text\/css\" data-created_by=\"avia_inline_auto\" id=\"style-css-av-lsor3mf1-3a5985857b4e4e755d74372ff08efd52\">\n#top .avia-icon-list-container.av-lsor3mf1-3a5985857b4e4e755d74372ff08efd52 .iconlist_icon{\nbackground-color:#f2c947;\n}\n<\/style>\n<div  class='avia-icon-list-container av-lsor3mf1-3a5985857b4e4e755d74372ff08efd52  avia-builder-el-3  el_after_av_hr  el_before_av_hr  saites-fpr'><ul class='avia-icon-list avia_animate_when_almost_visible avia-icon-list-left av-iconlist-big av-lsor3mf1-3a5985857b4e4e755d74372ff08efd52 avia-iconlist-animate'>\n<li><div class='iconlist_icon av-lsor3kwg-ba69900367984587452c7edf4ded12de avia-font-entypo-fontello avia-iconfont avia-font-entypo-fontello'><span class='av-icon-char' data-av_icon='\ue822' data-av_iconfont='entypo-fontello' aria-hidden=\"true\"><\/span><\/div><article class=\"article-icon-entry \"  itemscope=\"itemscope\" itemtype=\"https:\/\/schema.org\/CreativeWork\" ><div class=\"iconlist_content_wrap\"><header class=\"entry-content-header\" aria-label=\"Icon: Man\u0101 \u012bpa\u0161um\u0101 deklar\u0113t\u0101s un papildu adresi nor\u0101d\u012bju\u0161\u0101s personas\"><h4 class='av_iconlist_title iconlist_title  '  itemprop=\"headline\" >Man\u0101 \u012bpa\u0161um\u0101 deklar\u0113t\u0101s un papildu adresi nor\u0101d\u012bju\u0161\u0101s personas<\/h4><\/header><div class='iconlist_content '  itemprop=\"text\" ><p><a href=\"https:\/\/latvija.gov.lv\/Services\/12306\" target=\"_blank\" rel=\"noopener\">https:\/\/latvija.gov.lv\/Services\/12306<\/a><\/p>\n<\/div><\/div><footer class=\"entry-footer\"><\/footer><\/article><div class=\"iconlist-timeline\"><\/div><\/li>\n<\/ul><\/div>\n\n<style type=\"text\/css\" data-created_by=\"avia_inline_auto\" id=\"style-css-av-lsor4pby-f39d1e68402ab30b7a851455e4d364ab\">\n#top .hr.hr-invisible.av-lsor4pby-f39d1e68402ab30b7a851455e4d364ab{\nheight:200px;\n}\n<\/style>\n<div  class='hr av-lsor4pby-f39d1e68402ab30b7a851455e4d364ab hr-invisible  avia-builder-el-4  el_after_av_iconlist  avia-builder-el-last '><span class='hr-inner '><span class=\"hr-inner-style\"><\/span><\/span><\/div>\n","protected":false},"excerpt":{"rendered":"","protected":false},"author":1,"featured_media":0,"parent":57,"menu_order":1,"comment_status":"closed","ping_status":"closed","template":"","meta":{"inline_featured_image":false,"footnotes":""},"class_list":["post-192","page","type-page","status-publish","hentry"],"_links":{"self":[{"href":"https:\/\/zinasnofpris.pmlp.gov.lv\/index.php?rest_route=\/wp\/v2\/pages\/192","targetHints":{"allow":["GET"]}}],"collection":[{"href":"https:\/\/zinasnofpris.pmlp.gov.lv\/index.php?rest_route=\/wp\/v2\/pages"}],"about":[{"href":"https:\/\/zinasnofpris.pmlp.gov.lv\/index.php?rest_route=\/wp\/v2\/types\/page"}],"author":[{"embeddable":true,"href":"https:\/\/zinasnofpris.pmlp.gov.lv\/index.php?rest_route=\/wp\/v2\/users\/1"}],"replies":[{"embeddable":true,"href":"https:\/\/zinasnofpris.pmlp.gov.lv\/index.php?rest_route=%2Fwp%2Fv2%2Fcomments&post=192"}],"version-history":[{"count":3,"href":"https:\/\/zinasnofpris.pmlp.gov.lv\/index.php?rest_route=\/wp\/v2\/pages\/192\/revisions"}],"predecessor-version":[{"id":201,"href":"https:\/\/zinasnofpris.pmlp.gov.lv\/index.php?rest_route=\/wp\/v2\/pages\/192\/revisions\/201"}],"up":[{"embeddable":true,"href":"https:\/\/zinasnofpris.pmlp.gov.lv\/index.php?rest_route=\/wp\/v2\/pages\/57"}],"wp:attachment":[{"href":"https:\/\/zinasnofpris.pmlp.gov.lv\/index.php?rest_route=%2Fwp%2Fv2%2Fmedia&parent=192"}],"curies":[{"name":"wp","href":"https:\/\/api.w.org\/{rel}","templated":true}]}}